{"id":225663,"date":"2022-09-20T20:34:12","date_gmt":"2022-09-20T19:34:12","guid":{"rendered":"https:\/\/www.moskito.cz\/?post_type=product&#038;p=225663"},"modified":"2025-11-27T08:05:26","modified_gmt":"2025-11-27T07:05:26","slug":"zaviraci-nuz-zero-tolerance-0707-cf-ti-handle","status":"publish","type":"product","link":"https:\/\/www.moskito.cz\/sk\/produkt\/zaviraci-nuz-zero-tolerance-0707-cf-ti-handle\/","title":{"rendered":"Zav\u00edrac\u00ed N\u016f\u017e Zero Tolerance 0707 CF\/TI HANDLE"},"content":{"rendered":"<p>Zav\u00edrac\u00ed N\u016f\u017e <strong>Zero Tolerance<\/strong> 0707 CF\/TI HANDLE.<\/p>\n<p>Nalezen\u00ed dokonal\u00e9 rovnov\u00e1hy mezi velk\u00fdm a mal\u00fdm, 0707 nab\u00edz\u00ed sv\u00fdm pr\u00e9miov\u00fdm vzhledem a \u0159ezn\u00fdm v\u00fdkonem n\u011bco pro ka\u017ed\u00e9ho. Jeho elegantn\u00ed profil se pohodln\u011b dr\u017e\u00ed v ruce a z\u00e1rove\u0148 zachov\u00e1v\u00e1 n\u00edzk\u00fd profil v kapse. P\u0159esto jeho 3,5palcov\u00fd kotou\u010d nab\u00edz\u00ed zna\u010dnou hranu pro v\u011bt\u0161inu \u0159ezn\u00fdch \u00fakol\u016f. Nav\u00edc, jako prvn\u00ed v \u0159ad\u011b s nulovou toleranc\u00ed, maj\u00ed u\u017eivatel\u00e9 p\u0159\u00edstup k \u010depeli pomoc\u00ed syst\u00e9mu Tuned Detent System (TDS\u2122) od ZT, kter\u00fd umo\u017e\u0148uje otev\u0159en\u00ed no\u017ee i p\u0159i tlaku na zaji\u0161\u0165ovac\u00ed ty\u010d. Tuto inovaci ZT nabitou funkcemi zavr\u0161uje oboustrann\u00e1 spona s extra hlubokou kapsou, stupnice rukojeti z uhl\u00edkov\u00fdch vl\u00e1ken a ocel \u010depele CPM 20CV.<\/p>\n<p>Vyrobeno v USA<br \/>\nTuned Detent System (TDS\u2122) n\u00e1m umo\u017e\u0148uje jemn\u011b vyladit aretaci tak, aby nebyla p\u0159\u00edli\u0161 t\u011b\u017ek\u00e1, ani p\u0159\u00edli\u0161 lehk\u00e1 a poskytovala konzistentn\u00ed otev\u00edr\u00e1n\u00ed, i kdy\u017e je na z\u00e1mek vyv\u00edjen tlak.<br \/>\n\u010cepel Drop Point se vyzna\u010duje ploch\u00fdm brou\u0161en\u00edm po cel\u00e9 \u0161\u00ed\u0159ce pro p\u0159esn\u00e9 kr\u00e1jen\u00ed<br \/>\nOcel \u010depele CPM 20CV nab\u00edz\u00ed v\u00fdjime\u010dnou tvrdost, odolnost proti opot\u0159eben\u00ed, zachov\u00e1n\u00ed ost\u0159\u00ed; Stonewashed povrch pom\u00e1h\u00e1 skr\u00fdt \u0161kr\u00e1bance od pou\u017e\u00edv\u00e1n\u00ed<br \/>\nExtra hlubok\u00e1 kapesn\u00ed spona poskytuje pohodln\u00e9 no\u0161en\u00ed s n\u00edzk\u00fdm profilem<br \/>\n\u010c\u00e1ste\u010dn\u011b opracovan\u00e1 rukoje\u0165 z uhl\u00edkov\u00fdch vl\u00e1ken vypad\u00e1 elegantn\u011b a pohodln\u011b se dr\u017e\u00ed v ruce<\/p>\n<p>Typ Manu\u00e1l<br \/>\nPou\u017e\u00edvejte ka\u017ed\u00fd den<br \/>\nStylov\u00fd kapesn\u00ed n\u016f\u017e<br \/>\nDesign\u00e9r ZT Originals<br \/>\nBod p\u00e1du ve stylu \u010depele<br \/>\nBlade Edge Plain<br \/>\nOtev\u00edr\u00e1n\u00ed Ru\u010dn\u00ed kuli\u010dkov\u00e1 lo\u017eiska KVT<br \/>\nOtev\u00edr\u00e1 pomoc\u00ed Flipper<br \/>\nTyp z\u00e1mku Titanov\u00fd r\u00e1mov\u00fd z\u00e1mek, vlo\u017eka z\u00e1mku z tvrzen\u00e9 oceli<br \/>\nKapesn\u00ed spona Oboustrann\u00e9 extra hlubok\u00e9 no\u0161en\u00ed (prav\u00e1\/lev\u00e1, skl\u00e1p\u011bc\u00ed)<br \/>\nVyrobeno v USA Ano<br \/>\nHardware Oto\u010dn\u00e1 matice z p\u00edskovan\u00e9 oceli, rozp\u011brky z p\u00edskovan\u00e9 oceli, \u0161rouby z brun\u00fdrovan\u00e9 oceli<\/p>\n<p>\u010cepel ocel CPM 20CV<br \/>\nD\u00e9lka \u010depele 3,5 palce (8,9 cm)<br \/>\nPovrchov\u00e1 \u00faprava \u010depele\/ potah Povrchov\u00e1 \u00faprava Stonewash<br \/>\nTlou\u0161\u0165ka \u010depele 0,121 palce (0,31 cm)<br \/>\nD\u00e9lka v zav\u0159en\u00e9m stavu 4,6 palce (11,7 cm)<br \/>\nMateri\u00e1l rukojeti \u010c\u00e1ste\u010dn\u011b 3D obroben\u00e9 uhl\u00edkov\u00e9 vl\u00e1kno, titanov\u00e1 h\u0159bet<br \/>\nBarva rukojeti \u010cern\u00e1<br \/>\nPovrchov\u00e1 \u00faprava rukojeti\/Povlak H\u0159bet s povrchovou \u00fapravou Stonewash<br \/>\nTlou\u0161\u0165ka rukojeti 0,43 palce (10,9 mm)<br \/>\nCelkov\u00e1 d\u00e9lka 8,25 palce (21 cm)<br \/>\nHmotnost 2,3 oz. (68 g)<\/p>\n<p>&nbsp;<\/p>\n<p><iframe title=\"Introducing The Zero Tolerance 0707\" width=\"800\" height=\"450\" src=\"https:\/\/www.youtube.com\/embed\/KYG_80P0MCw?feature=oembed\" frameborder=\"0\" allow=\"accelerometer; autoplay; clipboard-write; encrypted-media; gyroscope; picture-in-picture\" allowfullscreen><\/iframe><\/p>\n<p>&nbsp;<\/p>\n","protected":false},"excerpt":{"rendered":"<p>Budeme i nad\u00e1le stav\u011bt profesion\u00e1ln\u00ed no\u017ee pr\u00e9miov\u00e9 kvality, na kter\u00e9 se na\u0161i z\u00e1kazn\u00edci mohou ka\u017ed\u00fd den spolehnout!!<\/p>\n<p><strong>To je Zero Tolerance!!<\/strong><\/p>\n<p><strong>Doprava zdarma.<\/strong><\/p>\n","protected":false},"featured_media":225667,"comment_status":"open","ping_status":"closed","template":"","meta":[],"pwb-brand":[717],"product_brand":[],"product_cat":[22,17],"product_tag":[],"class_list":{"0":"post-225663","1":"product","2":"type-product","3":"status-publish","4":"has-post-thumbnail","6":"pwb-brand-zero-tolerance","7":"product_cat-zaviraci-noze","8":"product_cat-noze","10":"first","11":"instock","12":"sale","13":"taxable","14":"shipping-taxable","15":"purchasable","16":"product-type-simple"},"brands":[{"id":717,"name":"Zero Tolerance","slug":"zero-tolerance"}],"_links":{"self":[{"href":"https:\/\/www.moskito.cz\/sk\/wp-json\/wp\/v2\/product\/225663","targetHints":{"allow":["GET"]}}],"collection":[{"href":"https:\/\/www.moskito.cz\/sk\/wp-json\/wp\/v2\/product"}],"about":[{"href":"https:\/\/www.moskito.cz\/sk\/wp-json\/wp\/v2\/types\/product"}],"replies":[{"embeddable":true,"href":"https:\/\/www.moskito.cz\/sk\/wp-json\/wp\/v2\/comments?post=225663"}],"wp:featuredmedia":[{"embeddable":true,"href":"https:\/\/www.moskito.cz\/sk\/wp-json\/wp\/v2\/media\/225667"}],"wp:attachment":[{"href":"https:\/\/www.moskito.cz\/sk\/wp-json\/wp\/v2\/media?parent=225663"}],"wp:term":[{"taxonomy":"pwb-brand","embeddable":true,"href":"https:\/\/www.moskito.cz\/sk\/wp-json\/wp\/v2\/pwb-brand?post=225663"},{"taxonomy":"product_brand","embeddable":true,"href":"https:\/\/www.moskito.cz\/sk\/wp-json\/wp\/v2\/product_brand?post=225663"},{"taxonomy":"product_cat","embeddable":true,"href":"https:\/\/www.moskito.cz\/sk\/wp-json\/wp\/v2\/product_cat?post=225663"},{"taxonomy":"product_tag","embeddable":true,"href":"https:\/\/www.moskito.cz\/sk\/wp-json\/wp\/v2\/product_tag?post=225663"}],"curies":[{"name":"wp","href":"https:\/\/api.w.org\/{rel}","templated":true}]}}