{"id":226394,"date":"2022-09-28T20:35:27","date_gmt":"2022-09-28T19:35:27","guid":{"rendered":"https:\/\/www.moskito.cz\/?post_type=product&#038;p=226394"},"modified":"2025-05-07T10:41:10","modified_gmt":"2025-05-07T09:41:10","slug":"zaviraci-nuz-magnum-classic-pocket-steel","status":"publish","type":"product","link":"https:\/\/www.moskito.cz\/sk\/produkt\/zaviraci-nuz-magnum-classic-pocket-steel\/","title":{"rendered":"Zav\u00edrac\u00ed N\u016f\u017e Magnum Classic Pocket Steel 01MB334"},"content":{"rendered":"<p>Zav\u00edrac\u00ed N\u016f\u017e<strong> Magnum<\/strong> Classic Pocket Steel 01MB334.<\/p>\n<p>U\u017eite\u010dn\u00fd a praktick\u00fd kapesn\u00ed n\u016f\u017e. \u010cepele jsou vyrobeny z nerezov\u00e9 oceli 440 , stejn\u011b jako otv\u00edr\u00e1k na l\u00e1hve a konzervy, co\u017e zaru\u010duje dlouhou \u017eivotnost. Kov\u00e1n\u00ed je vyrobeno z oceli a krou\u017eek je ide\u00e1ln\u00ed pro \u0161\u0148\u016frku nebo p\u0159\u00edv\u011bsek na kl\u00ed\u010de. S rukojet\u00ed z prav\u00e9ho palisandru .<\/p>\n<p>Celkov\u00e1 d\u00e9lka: 16 cm<br \/>\nD\u00e9lka \u010depele: 6.5 mm<br \/>\nHmotnost: 82 g<br \/>\nMateri\u00e1l rukojeti: Palisandr<\/p>\n","protected":false},"excerpt":{"rendered":"<p><strong>U\u017eite\u010dn\u00fd a praktick\u00fd kapesn\u00ed n\u016f\u017e.<\/strong><\/p>\n","protected":false},"featured_media":226395,"comment_status":"open","ping_status":"closed","template":"","meta":[],"pwb-brand":[140],"product_brand":[],"product_cat":[22,17],"product_tag":[3667],"class_list":{"0":"post-226394","1":"product","2":"type-product","3":"status-publish","4":"has-post-thumbnail","6":"pwb-brand-boker","7":"product_cat-zaviraci-noze","8":"product_cat-noze","9":"product_tag-b2b","11":"first","12":"instock","13":"taxable","14":"shipping-taxable","15":"purchasable","16":"product-type-simple"},"brands":[{"id":140,"name":"Boker","slug":"boker"}],"_links":{"self":[{"href":"https:\/\/www.moskito.cz\/sk\/wp-json\/wp\/v2\/product\/226394","targetHints":{"allow":["GET"]}}],"collection":[{"href":"https:\/\/www.moskito.cz\/sk\/wp-json\/wp\/v2\/product"}],"about":[{"href":"https:\/\/www.moskito.cz\/sk\/wp-json\/wp\/v2\/types\/product"}],"replies":[{"embeddable":true,"href":"https:\/\/www.moskito.cz\/sk\/wp-json\/wp\/v2\/comments?post=226394"}],"wp:featuredmedia":[{"embeddable":true,"href":"https:\/\/www.moskito.cz\/sk\/wp-json\/wp\/v2\/media\/226395"}],"wp:attachment":[{"href":"https:\/\/www.moskito.cz\/sk\/wp-json\/wp\/v2\/media?parent=226394"}],"wp:term":[{"taxonomy":"pwb-brand","embeddable":true,"href":"https:\/\/www.moskito.cz\/sk\/wp-json\/wp\/v2\/pwb-brand?post=226394"},{"taxonomy":"product_brand","embeddable":true,"href":"https:\/\/www.moskito.cz\/sk\/wp-json\/wp\/v2\/product_brand?post=226394"},{"taxonomy":"product_cat","embeddable":true,"href":"https:\/\/www.moskito.cz\/sk\/wp-json\/wp\/v2\/product_cat?post=226394"},{"taxonomy":"product_tag","embeddable":true,"href":"https:\/\/www.moskito.cz\/sk\/wp-json\/wp\/v2\/product_tag?post=226394"}],"curies":[{"name":"wp","href":"https:\/\/api.w.org\/{rel}","templated":true}]}}