{"id":226578,"date":"2022-09-29T20:31:33","date_gmt":"2022-09-29T19:31:33","guid":{"rendered":"https:\/\/www.moskito.cz\/produkt\/vystrelovaci-noz-microtech-sandtrooper-exocet-157-3sa\/"},"modified":"2025-05-07T10:41:14","modified_gmt":"2025-05-07T09:41:14","slug":"vystrelovaci-noz-microtech-sandtrooper-exocet-157-3sa","status":"publish","type":"product","link":"https:\/\/www.moskito.cz\/sk\/produkt\/vystrelovaci-noz-microtech-sandtrooper-exocet-157-3sa\/","title":{"rendered":"Vystre\u013eovac\u00ed N\u00f4\u017e Microtech Sandtrooper Exocet 157-3SA"},"content":{"rendered":"<p>Vystre\u013eovac\u00ed N\u00f4\u017e Microtech Sandtrooper Exocet 157-3SA.<\/p>\n<p>Hviezda radu Microtech 2019, Exocet sp\u00e1ja u\u017eito\u010dnos\u0165 a ka\u017edodenn\u00fa praktickos\u0165 v jednom jedine\u010dnom balen\u00ed. Inovat\u00edvne a prv\u00e9 svojho druhu, tento automatick\u00fd OTF ukr\u00fdva menej ako dvojpalcov\u00fa \u010depe\u013e pod\u013ea Kalifornie a sl\u00fa\u017ei ako spona na peniaze, tak\u017ee je ide\u00e1lny pre ka\u017edodenn\u00e9 nosenie. Jeho vzh\u013ead v\u00e1s m\u00f4\u017ee prekvapi\u0165, ke\u010f ho prv\u00fdkr\u00e1t uvid\u00edte, ale pocity \u00fazkosti zmizn\u00fa pri prvom spusten\u00ed. Tento n\u00f4\u017e strie\u013ea r\u00fdchlej\u0161ie a \u013eah\u0161ie ako ak\u00fdko\u013evek in\u00fd Microtech OTF, tak\u017ee je to perfektn\u00fd dar\u010dek pre va\u0161u drah\u00fa polovi\u010dku alebo pre v\u00e1s. T\u00e1to verzia m\u00e1 \u010depe\u013e a rukov\u00e4te z bieleho piesku, ktor\u00e9 tento model naz\u00fdvaj\u00fa Sandtrooper. M\u00e1 tie\u017e ve\u013emi cool logo Imperial Crest na vreckovej spone, ktor\u00e1 bola symbolom \u0161iestich l\u00fa\u010dov Galaktick\u00e9ho imp\u00e9ria Sheeva Palpatina.<\/p>\n<p>Celkov\u00e1 d\u013a\u017eka: 5,6\u2033 (142 mm)<br \/>\nD\u013a\u017eka \u010depele: 1,97\u201d (50 mm)<br \/>\nD\u013a\u017eka reznej hrany: 1,89 palca (48 mm)<br \/>\nHr\u00fabka \u010depele: 0,079 palca (2 mm)<br \/>\nHr\u00fabka rukov\u00e4te: 0,36 palca (9 mm)<br \/>\nVreckov\u00fd klip: hrot dole<br \/>\nHmotnos\u0165: 3,0 oz (85,05 g)<br \/>\nKrajina p\u00f4vodu: USA<\/p>\n","protected":false},"excerpt":{"rendered":"<p>V priebehu rokov Microtech\u00ae Knives naplnil v\u00e1\u0161\u0148ou a zru\u010dnos\u0165ou v\u00fdrobu no\u017eov, a\u017e z nich vytvoril takmer umeleck\u00e9 diela, ktor\u00e9 s\u00fa vrcholom funk\u010dnosti. V\u0161etky diely s\u00fa vyroden\u00e9 v USA.<br \/>\nNa v\u0161etky no\u017ee Microtech je do\u017eivotn\u00e1 z\u00e1ruka.<\/p>\n","protected":false},"featured_media":226567,"comment_status":"open","ping_status":"closed","template":"","meta":[],"pwb-brand":[3200],"product_brand":[],"product_cat":[3186,3197],"product_tag":[3668],"class_list":{"0":"post-226578","1":"product","2":"type-product","3":"status-publish","4":"has-post-thumbnail","6":"pwb-brand-microtech-sk","7":"product_cat-noze-sk","8":"product_cat-vystrelovacie-noze-sk","9":"product_tag-b2b-sk","11":"first","12":"outofstock","13":"taxable","14":"shipping-taxable","15":"purchasable","16":"product-type-simple"},"brands":[{"id":3200,"name":"Microtech","slug":"microtech-sk"}],"_links":{"self":[{"href":"https:\/\/www.moskito.cz\/sk\/wp-json\/wp\/v2\/product\/226578","targetHints":{"allow":["GET"]}}],"collection":[{"href":"https:\/\/www.moskito.cz\/sk\/wp-json\/wp\/v2\/product"}],"about":[{"href":"https:\/\/www.moskito.cz\/sk\/wp-json\/wp\/v2\/types\/product"}],"replies":[{"embeddable":true,"href":"https:\/\/www.moskito.cz\/sk\/wp-json\/wp\/v2\/comments?post=226578"}],"wp:featuredmedia":[{"embeddable":true,"href":"https:\/\/www.moskito.cz\/sk\/wp-json\/wp\/v2\/media\/226567"}],"wp:attachment":[{"href":"https:\/\/www.moskito.cz\/sk\/wp-json\/wp\/v2\/media?parent=226578"}],"wp:term":[{"taxonomy":"pwb-brand","embeddable":true,"href":"https:\/\/www.moskito.cz\/sk\/wp-json\/wp\/v2\/pwb-brand?post=226578"},{"taxonomy":"product_brand","embeddable":true,"href":"https:\/\/www.moskito.cz\/sk\/wp-json\/wp\/v2\/product_brand?post=226578"},{"taxonomy":"product_cat","embeddable":true,"href":"https:\/\/www.moskito.cz\/sk\/wp-json\/wp\/v2\/product_cat?post=226578"},{"taxonomy":"product_tag","embeddable":true,"href":"https:\/\/www.moskito.cz\/sk\/wp-json\/wp\/v2\/product_tag?post=226578"}],"curies":[{"name":"wp","href":"https:\/\/api.w.org\/{rel}","templated":true}]}}