{"id":226720,"date":"2022-09-30T21:02:48","date_gmt":"2022-09-30T20:02:48","guid":{"rendered":"https:\/\/www.moskito.cz\/produkt\/vystrelovaci-noz-microtech-ultratech-122-1-std\/"},"modified":"2025-05-07T10:41:22","modified_gmt":"2025-05-07T09:41:22","slug":"vystrelovaci-noz-microtech-ultratech-122-1-std","status":"publish","type":"product","link":"https:\/\/www.moskito.cz\/sk\/produkt\/vystrelovaci-noz-microtech-ultratech-122-1-std\/","title":{"rendered":"Vystre\u013eovac\u00ed N\u00f4\u017e Microtech Ultratech 122-1 STD"},"content":{"rendered":"<p>Vystre\u013eovac\u00ed N\u00f4\u017e Microtech Ultratech 122-1 STD.<\/p>\n<p>Model Ultratech m\u00e1 \u010depe\u013e d\u00fdky s hladk\u00fdm, obojstrann\u00fdm ostr\u00edm. Rukov\u00e4\u0165 je vyroben\u00e1 z eloxovan\u00e9ho hlin\u00edka 6061-T6 so zabudovan\u00fdm rozb\u00edja\u010dom skla a klipom na zavesenie no\u017ea na opasok alebo do vrecka. Tvar a povrchov\u00e1 \u00faprava rukov\u00e4te ovplyv\u0148uje pohodlie pri pou\u017e\u00edvan\u00ed no\u017ea. Mechanizmus otv\u00e1rania \u010depele je cenen\u00fd Double Action OTF (out-to-front) &#8211; zatla\u010den\u00edm otv\u00e1racej p\u00e1\u010dky dopredu sa \u010depe\u013e vysunie z rukov\u00e4te, zatia\u013e \u010do pohyb p\u00e1ky dozadu \u010depe\u013e skryje.<\/p>\n<p>Technick\u00e9 \u00fadaje \/ \u0160pecifik\u00e1cia:<\/p>\n<p>Celkov\u00e1 d\u013a\u017eka: 8,5&#8243; (216 mm)<\/p>\n<p>D\u013a\u017eka \u010depele: 3,44&#8243; (87 mm)<\/p>\n<p>Rezn\u00e1 plocha \/ rezn\u00e1 hrana: 3,125&#8243; (79 mm)<\/p>\n<p>Hr\u00fabka \u010depele: 0,13&#8243; (3 mm)<\/p>\n<p>Materi\u00e1l \u010depele: CTS-204P alebo in\u00fd<\/p>\n<p>Tvar \u010depele \/ \u0160t\u00fdl \u010depele: d\u00fdka (d\u00fdka)<\/p>\n<p>Povrchov\u00e1 \u00faprava \u010depele \/ Br\u00fasenie \u010depele: Ploch\u00e9<\/p>\n<p>Farba povlaku \/ Povrchov\u00e1 \u00faprava: Biela<\/p>\n<p>Rezn\u00e1 hrana \/ Typ \u010depele: Hladk\u00e1<\/p>\n<p>D\u013a\u017eka rukov\u00e4te: 4,625 &#8222;(117 mm)<\/p>\n<p>Hr\u00fabka rukov\u00e4te: 0,47&#8220; (12 mm)<\/p>\n<p>Materi\u00e1l rukov\u00e4te: hlin\u00edk<\/p>\n<p>Farba \/ Farba: Biela<\/p>\n<p>Hmotnos\u0165 \/ Hmotnos\u0165: 3,6 oz. (102 g)<\/p>\n<p>U\u017e\u00edvate\u013e: Prav\u00e1 ruka<\/p>\n<p>Vreckov\u00fd klip: Tip-Down<\/p>\n<p>Typ no\u017ea \/ Typ no\u017ea: Dvoj\u010dinn\u00fd automatick\u00fd OTF (automatick\u00fd OTF)<\/p>\n<p>Sp\u00f4sob otv\u00e1rania \/ otv\u00e1ra\u010d: Thumb Slide<\/p>\n<p>V\u00fdrobca \/ Zna\u010dka: Microtech<\/p>\n<p>Model: Ultratech<\/p>\n<p>Symbol modelu \/ \u010d\u00edslo modelu: 122-1STD<\/p>\n<p>Krajina p\u00f4vodu \/ Krajina p\u00f4vodu: USA<\/p>\n<p>Aplik\u00e1cia \/ Najlep\u0161ie pou\u017eitie: Ka\u017edodenn\u00e9 nosenie<\/p>\n","protected":false},"excerpt":{"rendered":"<pre id=\"tw-target-text\" class=\"tw-data-text tw-text-large tw-ta\" dir=\"ltr\" data-placeholder=\"P\u0159eklad\"><span class=\"Y2IQFc\" lang=\"sk\">V priebehu rokov Microtech\u00ae Knives naplnil v\u00e1\u0161\u0148ou a zru\u010dnos\u0165ou v\u00fdrobu no\u017eov, a\u017e z nich vytvoril takmer umeleck\u00e9 diela, ktor\u00e9 s\u00fa vrcholom funk\u010dnosti. V\u0161etky diely s\u00fa vyroben\u00e9 v USA.\r\nNa v\u0161etky no\u017ee Microtech je do\u017eivotn\u00e1 z\u00e1ruka.\r\n\r\nDoprava zadarmo.<\/span><\/pre>\n","protected":false},"featured_media":226711,"comment_status":"open","ping_status":"closed","template":"","meta":[],"pwb-brand":[3200],"product_brand":[],"product_cat":[3186,3197],"product_tag":[3668],"class_list":{"0":"post-226720","1":"product","2":"type-product","3":"status-publish","4":"has-post-thumbnail","6":"pwb-brand-microtech-sk","7":"product_cat-noze-sk","8":"product_cat-vystrelovacie-noze-sk","9":"product_tag-b2b-sk","11":"first","12":"outofstock","13":"taxable","14":"shipping-taxable","15":"purchasable","16":"product-type-simple"},"brands":[{"id":3200,"name":"Microtech","slug":"microtech-sk"}],"_links":{"self":[{"href":"https:\/\/www.moskito.cz\/sk\/wp-json\/wp\/v2\/product\/226720","targetHints":{"allow":["GET"]}}],"collection":[{"href":"https:\/\/www.moskito.cz\/sk\/wp-json\/wp\/v2\/product"}],"about":[{"href":"https:\/\/www.moskito.cz\/sk\/wp-json\/wp\/v2\/types\/product"}],"replies":[{"embeddable":true,"href":"https:\/\/www.moskito.cz\/sk\/wp-json\/wp\/v2\/comments?post=226720"}],"wp:featuredmedia":[{"embeddable":true,"href":"https:\/\/www.moskito.cz\/sk\/wp-json\/wp\/v2\/media\/226711"}],"wp:attachment":[{"href":"https:\/\/www.moskito.cz\/sk\/wp-json\/wp\/v2\/media?parent=226720"}],"wp:term":[{"taxonomy":"pwb-brand","embeddable":true,"href":"https:\/\/www.moskito.cz\/sk\/wp-json\/wp\/v2\/pwb-brand?post=226720"},{"taxonomy":"product_brand","embeddable":true,"href":"https:\/\/www.moskito.cz\/sk\/wp-json\/wp\/v2\/product_brand?post=226720"},{"taxonomy":"product_cat","embeddable":true,"href":"https:\/\/www.moskito.cz\/sk\/wp-json\/wp\/v2\/product_cat?post=226720"},{"taxonomy":"product_tag","embeddable":true,"href":"https:\/\/www.moskito.cz\/sk\/wp-json\/wp\/v2\/product_tag?post=226720"}],"curies":[{"name":"wp","href":"https:\/\/api.w.org\/{rel}","templated":true}]}}