{"id":226772,"date":"2022-09-30T22:23:00","date_gmt":"2022-09-30T21:23:00","guid":{"rendered":"https:\/\/www.moskito.cz\/produkt\/vystrelovaci-noz-microtech-hera-od-green-702-3od\/"},"modified":"2025-05-07T10:41:24","modified_gmt":"2025-05-07T09:41:24","slug":"vystrelovaci-noz-microtech-hera-od-green-702-3od","status":"publish","type":"product","link":"https:\/\/www.moskito.cz\/sk\/produkt\/vystrelovaci-noz-microtech-hera-od-green-702-3od\/","title":{"rendered":"Vystre\u013eovac\u00ed N\u00f4\u017e Microtech Hera OD Green 702-3OD"},"content":{"rendered":"<p>Vystre\u013eovac\u00ed N\u00f4\u017e <strong>Microtech<\/strong> Hera OD Green 702-3OD.<\/p>\n<p>Hera je kr\u00e1sny dvoj\u010dinn\u00fd predn\u00fd automat s tvarom r\u00e1mu vo\u013ene zalo\u017een\u00fdm na dizajne Troodon. Je to v\u0161ak ergonomickej\u0161ie, s opracovan\u00fdmi z\u00e1platami bl\u00edzko koncov pre lep\u0161\u00ed n\u00e1kup a pod\u013ea na\u0161ich n\u00e1zorov vylep\u0161en\u00fd vzh\u013ead. V\u0161etko na tomto dizajne kri\u010d\u00ed ako sofistikovanos\u0165, tak funk\u010dnos\u0165. Je to jeden z najlep\u0161\u00edch v\u0161estrann\u00fdch automatick\u00fdch n\u00e1vrhov OTF v mimoriadne preplnenom poli a ve\u013ekosti tak ako na ka\u017edodenn\u00e9 nosenie.<\/p>\n<p>Celkov\u00e1 d\u013a\u017eka: 7,5\u2033 (190,5 mm)<br \/>\nD\u013a\u017eka v zatvorenom stave: 4,5\u2033 (114,3 mm)<br \/>\nD\u013a\u017eka \u010depele: 3\u2033 (76,2 mm)<br \/>\nHr\u00fabka \u010depele: 0,079\u2033 (2 mm)<br \/>\nPovrchov\u00e1 \u00faprava \u010depele: \u010dierna<br \/>\nMateri\u00e1l rukov\u00e4te: Zelen\u00fd hlin\u00edk<br \/>\nVreckov\u00fd klip: Tip-Down<br \/>\nKrajina p\u00f4vodu: USA<\/p>\n<p><iframe title=\"Microtech Combat Troodon Torture Test\" width=\"800\" height=\"450\" src=\"https:\/\/www.youtube.com\/embed\/xE9TeOFYEjg?feature=oembed\" frameborder=\"0\" allow=\"accelerometer; autoplay; clipboard-write; encrypted-media; gyroscope; picture-in-picture; web-share\" allowfullscreen><\/iframe><\/p>\n<p>&nbsp;<\/p>\n","protected":false},"excerpt":{"rendered":"<p>V priebehu rokov <strong>Microtech\u00ae Knives<\/strong> naplnil v\u00e1\u0161\u0148ou a zru\u010dnos\u0165ou v\u00fdrobu no\u017eov, a\u017e z nich vytvoril takmer umeleck\u00e9 diela, ktor\u00e9 s\u00fa vrcholom funk\u010dnosti. V\u0161etky diely s\u00fa vyroben\u00e9 v USA.<br \/>\n<strong>Na v\u0161etky no\u017ee Microtech je do\u017eivotn\u00e1 z\u00e1ruka.<\/strong><\/p>\n<p><strong>Doprava zadarmo.<\/strong><\/p>\n","protected":false},"featured_media":226758,"comment_status":"open","ping_status":"closed","template":"","meta":[],"pwb-brand":[3200],"product_brand":[],"product_cat":[3186,3197],"product_tag":[3668],"class_list":{"0":"post-226772","1":"product","2":"type-product","3":"status-publish","4":"has-post-thumbnail","6":"pwb-brand-microtech-sk","7":"product_cat-noze-sk","8":"product_cat-vystrelovacie-noze-sk","9":"product_tag-b2b-sk","11":"first","12":"instock","13":"taxable","14":"shipping-taxable","15":"purchasable","16":"product-type-simple"},"brands":[{"id":3200,"name":"Microtech","slug":"microtech-sk"}],"_links":{"self":[{"href":"https:\/\/www.moskito.cz\/sk\/wp-json\/wp\/v2\/product\/226772","targetHints":{"allow":["GET"]}}],"collection":[{"href":"https:\/\/www.moskito.cz\/sk\/wp-json\/wp\/v2\/product"}],"about":[{"href":"https:\/\/www.moskito.cz\/sk\/wp-json\/wp\/v2\/types\/product"}],"replies":[{"embeddable":true,"href":"https:\/\/www.moskito.cz\/sk\/wp-json\/wp\/v2\/comments?post=226772"}],"wp:featuredmedia":[{"embeddable":true,"href":"https:\/\/www.moskito.cz\/sk\/wp-json\/wp\/v2\/media\/226758"}],"wp:attachment":[{"href":"https:\/\/www.moskito.cz\/sk\/wp-json\/wp\/v2\/media?parent=226772"}],"wp:term":[{"taxonomy":"pwb-brand","embeddable":true,"href":"https:\/\/www.moskito.cz\/sk\/wp-json\/wp\/v2\/pwb-brand?post=226772"},{"taxonomy":"product_brand","embeddable":true,"href":"https:\/\/www.moskito.cz\/sk\/wp-json\/wp\/v2\/product_brand?post=226772"},{"taxonomy":"product_cat","embeddable":true,"href":"https:\/\/www.moskito.cz\/sk\/wp-json\/wp\/v2\/product_cat?post=226772"},{"taxonomy":"product_tag","embeddable":true,"href":"https:\/\/www.moskito.cz\/sk\/wp-json\/wp\/v2\/product_tag?post=226772"}],"curies":[{"name":"wp","href":"https:\/\/api.w.org\/{rel}","templated":true}]}}