{"id":226893,"date":"2022-07-14T15:11:37","date_gmt":"2022-07-14T14:11:37","guid":{"rendered":"https:\/\/www.moskito.cz\/produkt\/vystrelovaci-noz-microtech-makora-carbon-fiber-nickel-boron-internals-bronze-dagger-206-13cfis\/"},"modified":"2025-05-07T10:41:30","modified_gmt":"2025-05-07T09:41:30","slug":"vystrelovaci-noz-microtech-makora-carbon-fiber-nickel-boron-internals-bronze-dagger-206-13cfis","status":"publish","type":"product","link":"https:\/\/www.moskito.cz\/sk\/produkt\/vystrelovaci-noz-microtech-makora-carbon-fiber-nickel-boron-internals-bronze-dagger-206-13cfis\/","title":{"rendered":"Vystre\u013eovac\u00ed N\u00f4\u017e Microtech Makora Carbon Fiber Nickel Boron Internals Bronze Dagger 206-13CFIS"},"content":{"rendered":"<p>Vystre\u013eovac\u00ed N\u00f4\u017e Microtech Makora Carbon Fiber Nickel Boron Internals Bronze Dagger 206-13CFIS<\/p>\n<p>Bronzovan\u00e1 dvojbrit\u00e1 \u010depe\u013e v tvare d\u00fdky s dr\u00e1\u017ekou na z\u00e1kladni. Jimped palcov\u00fd posuvn\u00edk pre \u013eahko pou\u017eite\u013en\u00fa dvojit\u00fa akciu. \u010cierna hlin\u00edkov\u00e1 rukov\u00e4\u0165 s vlo\u017ekami z uhl\u00edkov\u00fdch vl\u00e1kien.<br \/>\nVreckov\u00e1 spona s apokalyptickou povrchovou \u00fapravou s klasick\u00fdm ryt\u00edm mravcov. Balenie Signature Series a podp\u00edsan\u00fd vreckov\u00fd klip.<\/p>\n<p>Takmer 20 rokov po svojom prvom vydan\u00ed sa Makora vracia! Tento klasick\u00fd n\u00f4\u017e Microtech OTF bol o\u017eiven\u00fd aktualizovan\u00fdm dizajnom a vylep\u0161enou technol\u00f3giou. Aj ke\u010f sa zd\u00e1 ve\u013emi podobn\u00fd Microtech Ultratech, m\u00f4\u017ee sa pochv\u00e1li\u0165 niektor\u00fdmi jemn\u00fdmi \u2013 a niektor\u00fdmi v\u00e1\u017enymi \u2013 rozdielmi. Je o nie\u010do hrub\u0161ia, o nie\u010do \u013eah\u0161ia a m\u00e1 \u0161picat\u00fa rukov\u00e4\u0165 a aktualizovan\u00fd rozb\u00edja\u010d skla. Obe strany rukov\u00e4te s\u00fa zasaden\u00e9 materi\u00e1lom zlep\u0161uj\u00facim pri\u013enavos\u0165 z uhl\u00edkov\u00fdch vl\u00e1kien a horn\u00e1 a spodn\u00e1 \u010das\u0165 rukov\u00e4te m\u00e1 otvory, ktor\u00e9 spolupracuj\u00fa s dr\u00e1\u017ekovan\u00edm na z\u00e1kladni \u010depele, aby bola pod vodou funk\u010dnej\u0161ia. \u010cinnos\u0165 no\u017ea je umocnen\u00e1 vn\u00fatorn\u00fdmi \u010das\u0165ami z niklu a b\u00f3ru, ktor\u00e9 zni\u017euj\u00fa trenie a zlep\u0161uj\u00fa konzistenciu. T\u00e1to nov\u00e1 Makora ukazuje, ako \u010faleko Microtech za\u0161iel a dokazuje ich oddanos\u0165 svojim kore\u0148om.<\/p>\n<p>H\u013ead\u00e1te \u010fal\u0161ie no\u017ee Microtech s exkluz\u00edvnym n\u00e1dychom? Pozrite sa na \u010fal\u0161\u00edch \u010dlenov Signature Series, jedine\u010dn\u00e9ho v\u00fdberu pre superfan\u00fa\u0161ikov Microtech!<br \/>\nCelkov\u00e1 d\u013a\u017eka: 9,44\u2033 (239,7125 mm)<\/p>\n<p>D\u013a\u017eka v zatvorenom stave: 6,19\u2033 (157,15 mm)<br \/>\nD\u013a\u017eka \u010depele: 3,25\u2033 (82,55 mm)<br \/>\nHr\u00fabka \u010depele: 0,125\u2033 (3,175 mm)<br \/>\n\u0160t\u00fdl okraja: Oby\u010dajn\u00fd<br \/>\nMateri\u00e1l rukov\u00e4te: \u010dierny hlin\u00edk<br \/>\nVreckov\u00fd klip: Tip-Down<br \/>\nHmotnos\u0165: 3,4 oz ( 96,39 g)<\/p>\n","protected":false},"excerpt":{"rendered":"<p>V priebehu rokov Microtech\u00ae Knives naplnil v\u00e1\u0161\u0148ou a zru\u010dnos\u0165ou v\u00fdrobu no\u017eov, a\u017e z nich vytvoril takmer umeleck\u00e9 diela, ktor\u00e9 s\u00fa vrcholom funk\u010dnosti. V\u0161etky diely s\u00fa vyroben\u00e9 v USA.<br \/>\nNa v\u0161etky no\u017ee Microtech je do\u017eivotn\u00e1 z\u00e1ruka.<\/p>\n<p>Doprava zadarmo.<\/p>\n","protected":false},"featured_media":219881,"comment_status":"open","ping_status":"closed","template":"","meta":[],"pwb-brand":[3200],"product_brand":[],"product_cat":[3186,3197],"product_tag":[3668],"class_list":{"0":"post-226893","1":"product","2":"type-product","3":"status-publish","4":"has-post-thumbnail","6":"pwb-brand-microtech-sk","7":"product_cat-noze-sk","8":"product_cat-vystrelovacie-noze-sk","9":"product_tag-b2b-sk","11":"first","12":"outofstock","13":"taxable","14":"shipping-taxable","15":"purchasable","16":"product-type-simple"},"brands":[{"id":3200,"name":"Microtech","slug":"microtech-sk"}],"_links":{"self":[{"href":"https:\/\/www.moskito.cz\/sk\/wp-json\/wp\/v2\/product\/226893","targetHints":{"allow":["GET"]}}],"collection":[{"href":"https:\/\/www.moskito.cz\/sk\/wp-json\/wp\/v2\/product"}],"about":[{"href":"https:\/\/www.moskito.cz\/sk\/wp-json\/wp\/v2\/types\/product"}],"replies":[{"embeddable":true,"href":"https:\/\/www.moskito.cz\/sk\/wp-json\/wp\/v2\/comments?post=226893"}],"wp:featuredmedia":[{"embeddable":true,"href":"https:\/\/www.moskito.cz\/sk\/wp-json\/wp\/v2\/media\/219881"}],"wp:attachment":[{"href":"https:\/\/www.moskito.cz\/sk\/wp-json\/wp\/v2\/media?parent=226893"}],"wp:term":[{"taxonomy":"pwb-brand","embeddable":true,"href":"https:\/\/www.moskito.cz\/sk\/wp-json\/wp\/v2\/pwb-brand?post=226893"},{"taxonomy":"product_brand","embeddable":true,"href":"https:\/\/www.moskito.cz\/sk\/wp-json\/wp\/v2\/product_brand?post=226893"},{"taxonomy":"product_cat","embeddable":true,"href":"https:\/\/www.moskito.cz\/sk\/wp-json\/wp\/v2\/product_cat?post=226893"},{"taxonomy":"product_tag","embeddable":true,"href":"https:\/\/www.moskito.cz\/sk\/wp-json\/wp\/v2\/product_tag?post=226893"}],"curies":[{"name":"wp","href":"https:\/\/api.w.org\/{rel}","templated":true}]}}