{"id":226899,"date":"2022-07-15T10:09:34","date_gmt":"2022-07-15T09:09:34","guid":{"rendered":"https:\/\/www.moskito.cz\/produkt\/vystrelovaci-noz-microtech-utx-85-turquoise-233-4tq\/"},"modified":"2025-05-07T10:41:31","modified_gmt":"2025-05-07T09:41:31","slug":"vystrelovaci-noz-microtech-utx-85-turquoise-233-4tq","status":"publish","type":"product","link":"https:\/\/www.moskito.cz\/sk\/produkt\/vystrelovaci-noz-microtech-utx-85-turquoise-233-4tq\/","title":{"rendered":"Vystre\u013eovac\u00ed N\u00f4\u017e Microtech UTX-85 Turquoise 233-4TQ"},"content":{"rendered":"<p>Vystre\u013eovac\u00ed N\u00f4\u017e <strong>Microtech<\/strong> UTX-85 Turquoise 233-4TQ Microtech aktualizoval a vylep\u0161il model UTX-85. Vyzna\u010duje sa vylep\u0161enou ergon\u00f3miou, zaoblen\u00fdmi plochami rukov\u00e4t\u00ed a z\u00e1platami dr\u00e1\u017eok po stran\u00e1ch, ktor\u00e9 zais\u0165uj\u00fa vynikaj\u00faci \u00fachop. Sp\u00fa\u0161\u0165acie tla\u010didlo bolo prepracovan\u00e9 tak, aby zv\u00fd\u0161ilo povrchov\u00fd kontakt pre efekt\u00edvny z\u00e1ber, a rozb\u00edja\u010d skla m\u00e1 gu\u013eov\u00fa \u0161pi\u010dku zasaden\u00fa do z\u00e1kladne s trojuholn\u00edkov\u00fdm vzorom, aby sa zlep\u0161ili jeho ka\u017edodenn\u00e9 sp\u00f4soby nosenia. UTX-85 je zalo\u017een\u00fd na platforme Ultratech a je zmen\u0161en\u00fd na 85% svojej d\u013a\u017eky. UTX-85 je pr\u00ed\u0165a\u017elivou vo\u013ebou pre t\u00fdch, ktor\u00ed preferuj\u00fa men\u0161\u00ed EDC n\u00f4\u017e a oce\u0148uj\u00fa vysoko v\u00fdkonn\u00fa predn\u00fa akciu Microtech a v\u00fdnimo\u010dn\u00fa kvalitu zostavenia. Tento model je vybaven\u00fd eloxovanou hlin\u00edkovou rukov\u00e4\u0165ou 6061-T6 s logom Claw na prednej strane. Zodpovedaj\u00face vreckov\u00fd klip a hrot rozb\u00edja\u010d skla. \u010cepe\u013e m\u00e1 inform\u00e1cie o modeli. Vreckov\u00fd klip m\u00e1 logo Microtech, s\u00e9riov\u00e9 \u010d\u00edslo a d\u00e1tum v\u00fdroby. Dod\u00e1va sa v \u00faplne novej v krabici. Celkov\u00e1 d\u013a\u017eka: 18.75 cm D\u013a\u017eka \u010depele: 7.81 cm Rezn\u00e1 hrana: 7.17 cm Hr\u00fabka \u010depele: 0.32cm Materi\u00e1l \u010depele: Bohler M390 Britov\u00e9 do\u0161ti\u010dky: Ploch\u00e9 D\u013a\u017eka rukov\u00e4te: 10.92 cm Hr\u00fabka rukov\u00e4te: 1 3,06 oz. U\u017e\u00edvate\u013e: Prav\u00e1 ruka Pocket Clip: Tip-Down Typ no\u017ea: Double-Action OTF Automatic Otv\u00e1ra\u010d: Thumb Slide Zna\u010dka: Microtech Model: UTX-85 Krajina p\u00f4vodu: USA <\/p>\n","protected":false},"excerpt":{"rendered":"<div class=\"elementor-element elementor-element-bbb542b elementor-widget elementor-widget-woocommerce-product-short-description\" data-id=\"bbb542b\" data-element_type=\"widget\" data-widget_type=\"woocommerce-product-short-description.default\">\n<div class=\"elementor-widget-container\">\n<div class=\"woocommerce-product-details__short-description\">  V priebehu rokov <strong>Microtech\u00ae Knives<\/strong> naplnil v\u00e1\u0161\u0148ou a zru\u010dnos\u0165ou v\u00fdrobu no\u017eov, a\u017e z nich vytvoril takmer umeleck\u00e9 diela, ktor\u00e9 s\u00fa vrcholom funk\u010dnosti. V\u0161etky diely s\u00fa vyroden\u00e9 v USA. <strong>Na v\u0161etky no\u017ee Microtech je do\u017eivotn\u00e1 z\u00e1ruka.<\/strong> <strong>Doprava zadarmo.<\/strong><\/p>\n<\/div>\n<\/div>\n<\/div>\n","protected":false},"featured_media":386660,"comment_status":"open","ping_status":"closed","template":"","meta":[],"pwb-brand":[3200],"product_brand":[],"product_cat":[3186,3197],"product_tag":[3668],"class_list":{"0":"post-226899","1":"product","2":"type-product","3":"status-publish","4":"has-post-thumbnail","6":"pwb-brand-microtech-sk","7":"product_cat-noze-sk","8":"product_cat-vystrelovacie-noze-sk","9":"product_tag-b2b-sk","11":"first","12":"outofstock","13":"taxable","14":"shipping-taxable","15":"purchasable","16":"product-type-simple"},"brands":[{"id":3200,"name":"Microtech","slug":"microtech-sk"}],"_links":{"self":[{"href":"https:\/\/www.moskito.cz\/sk\/wp-json\/wp\/v2\/product\/226899","targetHints":{"allow":["GET"]}}],"collection":[{"href":"https:\/\/www.moskito.cz\/sk\/wp-json\/wp\/v2\/product"}],"about":[{"href":"https:\/\/www.moskito.cz\/sk\/wp-json\/wp\/v2\/types\/product"}],"replies":[{"embeddable":true,"href":"https:\/\/www.moskito.cz\/sk\/wp-json\/wp\/v2\/comments?post=226899"}],"wp:featuredmedia":[{"embeddable":true,"href":"https:\/\/www.moskito.cz\/sk\/wp-json\/wp\/v2\/media\/386660"}],"wp:attachment":[{"href":"https:\/\/www.moskito.cz\/sk\/wp-json\/wp\/v2\/media?parent=226899"}],"wp:term":[{"taxonomy":"pwb-brand","embeddable":true,"href":"https:\/\/www.moskito.cz\/sk\/wp-json\/wp\/v2\/pwb-brand?post=226899"},{"taxonomy":"product_brand","embeddable":true,"href":"https:\/\/www.moskito.cz\/sk\/wp-json\/wp\/v2\/product_brand?post=226899"},{"taxonomy":"product_cat","embeddable":true,"href":"https:\/\/www.moskito.cz\/sk\/wp-json\/wp\/v2\/product_cat?post=226899"},{"taxonomy":"product_tag","embeddable":true,"href":"https:\/\/www.moskito.cz\/sk\/wp-json\/wp\/v2\/product_tag?post=226899"}],"curies":[{"name":"wp","href":"https:\/\/api.w.org\/{rel}","templated":true}]}}