{"id":226907,"date":"2022-07-13T10:36:40","date_gmt":"2022-07-13T09:36:40","guid":{"rendered":"https:\/\/www.moskito.cz\/produkt\/vystrelovaci-noz-microtech-ultratech-ii-stonewashed-123ii-11s\/"},"modified":"2025-05-07T10:41:32","modified_gmt":"2025-05-07T09:41:32","slug":"vystrelovaci-noz-microtech-ultratech-ii-stonewashed-123ii-11s","status":"publish","type":"product","link":"https:\/\/www.moskito.cz\/sk\/produkt\/vystrelovaci-noz-microtech-ultratech-ii-stonewashed-123ii-11s\/","title":{"rendered":"Vystre\u013eovac\u00ed N\u00f4\u017e Microtech Ultratech II Stonewashed 123II-11S"},"content":{"rendered":"<p>Vystre\u013eovac\u00ed N\u00f4\u017e <strong>Microtech<\/strong> Ultratech II Stonewashed 123II-11S<\/p>\n<p>V priebehu rokov Microtech\u00ae Knives vlo\u017eil v\u00e1\u0161e\u0148 a zru\u010dnosti do tvorby umeleck\u00fdch diel, ktor\u00e9 s\u00fa na vrchole funk\u010dnosti a tvaru. Aj na\u010falej pos\u00favame hranice a zlep\u0161ujeme to, o \u010dom u\u017e vieme, \u017ee funguje.<\/p>\n<p>Microtech Knives vyr\u00e1stla v predn\u00fa zna\u010dku, ktor\u00e1 sa neust\u00e1le vyv\u00edja a pos\u00fava dopredu pomocou najnov\u0161\u00edch technol\u00f3gi\u00ed, prastar\u00fdch princ\u00edpov \u010depel\u00ed a maxim\u00e1lneho testovania v ter\u00e9ne, aby sme zaistili, \u017ee dod\u00e1vame ten najlep\u0161\u00ed mo\u017en\u00fd produkt.<\/p>\n<p>Rukov\u00e4\u0165: Rukov\u00e4\u0165 z tvrd\u00e9ho eloxovan\u00e9ho hlin\u00edka 6061-T6 m\u00e1 skosen\u00e9 hrany pre pohodlie v spojen\u00ed s fr\u00e9zovan\u00edm s vysokou trakciou a dr\u00e1\u017ekovan\u00edm pre bezpe\u010dn\u00e9 uchopenie aj za nepriazniv\u00fdch podmienok. N\u00edzkoprofilov\u00fd vzh\u013ead dop\u013a\u0148a taktick\u00fd \u010dierny hardv\u00e9r spolu s klipom a koncom na rozb\u00edjanie skla. Na klipe je vyzna\u010den\u00fd d\u00e1tum v\u00fdroby a s\u00e9riov\u00e9 \u010d\u00edslo.<\/p>\n<p>Nosia sa pomocou prav\u00e9ho klipu z nerezovej ocele.<\/p>\n<p>Bohler M390: Bohler M390 (anal\u00f3g k CPM-20CV a CTS-204P) je prvotriedna nerezov\u00e1 oce\u013e z\u00edskan\u00e1 pr\u00e1\u0161kovou metalurgiou (PM) s vysok\u00fdm obsahom karbidov pre najvy\u0161\u0161iu retenciu ostria a odolnos\u0165 proti kor\u00f3zii, pri\u010dom sa d\u00e1 relat\u00edvne \u013eahko ostri\u0165. Ob\u013e\u00faben\u00e1 vo\u013eba pre \u0161pi\u010dkov\u00fa v\u00fdrobu a z\u00e1kazkov\u00e9 no\u017ee. Relat\u00edvne vysok\u00fd objem karbidu a hrub\u00e1 mikro\u0161trukt\u00fara d\u00e1va tejto oceli ni\u017e\u0161iu h\u00fa\u017eevnatos\u0165.<\/p>\n<p>Celkov\u00e1 d\u013a\u017eka: 22 cm<br \/>\nD\u013a\u017eka \u010depele: 8.6 cm<br \/>\nMateri\u00e1l \u010depele: Bohler M390<br \/>\nBritov\u00e9 do\u0161ti\u010dky: Ploch\u00e9<br \/>\nMateri\u00e1l rukov\u00e4te: hlin\u00edk<br \/>\nHmotnos\u0165: 3,60 oz.<br \/>\nU\u017e\u00edvate\u013e: Prav\u00e1 ruka<br \/>\nPocket Clip: Tip-Down<br \/>\nTyp no\u017ea: Double-Action OTF Automatic<br \/>\nOtv\u00e1ra\u010d: Thumb Slide<br \/>\nZna\u010dka: Microtech<br \/>\nModel: Ultratech<br \/>\nKrajina p\u00f4vodu: USA<br \/>\nNajlep\u0161ie pou\u017eitie: Ka\u017edodenn\u00e9<\/p>\n<p><iframe title=\"Microtech Combat Troodon Torture Test\" width=\"800\" height=\"450\" src=\"https:\/\/www.youtube.com\/embed\/xE9TeOFYEjg?feature=oembed\" frameborder=\"0\" allow=\"accelerometer; autoplay; clipboard-write; encrypted-media; gyroscope; picture-in-picture; web-share\" allowfullscreen><\/iframe><\/p>\n<p>&nbsp;<\/p>\n","protected":false},"excerpt":{"rendered":"<div class=\"elementor-element elementor-element-bbb542b elementor-widget elementor-widget-woocommerce-product-short-description\" data-id=\"bbb542b\" data-element_type=\"widget\" data-widget_type=\"woocommerce-product-short-description.default\">\n<div class=\"elementor-widget-container\">\n<div class=\"woocommerce-product-details__short-description\">\n<div class=\"elementor-element elementor-element-bbb542b elementor-widget elementor-widget-woocommerce-product-short-description\" data-id=\"bbb542b\" data-element_type=\"widget\" data-widget_type=\"woocommerce-product-short-description.default\">\n<div class=\"elementor-widget-container\">\n<div class=\"woocommerce-product-details__short-description\">\n<p>V priebehu rokov <strong>Microtech\u00ae Knives<\/strong> naplnil v\u00e1\u0161\u0148ou a zru\u010dnos\u0165ou v\u00fdrobu no\u017eov, a\u017e z nich vytvoril takmer umeleck\u00e9 diela, ktor\u00e9 s\u00fa vrcholom funk\u010dnosti. V\u0161etky diely s\u00fa vyroben\u00e9 v USA.<br \/>\n<strong>Na v\u0161etky no\u017ee Microtech je do\u017eivotn\u00e1 z\u00e1ruka.<\/strong><\/p>\n<p><strong>Doprava zadarmo.<\/strong><\/p>\n<\/div>\n<\/div>\n<\/div>\n<\/div>\n<\/div>\n<\/div>\n","protected":false},"featured_media":219663,"comment_status":"open","ping_status":"closed","template":"","meta":[],"pwb-brand":[3200],"product_brand":[],"product_cat":[3186,3197],"product_tag":[3668],"class_list":{"0":"post-226907","1":"product","2":"type-product","3":"status-publish","4":"has-post-thumbnail","6":"pwb-brand-microtech-sk","7":"product_cat-noze-sk","8":"product_cat-vystrelovacie-noze-sk","9":"product_tag-b2b-sk","11":"first","12":"instock","13":"taxable","14":"shipping-taxable","15":"purchasable","16":"product-type-simple"},"brands":[{"id":3200,"name":"Microtech","slug":"microtech-sk"}],"_links":{"self":[{"href":"https:\/\/www.moskito.cz\/sk\/wp-json\/wp\/v2\/product\/226907","targetHints":{"allow":["GET"]}}],"collection":[{"href":"https:\/\/www.moskito.cz\/sk\/wp-json\/wp\/v2\/product"}],"about":[{"href":"https:\/\/www.moskito.cz\/sk\/wp-json\/wp\/v2\/types\/product"}],"replies":[{"embeddable":true,"href":"https:\/\/www.moskito.cz\/sk\/wp-json\/wp\/v2\/comments?post=226907"}],"wp:featuredmedia":[{"embeddable":true,"href":"https:\/\/www.moskito.cz\/sk\/wp-json\/wp\/v2\/media\/219663"}],"wp:attachment":[{"href":"https:\/\/www.moskito.cz\/sk\/wp-json\/wp\/v2\/media?parent=226907"}],"wp:term":[{"taxonomy":"pwb-brand","embeddable":true,"href":"https:\/\/www.moskito.cz\/sk\/wp-json\/wp\/v2\/pwb-brand?post=226907"},{"taxonomy":"product_brand","embeddable":true,"href":"https:\/\/www.moskito.cz\/sk\/wp-json\/wp\/v2\/product_brand?post=226907"},{"taxonomy":"product_cat","embeddable":true,"href":"https:\/\/www.moskito.cz\/sk\/wp-json\/wp\/v2\/product_cat?post=226907"},{"taxonomy":"product_tag","embeddable":true,"href":"https:\/\/www.moskito.cz\/sk\/wp-json\/wp\/v2\/product_tag?post=226907"}],"curies":[{"name":"wp","href":"https:\/\/api.w.org\/{rel}","templated":true}]}}