{"id":226913,"date":"2022-07-13T09:39:06","date_gmt":"2022-07-13T08:39:06","guid":{"rendered":"https:\/\/www.moskito.cz\/produkt\/vystrelovaci-noz-microtech-utx-85-233-2t\/"},"modified":"2025-05-07T10:41:33","modified_gmt":"2025-05-07T09:41:33","slug":"vystrelovaci-noz-microtech-utx-85-233-2t","status":"publish","type":"product","link":"https:\/\/www.moskito.cz\/sk\/produkt\/vystrelovaci-noz-microtech-utx-85-233-2t\/","title":{"rendered":"Vystre\u013eovac\u00ed N\u00f4\u017e Microtech UTX-85 233-2T"},"content":{"rendered":"<p>Vystre\u013eovac\u00ed N\u00f4\u017e Microtech UTX-85 233-2T<\/p>\n<p>Tento Microtech UTX-85 sa m\u00f4\u017ee pochv\u00e1li\u0165 \u010diernou eloxovanou rukov\u00e4\u0165ou s kompletn\u00fdm \u010diernym hardv\u00e9rom a integrovanou funkciou rozb\u00edjania skla spolu s \u010diasto\u010dne z\u00fabkovanou \u010depe\u013eou v \u0161t\u00fdle tanto v \u010diernom preveden\u00ed.<\/p>\n<p>Radik\u00e1lne prepracovan\u00fd n\u00f4\u017e Microtech UTX-85 z prednej strany teraz obsahuje nov\u00fa tvarovan\u00fa rukov\u00e4\u0165, aktualizovan\u00fd trojuholn\u00edkov\u00fd hardv\u00e9r, prepracovan\u00e9 skl\u00ed\u010dko pre palec a rozb\u00edja\u010d skla, ktor\u00fd teraz obsahuje guli\u010dkov\u00e9 lo\u017eisko namontovan\u00e9 lisom pre pohodlnej\u0161\u00edch, ale st\u00e1le funk\u010dn\u00fdch u\u017e\u00edvate\u013eov. Tento fantastick\u00fd dvoj\u010dinn\u00fd n\u00f4\u017e m\u00e1 ide\u00e1lnu ve\u013ekos\u0165 a ako n\u00e1zov ukazuje, UTX-85 je 85% ve\u013ekosti vlajkovej lode Ultratech no\u017ea, ale so 100% schopnost\u00ed.<\/p>\n<p>Vyroben\u00e9 v USA.<\/p>\n<p>Celkov\u00e1 d\u013a\u017eka: 18.75 cm<br \/>\nD\u013a\u017eka \u010depele: 7.81 cm<br \/>\nRezn\u00e1 hrana: 7.17 cm<br \/>\nHr\u00fabka \u010depele: 0.32cm<br \/>\nMateri\u00e1l \u010depele: Bohler M390<br \/>\nBritov\u00e9 do\u0161ti\u010dky: Ploch\u00e9<br \/>\nD\u013a\u017eka rukov\u00e4te: 10.92 cm<br \/>\nHr\u00fabka rukov\u00e4te: 1.17 cm<br \/>\nMateri\u00e1l rukov\u00e4te: hlin\u00edk<br \/>\nHmotnos\u0165: 3,06 oz.<br \/>\nU\u017e\u00edvate\u013e: Prav\u00e1 ruka<br \/>\nPocket Clip: Tip-Down<br \/>\nTyp no\u017ea: Double-Action OTF Automatic<br \/>\nOtv\u00e1ra\u010d: Thumb Slide<br \/>\nZna\u010dka: Microtech<br \/>\nModel: UTX-85<br \/>\nKrajina p\u00f4vodu: USA<br \/>\nNajlep\u0161ie vyu\u017eitie: Taktick\u00e9<\/p>\n","protected":false},"excerpt":{"rendered":"<p>V priebehu rokov Microtech\u00ae Knives naplnil v\u00e1\u0161\u0148ou a zru\u010dnos\u0165ou v\u00fdrobu no\u017eov, a\u017e z nich vytvoril takmer umeleck\u00e9 diela, ktor\u00e9 s\u00fa vrcholom funk\u010dnosti. V\u0161etky diely s\u00fa vyroden\u00e9 v USA.<br \/>\nNa v\u0161etky no\u017ee Microtech je do\u017eivotn\u00e1 z\u00e1ruka.<\/p>\n","protected":false},"featured_media":219634,"comment_status":"open","ping_status":"closed","template":"","meta":[],"pwb-brand":[3200],"product_brand":[],"product_cat":[3186,3197],"product_tag":[3668],"class_list":{"0":"post-226913","1":"product","2":"type-product","3":"status-publish","4":"has-post-thumbnail","6":"pwb-brand-microtech-sk","7":"product_cat-noze-sk","8":"product_cat-vystrelovacie-noze-sk","9":"product_tag-b2b-sk","11":"first","12":"outofstock","13":"taxable","14":"shipping-taxable","15":"purchasable","16":"product-type-simple"},"brands":[{"id":3200,"name":"Microtech","slug":"microtech-sk"}],"_links":{"self":[{"href":"https:\/\/www.moskito.cz\/sk\/wp-json\/wp\/v2\/product\/226913","targetHints":{"allow":["GET"]}}],"collection":[{"href":"https:\/\/www.moskito.cz\/sk\/wp-json\/wp\/v2\/product"}],"about":[{"href":"https:\/\/www.moskito.cz\/sk\/wp-json\/wp\/v2\/types\/product"}],"replies":[{"embeddable":true,"href":"https:\/\/www.moskito.cz\/sk\/wp-json\/wp\/v2\/comments?post=226913"}],"wp:featuredmedia":[{"embeddable":true,"href":"https:\/\/www.moskito.cz\/sk\/wp-json\/wp\/v2\/media\/219634"}],"wp:attachment":[{"href":"https:\/\/www.moskito.cz\/sk\/wp-json\/wp\/v2\/media?parent=226913"}],"wp:term":[{"taxonomy":"pwb-brand","embeddable":true,"href":"https:\/\/www.moskito.cz\/sk\/wp-json\/wp\/v2\/pwb-brand?post=226913"},{"taxonomy":"product_brand","embeddable":true,"href":"https:\/\/www.moskito.cz\/sk\/wp-json\/wp\/v2\/product_brand?post=226913"},{"taxonomy":"product_cat","embeddable":true,"href":"https:\/\/www.moskito.cz\/sk\/wp-json\/wp\/v2\/product_cat?post=226913"},{"taxonomy":"product_tag","embeddable":true,"href":"https:\/\/www.moskito.cz\/sk\/wp-json\/wp\/v2\/product_tag?post=226913"}],"curies":[{"name":"wp","href":"https:\/\/api.w.org\/{rel}","templated":true}]}}