{"id":226921,"date":"2022-04-21T14:28:54","date_gmt":"2022-04-21T13:28:54","guid":{"rendered":"https:\/\/www.moskito.cz\/produkt\/vystrelovaci-noz-microtech-utx-70-satin-double-edge-147-4vi\/"},"modified":"2025-05-07T10:41:34","modified_gmt":"2025-05-07T09:41:34","slug":"vystrelovaci-noz-microtech-utx-70-satin-double-edge-147-4vi","status":"publish","type":"product","link":"https:\/\/www.moskito.cz\/sk\/produkt\/vystrelovaci-noz-microtech-utx-70-satin-double-edge-147-4vi\/","title":{"rendered":"Vystre\u013eovac\u00ed N\u00f4\u017e Microtech UTX-70 Satin Double Edge 147-4VI"},"content":{"rendered":"<p>Vystre\u013eovac\u00ed N\u00f4\u017e Microtech UTX-70 Satin Double Edge 147-4VI<\/p>\n<p>UTX-70 je perfektnou kombin\u00e1ciou kompaktnej ve\u013ekosti a ve\u013ek\u00e9ho v\u00fdkonu. Pri ve\u013ekosti 70% Ultratech je UTX-70 vyroben\u00fd z rovnak\u00e9ho materi\u00e1lu, na rovnak\u00fdch strojoch as rovnakou vynaliezavos\u0165ou ako jeho predchodca. UTX-70 je perfektn\u00fd n\u00f4\u017e pre v\u0161etky situ\u00e1cie, bez oh\u013eadu na to, ak\u00fa \u00falohu re\u017eete, bude sa hladko prep\u00e1ja\u0165 s va\u0161im \u017eivotn\u00fdm \u0161t\u00fdlom. V\u010faka r\u00fdchlemu otv\u00e1raniu a zatv\u00e1raniu jednou rukou zvl\u00e1dne pr\u00e1cu v priebehu nieko\u013ek\u00fdch sek\u00fand. UTX-70 m\u00e1 mnoho dostupn\u00fdch mo\u017enost\u00ed, ako s\u00fa \u0161t\u00fdly \u010depele s jednoduch\u00fdm ostr\u00edm, dvojit\u00fdm ostr\u00edm alebo tanto. K dispoz\u00edcii je aj hlin\u00edkov\u00e1 horn\u00e1 doska, \u010dierna doska z uhl\u00edkov\u00fdch vl\u00e1kien alebo horn\u00e1 doska z platinov\u00fdch uhl\u00edkov\u00fdch vl\u00e1kien. Vybaven\u00fd obojstrann\u00fdm vreckov\u00fdm klipom a kompaktnou ve\u013ekos\u0165ou, je to perfektn\u00e1 vo\u013eba pre ka\u017edodenn\u00e9 pou\u017eitie a nosenie.<\/p>\n<p>Vezmite pros\u00edm na vedomie, \u017ee oce\u013e \u010depele nemo\u017eno \u0161pecifikova\u0165, preto\u017ee sa m\u00f4\u017ee meni\u0165 v z\u00e1vislosti od dostupnosti (inform\u00e1cie od Microtech)<\/p>\n<p>Celkov\u00e1 d\u013a\u017eka: 14.07 cm<br \/>\nD\u013a\u017eka \u010depele: 6.02 cm<br \/>\nHr\u00fabka \u010depele: 0,2 cm<br \/>\nMateri\u00e1l \u010depele: Bohler M390<br \/>\nTvrdos\u0165: 59-60 \u00b0 RC<br \/>\n\u0160t\u00fdl \u010depel\u00ed: Drop Point<br \/>\nBritov\u00e9 do\u0161ti\u010dky: Ploch\u00e9<br \/>\nD\u013a\u017eka rukov\u00e4te: 8.05 cm<br \/>\nHr\u00fabka rukov\u00e4te: 0,8 cm<\/p>\n","protected":false},"excerpt":{"rendered":"<p>V priebehu rokov Microtech\u00ae Knives naplnil v\u00e1\u0161\u0148ou a zru\u010dnos\u0165ou v\u00fdrobu no\u017eov, a\u017e z nich vytvoril takmer umeleck\u00e9 diela, ktor\u00e9 s\u00fa vrcholom funk\u010dnosti. V\u0161etky diely s\u00fa vyroben\u00e9 v USA.<br \/>\nNa v\u0161etky no\u017ee Microtech je do\u017eivotn\u00e1 z\u00e1ruka.<\/p>\n<p>Doprava zadarmo.<\/p>\n","protected":false},"featured_media":215301,"comment_status":"open","ping_status":"closed","template":"","meta":[],"pwb-brand":[3200],"product_brand":[],"product_cat":[3186,3197],"product_tag":[3668],"class_list":{"0":"post-226921","1":"product","2":"type-product","3":"status-publish","4":"has-post-thumbnail","6":"pwb-brand-microtech-sk","7":"product_cat-noze-sk","8":"product_cat-vystrelovacie-noze-sk","9":"product_tag-b2b-sk","11":"first","12":"outofstock","13":"taxable","14":"shipping-taxable","15":"purchasable","16":"product-type-simple"},"brands":[{"id":3200,"name":"Microtech","slug":"microtech-sk"}],"_links":{"self":[{"href":"https:\/\/www.moskito.cz\/sk\/wp-json\/wp\/v2\/product\/226921","targetHints":{"allow":["GET"]}}],"collection":[{"href":"https:\/\/www.moskito.cz\/sk\/wp-json\/wp\/v2\/product"}],"about":[{"href":"https:\/\/www.moskito.cz\/sk\/wp-json\/wp\/v2\/types\/product"}],"replies":[{"embeddable":true,"href":"https:\/\/www.moskito.cz\/sk\/wp-json\/wp\/v2\/comments?post=226921"}],"wp:featuredmedia":[{"embeddable":true,"href":"https:\/\/www.moskito.cz\/sk\/wp-json\/wp\/v2\/media\/215301"}],"wp:attachment":[{"href":"https:\/\/www.moskito.cz\/sk\/wp-json\/wp\/v2\/media?parent=226921"}],"wp:term":[{"taxonomy":"pwb-brand","embeddable":true,"href":"https:\/\/www.moskito.cz\/sk\/wp-json\/wp\/v2\/pwb-brand?post=226921"},{"taxonomy":"product_brand","embeddable":true,"href":"https:\/\/www.moskito.cz\/sk\/wp-json\/wp\/v2\/product_brand?post=226921"},{"taxonomy":"product_cat","embeddable":true,"href":"https:\/\/www.moskito.cz\/sk\/wp-json\/wp\/v2\/product_cat?post=226921"},{"taxonomy":"product_tag","embeddable":true,"href":"https:\/\/www.moskito.cz\/sk\/wp-json\/wp\/v2\/product_tag?post=226921"}],"curies":[{"name":"wp","href":"https:\/\/api.w.org\/{rel}","templated":true}]}}