{"id":226933,"date":"2022-04-03T18:10:40","date_gmt":"2022-04-03T17:10:40","guid":{"rendered":"https:\/\/www.moskito.cz\/produkt\/vystrelovaci-noz-microtech-makora-stonewashed-signature-series-206-10s\/"},"modified":"2025-05-07T10:41:36","modified_gmt":"2025-05-07T09:41:36","slug":"vystrelovaci-noz-microtech-makora-stonewashed-signature-series-206-10s","status":"publish","type":"product","link":"https:\/\/www.moskito.cz\/sk\/produkt\/vystrelovaci-noz-microtech-makora-stonewashed-signature-series-206-10s\/","title":{"rendered":"Vystre\u013eovac\u00ed N\u00f4\u017e Microtech Makora Stonewashed Signature Series 206-10S"},"content":{"rendered":"<p>Vystre\u013eovac\u00ed N\u00f4\u017e <strong>Microtech<\/strong> Makora Stonewashed Signature Series 206-10S<\/p>\n<p>\u010cierna Double Edge (D\/E) Makora Signature Series s hladkou \u010depe\u013eou s povrchovou \u00fapravou Stonewash. Dvojit\u00e1 akcia Out the Front (OTF) n\u00f4\u017e. \u010cierna eloxovan\u00e1 hlin\u00edkov\u00e1 rukov\u00e4\u0165 6061-T6 s p\u00e1skovou vlo\u017ekou a \u010depe\u013eou z ocele M390.<\/p>\n<p>Celkov\u00e1 d\u013a\u017eka: 9,44&#8243; (239,7125 mm)<br \/>\nD\u013a\u017eka v zatvorenom stave: 6,19&#8243; (157,15 mm)<br \/>\nD\u013a\u017eka \u010depele: 3,25&#8243; (82,55 mm)<br \/>\nHr\u00fabka \u010depele: 0,125&#8243; (3,175 mm)<br \/>\nPovrchov\u00e1 \u00faprava \u010depele: Stonewashed<br \/>\n\u0160t\u00fdl okraja: Oby\u010dajn\u00fd<br \/>\nMateri\u00e1l rukov\u00e4te: \u010dierny hlin\u00edk<br \/>\nVreckov\u00fd klip: Tip-Down<br \/>\nHmotnos\u0165: 3,4 oz ( 96,39 g)<\/p>\n<p><iframe title=\"Microtech Combat Troodon Torture Test\" width=\"800\" height=\"450\" src=\"https:\/\/www.youtube.com\/embed\/xE9TeOFYEjg?feature=oembed\" frameborder=\"0\" allow=\"accelerometer; autoplay; clipboard-write; encrypted-media; gyroscope; picture-in-picture; web-share\" allowfullscreen><\/iframe><\/p>\n<p>&nbsp;<\/p>\n<p>&nbsp;<\/p>\n<p>Black Double Edge (D\/E) Makora Signature Series with stonewash finished plain edge blade. Double action Out the Front (OTF) n\u00f4\u017e. \u010cierna anodized 6061-T6 hlin\u00edkov\u00e1 rukov\u00e4\u0165 s grip p\u00e1skou insert a M390 steel blade.<\/p>\n<p>Microtech Makora &#8211; Double Edge &#8211; Black With Stonewash Plain Edge 206-10 S<br \/>\nModel \u010d\u00edslo: 206-10 S<br \/>\nOverall Length: 8 5\/8&#8243;<br \/>\nBlade Length: 3.5&#8243;<br \/>\nHandle Length: 5 1\/8&#8243;<br \/>\nBlade Material: M390<br \/>\nBlade Style: Double Edge<br \/>\nFinish: Stonewash<br \/>\nColor: Black<br \/>\nWeight: 3.4 oz.<\/p>\n","protected":false},"excerpt":{"rendered":"<p>V priebehu rokov <strong>Microtech\u00ae<\/strong> Knives naplnil v\u00e1\u0161\u0148ou a zru\u010dnos\u0165ou v\u00fdrobu no\u017eov, a\u017e z nich vytvoril takmer umeleck\u00e9 diela, ktor\u00e9 s\u00fa vrcholom funk\u010dnosti. V\u0161etky diely s\u00fa vyroden\u00e9 v USA.<br \/>\n<strong>Na v\u0161etky no\u017ee Microtech je do\u017eivotn\u00e1 z\u00e1ruka (min. 80 000 cyklov, otvorenie a zatvorenie)<\/strong><\/p>\n<p><strong>Doprava zadarmo.<\/strong><\/p>\n","protected":false},"featured_media":213669,"comment_status":"open","ping_status":"closed","template":"","meta":[],"pwb-brand":[3200],"product_brand":[],"product_cat":[3186,3197],"product_tag":[3668],"class_list":{"0":"post-226933","1":"product","2":"type-product","3":"status-publish","4":"has-post-thumbnail","6":"pwb-brand-microtech-sk","7":"product_cat-noze-sk","8":"product_cat-vystrelovacie-noze-sk","9":"product_tag-b2b-sk","11":"first","12":"instock","13":"taxable","14":"shipping-taxable","15":"purchasable","16":"product-type-simple"},"brands":[{"id":3200,"name":"Microtech","slug":"microtech-sk"}],"_links":{"self":[{"href":"https:\/\/www.moskito.cz\/sk\/wp-json\/wp\/v2\/product\/226933","targetHints":{"allow":["GET"]}}],"collection":[{"href":"https:\/\/www.moskito.cz\/sk\/wp-json\/wp\/v2\/product"}],"about":[{"href":"https:\/\/www.moskito.cz\/sk\/wp-json\/wp\/v2\/types\/product"}],"replies":[{"embeddable":true,"href":"https:\/\/www.moskito.cz\/sk\/wp-json\/wp\/v2\/comments?post=226933"}],"wp:featuredmedia":[{"embeddable":true,"href":"https:\/\/www.moskito.cz\/sk\/wp-json\/wp\/v2\/media\/213669"}],"wp:attachment":[{"href":"https:\/\/www.moskito.cz\/sk\/wp-json\/wp\/v2\/media?parent=226933"}],"wp:term":[{"taxonomy":"pwb-brand","embeddable":true,"href":"https:\/\/www.moskito.cz\/sk\/wp-json\/wp\/v2\/pwb-brand?post=226933"},{"taxonomy":"product_brand","embeddable":true,"href":"https:\/\/www.moskito.cz\/sk\/wp-json\/wp\/v2\/product_brand?post=226933"},{"taxonomy":"product_cat","embeddable":true,"href":"https:\/\/www.moskito.cz\/sk\/wp-json\/wp\/v2\/product_cat?post=226933"},{"taxonomy":"product_tag","embeddable":true,"href":"https:\/\/www.moskito.cz\/sk\/wp-json\/wp\/v2\/product_tag?post=226933"}],"curies":[{"name":"wp","href":"https:\/\/api.w.org\/{rel}","templated":true}]}}