{"id":226944,"date":"2022-04-09T20:50:31","date_gmt":"2022-04-09T19:50:31","guid":{"rendered":"https:\/\/www.moskito.cz\/produkt\/vystrelovaci-noz-microtech-ultratech-122-13bl\/"},"modified":"2025-05-07T10:41:39","modified_gmt":"2025-05-07T09:41:39","slug":"vystrelovaci-noz-microtech-ultratech-122-13bl","status":"publish","type":"product","link":"https:\/\/www.moskito.cz\/sk\/produkt\/vystrelovaci-noz-microtech-ultratech-122-13bl\/","title":{"rendered":"Vystre\u013eovac\u00ed N\u00f4\u017e Microtech Ultratech 122-13BL"},"content":{"rendered":"<p>Vystre\u013eovac\u00ed N\u00f4\u017e <strong>Microtech<\/strong> Ultratech 122-13BL<\/p>\n<p>Spredu vystre\u013eovac\u00ed n\u00f4\u017e.<\/p>\n<p>Vystre\u013eovac\u00ed N\u00f4\u017e Microtech Ultratech je vybaven\u00fd dvojitou \u010depe\u013eou s jednoduch\u00fdmi rezn\u00fdmi hranami. M\u00e1 tvarovan\u00fa hlin\u00edkov\u00fa rukov\u00e4\u0165 z eloxovan\u00e9ho hlin\u00edka 6061-T6 s guli\u010dkov\u00fdm hrotom, ktor\u00fd je z u\u0161\u013eachtilej ocele.<\/p>\n<p>Microtech vybavil t\u00fato verziu st\u00e1le popul\u00e1rneho Ultratech D\/A OTF n\u00f4\u017e s hladk\u00fdm konturovan\u00fdm dizajnom rukov\u00e4te, ktor\u00fd zvy\u0161uje komfort pri pou\u017e\u00edvan\u00ed. Tento aktualizovan\u00fd model poskytuje rovnak\u00e9 rozmery, hardv\u00e9r a trvanlivos\u0165 pon\u00fakan\u00e9 variantom \u201eTri-Grip\u201c, jednoduch\u0161ie ide do ruky a aj do vrecka.<\/p>\n<p>Pre t\u00fdch, ktor\u00ed nie s\u00fa obozn\u00e1men\u00ed s technol\u00f3giou Ultratech, je to plne automatick\u00fd n\u00f4\u017e s dvojit\u00fdm mechanizmom mimo prednej strany, \u010do znamen\u00e1, \u017ee \u010depe\u013e sa pomocou palca sa sklop\u00ed a zasunie. N\u00f4\u017e Ultratech spolo\u010dnosti Microtech nastavil latku pre v\u0161etky no\u017ee OTF.<\/p>\n<p><strong>Materi\u00e1l \u010depele: Upozor\u0148ujeme, \u017ee oce\u013e \u010depele nie je mo\u017en\u00e9 \u0161pecifikova\u0165, preto\u017ee sa m\u00f4\u017ee meni\u0165 v z\u00e1vislosti od dostupnosti (inform\u00e1cie od Microtech)<\/strong><\/p>\n<p>Celkov\u00e1 d\u013a\u017eka: 22 cm<br \/>\nD\u013a\u017eka \u010depele: 8.6 cm<br \/>\nMateri\u00e1l \u010depele: Bohler M390<br \/>\n\u0160t\u00fdl \u010depele: D\u00fdka<br \/>\nBritov\u00e9 do\u0161ti\u010dky: Ploch\u00e9<br \/>\nTyp okraja: oby\u010dajn\u00fd<br \/>\nMateri\u00e1l rukov\u00e4te: hlin\u00edk<br \/>\nHmotnos\u0165: 3,60 oz.<br \/>\nU\u017e\u00edvate\u013e: Prav\u00e1 ruka<br \/>\nPocket Clip: Tip-Down<br \/>\nTyp no\u017ea: Double-Action OTF Automatic<br \/>\nOtv\u00e1ra\u010d: Thumb Slide<br \/>\nZna\u010dka: Microtech<br \/>\nModel: Ultratech<br \/>\nKrajina p\u00f4vodu: USA<br \/>\nNajlep\u0161ie pou\u017eitie: Ka\u017edodenn\u00e9<\/p>\n<p><iframe title=\"Microtech Combat Troodon Torture Test\" width=\"800\" height=\"450\" src=\"https:\/\/www.youtube.com\/embed\/xE9TeOFYEjg?feature=oembed\" frameborder=\"0\" allow=\"accelerometer; autoplay; clipboard-write; encrypted-media; gyroscope; picture-in-picture; web-share\" allowfullscreen><\/iframe><\/p>\n<p>The Ultratech, bude forever nastavi\u0165 \u0161tandard pre v\u0161etky out-the-front knives. Ultratech je s Microtech s origin\u00e1lnym dual-action out-the-front n\u00f4\u017e, a m\u00e1 by\u0165 zhroma\u017e\u010fovanie ich entire OTF line. Over na roky, to je gone cez sever\u00e1lne modifik\u00e1cie, ka\u017ed\u00fd \u010das prejde viac efekt\u00edvny a reliable. T\u00e1to verzia m\u00e1 zatvoren\u00fa rukov\u00e4\u0165 s text\u00farou palec sn\u00edmok pre viac pozit\u00edvny n\u00e1kup. The Ultratech&#8217;s jarn\u00e9 remains v an \u201eat rest\u201c position at all times except ke\u010f deployed. Tieto n\u00e1nosy, ktor\u00e9 s\u00fa navrhnut\u00e9 na jar, nie s\u00fa fatiguedn\u00e9, dok\u00e1\u017eu pou\u017e\u00edvate\u013eov, ke\u010f pri no\u017ei\u010dke je ohnut\u00fd, to bude efekt\u00edvne fungova\u0165. Ultratech m\u00f4\u017ee tie\u017e ve\u013ea r\u00f4znych foriem; it m\u00f4\u017ee by\u0165 topped with \u0161tandardn\u00e9 aluminum top alebo piece of carbon fiber. Ultratech&#8217;s light weight, jeden ru\u010dne otv\u00e1ran\u00fd a zav\u0155\u0161en\u00fd akcia, \u0161t\u00edhly tvar, a scalpel sharp blade make it a jeden z druhov n\u00f4\u017e, only available through Microtech. T\u00e1to n\u00f4\u017e ha proven time and again that it can withstand any obstacle. Only time will tell what the next step will be for the Ultratech s\u00e9rie.<br \/>\nSpecifications<\/p>\n<p>Automatic Opening\/Closing \u2013 Front Opener<br \/>\nAction: Duel Action \u2013 Auto Fire\/Retract<br \/>\nBlade: 0.125\u2033 Thick<br \/>\nBlade Length: 3.46\u2033<br \/>\nBlade Style: Dagger, Satin Finish, Double Edge, Plain Edge<br \/>\nHandle Thickness: 0.640\u2033<br \/>\nHandle Material: 6061-T6 Aluminum Mil-Spec Hard Coat Anodize<br \/>\nLength Closed: 4.84\u2033<br \/>\nLength Open: 8.30\u2033<br \/>\nPocket Clip Material: 301 Stainless Full Hard<br \/>\n\u0160tandard Top: 6061-T6 AL Alloy<br \/>\nTrigger: 303 Stainless<br \/>\nPlease note, blade steel cannot m\u00f4\u017ee by\u0165 \u0161pecifikovan\u00fd ako to m\u00f4\u017ee by\u0165 alternat\u00edva (information from Microtech)<br \/>\nMade in USA<\/p>\n","protected":false},"excerpt":{"rendered":"<p>V priebehu rokov <strong>Microtech\u00ae Knives<\/strong> naplnil v\u00e1\u0161\u0148ou a zru\u010dnos\u0165ou v\u00fdrobu no\u017eov, a\u017e z nich vytvoril takmer umeleck\u00e9 diela, ktor\u00e9 s\u00fa vrcholom funk\u010dnosti. V\u0161etky diely s\u00fa vyroben\u00e9 v USA.<br \/>\n<strong>Na v\u0161etky no\u017ee Microtech je do\u017eivotn\u00e1 z\u00e1ruka.<\/strong><\/p>\n<p><strong>Doprava zadarmo.<\/strong><\/p>\n","protected":false},"featured_media":226963,"comment_status":"open","ping_status":"closed","template":"","meta":[],"pwb-brand":[3200],"product_brand":[],"product_cat":[3186,3197],"product_tag":[3668],"class_list":{"0":"post-226944","1":"product","2":"type-product","3":"status-publish","4":"has-post-thumbnail","6":"pwb-brand-microtech-sk","7":"product_cat-noze-sk","8":"product_cat-vystrelovacie-noze-sk","9":"product_tag-b2b-sk","11":"first","12":"instock","13":"taxable","14":"shipping-taxable","15":"purchasable","16":"product-type-simple"},"brands":[{"id":3200,"name":"Microtech","slug":"microtech-sk"}],"_links":{"self":[{"href":"https:\/\/www.moskito.cz\/sk\/wp-json\/wp\/v2\/product\/226944","targetHints":{"allow":["GET"]}}],"collection":[{"href":"https:\/\/www.moskito.cz\/sk\/wp-json\/wp\/v2\/product"}],"about":[{"href":"https:\/\/www.moskito.cz\/sk\/wp-json\/wp\/v2\/types\/product"}],"replies":[{"embeddable":true,"href":"https:\/\/www.moskito.cz\/sk\/wp-json\/wp\/v2\/comments?post=226944"}],"wp:featuredmedia":[{"embeddable":true,"href":"https:\/\/www.moskito.cz\/sk\/wp-json\/wp\/v2\/media\/226963"}],"wp:attachment":[{"href":"https:\/\/www.moskito.cz\/sk\/wp-json\/wp\/v2\/media?parent=226944"}],"wp:term":[{"taxonomy":"pwb-brand","embeddable":true,"href":"https:\/\/www.moskito.cz\/sk\/wp-json\/wp\/v2\/pwb-brand?post=226944"},{"taxonomy":"product_brand","embeddable":true,"href":"https:\/\/www.moskito.cz\/sk\/wp-json\/wp\/v2\/product_brand?post=226944"},{"taxonomy":"product_cat","embeddable":true,"href":"https:\/\/www.moskito.cz\/sk\/wp-json\/wp\/v2\/product_cat?post=226944"},{"taxonomy":"product_tag","embeddable":true,"href":"https:\/\/www.moskito.cz\/sk\/wp-json\/wp\/v2\/product_tag?post=226944"}],"curies":[{"name":"wp","href":"https:\/\/api.w.org\/{rel}","templated":true}]}}