{"id":226969,"date":"2022-04-07T21:08:30","date_gmt":"2022-04-07T20:08:30","guid":{"rendered":"https:\/\/www.moskito.cz\/produkt\/vystrelovaci-noz-microtech-marfione-mini-halo-iii\/"},"modified":"2025-05-07T10:41:40","modified_gmt":"2025-05-07T09:41:40","slug":"vystrelovaci-noz-microtech-marfione-mini-halo-iii","status":"publish","type":"product","link":"https:\/\/www.moskito.cz\/sk\/produkt\/vystrelovaci-noz-microtech-marfione-mini-halo-iii\/","title":{"rendered":"Vystre\u013eovac\u00ed N\u00f4\u017e Microtech Marfione Mini Halo III"},"content":{"rendered":"<p>Vystre\u013eovac\u00ed N\u00f4\u017e <strong>Microtech<\/strong> Marfione Mini Halo III<\/p>\n<p><strong>Jedin\u00fd kus v Eur\u00f3pe !!!!<\/strong><\/p>\n<p>Halo Automatic od Tonyho Marfionea je triedou sveta OTF a m\u00e1 jednu z najsilnej\u0161\u00edch vystre\u013eovac\u00edch \u010depel\u00ed, ak\u00e9 sme kedy videli. Tla\u010didlo bleskur\u00fdchlo vystrel\u00ed \u010depe\u013e a z\u00e1rove\u0148 \u010depe\u013e odist\u00ed, tak\u017ee ke\u010f zatiahnete za p\u00fatko na tupom konci no\u017ea, \u010depe\u013e sa \u013eahko zasunie do rukov\u00e4te a znovu vystrel\u00ed. Tento Mini Halo III OTF obsahuje zrkadlovo le\u0161ten\u00fa \u010depe\u013e M390 tanto, \u010diernu hlin\u00edkov\u00fa rukov\u00e4\u0165, dvojito otryskan\u00fd hardv\u00e9r a dod\u00e1va sa vo vlastnom puzdre z uhl\u00edkov\u00fdch vl\u00e1kien s kovov\u00fdm certifik\u00e1tom pravosti. Jedn\u00e1 sa o \u00faplne \u00fa\u017easn\u00fd vysoko zberate\u013esk\u00fd k\u00fasok a skuto\u010dne v\u00e1m d\u00e1va nahliadnu\u0165 do toho, ak\u00e9 pekn\u00e9 m\u00f4\u017eu by\u0165 predn\u00e9 AUTO, obzvl\u00e1\u0161\u0165 tie takto mal\u00e9.<\/p>\n<p>\u0160pecifik\u00e1cia<br \/>\nD\u013a\u017eka \u010depele: 5 cm<br \/>\nCelkov\u00e1 d\u013a\u017eka: 12 cm<br \/>\nMateri\u00e1l \u010depele: M390 Nerezov\u00e1 oce\u013e<br \/>\n\u0160t\u00fdl \u010depele: Tanto<br \/>\nBr\u00fasenie \u010depele: Dut\u00e1, hviezdicov\u00e1 mrie\u017eka<br \/>\nPovrchov\u00e1 \u00faprava \u010depele: Mirror Polish<br \/>\nMateri\u00e1l rukov\u00e4te: Tvrd\u00fd eloxovan\u00fd hlin\u00edk 6061-T6<br \/>\nUzamykac\u00ed mechanizmus: Tla\u010didlo<br \/>\nVreckov\u00fd klip: \u017diadny<br \/>\nMateri\u00e1l puzdra: Vlastn\u00e9 puzdro z uhl\u00edkov\u00fdch vl\u00e1kien<br \/>\nHmotnos\u0165: 0,5 oz.<br \/>\nDizajn\u00e9ri: Tony a Sean Marfione<br \/>\nRu\u010dn\u00e1 v\u00fdroba v USA<\/p>\n<p><iframe title=\"Microtech Combat Troodon Torture Test\" width=\"800\" height=\"450\" src=\"https:\/\/www.youtube.com\/embed\/xE9TeOFYEjg?feature=oembed\" frameborder=\"0\" allow=\"accelerometer; autoplay; clipboard-write; encrypted-media; gyroscope; picture-in-picture; web-share\" allowfullscreen><\/iframe><\/p>\n<p>&nbsp;<\/p>\n<p>MCKMHALO3SG: Mini Halo III OTF AUTO &#8211; Mirror Polish Star Grind<br \/>\nMarfione Custom Knives<br \/>\nThe Halo Automatic z Tony Marfione je kateg\u00f3ria svetov\u00e9ho OTF a m\u00e1 jeden strongest \u017eralo\u010d\u00ed blades we&#8217;ve ever seen. Push-button po\u017eiare blade z bleskovej-fast a to tie\u017e unlocks blade so, \u017ee ke\u010f ste strihali tabu\u013eu na op\u00e4\u0165 koniec n\u00f4\u017e, blade retracts \u013eahko do ruku do po\u017eiaru. Tento Mini Halo III OTF zah\u0155\u0148a mirror-polished M390 tant blade, \u010dierna hlin\u00edkov\u00e1 rukov\u00e4\u0165, dvojit\u00fd vapor blasted hardv\u00e9r, a to prinesie do svojho vlastn\u00e9ho \u010dist\u00e9ho uh\u013eohydr\u00e1tov\u00e9ho casu s kovovou certifik\u00e1ciou authenticity. Je to \u00faplne absol\u00fatne amazing vysok\u00e9 collectible a je re\u00e1lne h\u013ead\u00ed, \u017ee sa chyst\u00e1te na to, aby sa pekn\u00e9 z prednej \u010dasti AUTOs, najm\u00e4 oni, \u017ee tento mal\u00fd, m\u00f4\u017ee by\u0165.<\/p>\n<p>Specifications<br \/>\nBlade Length: 2,00&#8243;<br \/>\nCutting Edge: 1.92&#8243;<br \/>\nClosed Length: 2,69&#8243;<br \/>\nOverall Length: 4.65&#8243;<br \/>\nBlade Materials: M390 Stainless Steel<br \/>\nBlade Thickness: 0.075&#8243;<br \/>\nBlade Style: Tanto<br \/>\nBlade Grind: Hollow, Star Grid<br \/>\nBlade Finish: Mirror Polish<br \/>\nHandle Material: Hard Coat Anodized 6061-T6 Aluminum<br \/>\nHandle Thickness: 0.214&#8243;<br \/>\nLocking Mechanism: Button<br \/>\nPocket Clip: None<br \/>\nCase Material: Custom Carbon Fiber Case<br \/>\nWeight: 0.5 oz.<br \/>\nDesigners: Tony and Sean Marfione<br \/>\nHandmade in the USA<\/p>\n","protected":false},"excerpt":{"rendered":"<p>Vystre\u013eovac\u00ed N\u00f4\u017e Microtech Marfione Mini Halo III Jedin\u00fd kus v Eur\u00f3pe !!!! Halo Automatic od Tonyho Marfionea je triedou sveta OTF a m\u00e1 jednu z najsilnej\u0161\u00edch vystre\u013eovac\u00edch \u010depel\u00ed, ak\u00e9 sme kedy videli. Tla\u010didlo bleskur\u00fdchlo vystrel\u00ed \u010depe\u013e a z\u00e1rove\u0148 \u010depe\u013e odist\u00ed, tak\u017ee ke\u010f zatiahnete za p\u00fatko na tupom konci no\u017ea, \u010depe\u013e sa \u013eahko zasunie do rukov\u00e4te [&hellip;]<\/p>\n","protected":false},"featured_media":214032,"comment_status":"open","ping_status":"closed","template":"","meta":[],"pwb-brand":[3200],"product_brand":[],"product_cat":[3186,3197],"product_tag":[3668],"class_list":{"0":"post-226969","1":"product","2":"type-product","3":"status-publish","4":"has-post-thumbnail","6":"pwb-brand-microtech-sk","7":"product_cat-noze-sk","8":"product_cat-vystrelovacie-noze-sk","9":"product_tag-b2b-sk","11":"first","12":"outofstock","13":"taxable","14":"shipping-taxable","15":"purchasable","16":"product-type-simple"},"brands":[{"id":3200,"name":"Microtech","slug":"microtech-sk"}],"_links":{"self":[{"href":"https:\/\/www.moskito.cz\/sk\/wp-json\/wp\/v2\/product\/226969","targetHints":{"allow":["GET"]}}],"collection":[{"href":"https:\/\/www.moskito.cz\/sk\/wp-json\/wp\/v2\/product"}],"about":[{"href":"https:\/\/www.moskito.cz\/sk\/wp-json\/wp\/v2\/types\/product"}],"replies":[{"embeddable":true,"href":"https:\/\/www.moskito.cz\/sk\/wp-json\/wp\/v2\/comments?post=226969"}],"wp:featuredmedia":[{"embeddable":true,"href":"https:\/\/www.moskito.cz\/sk\/wp-json\/wp\/v2\/media\/214032"}],"wp:attachment":[{"href":"https:\/\/www.moskito.cz\/sk\/wp-json\/wp\/v2\/media?parent=226969"}],"wp:term":[{"taxonomy":"pwb-brand","embeddable":true,"href":"https:\/\/www.moskito.cz\/sk\/wp-json\/wp\/v2\/pwb-brand?post=226969"},{"taxonomy":"product_brand","embeddable":true,"href":"https:\/\/www.moskito.cz\/sk\/wp-json\/wp\/v2\/product_brand?post=226969"},{"taxonomy":"product_cat","embeddable":true,"href":"https:\/\/www.moskito.cz\/sk\/wp-json\/wp\/v2\/product_cat?post=226969"},{"taxonomy":"product_tag","embeddable":true,"href":"https:\/\/www.moskito.cz\/sk\/wp-json\/wp\/v2\/product_tag?post=226969"}],"curies":[{"name":"wp","href":"https:\/\/api.w.org\/{rel}","templated":true}]}}