{"id":226999,"date":"2022-04-03T20:34:11","date_gmt":"2022-04-03T19:34:11","guid":{"rendered":"https:\/\/www.moskito.cz\/produkt\/vystrelovaci-noz-microtech-signature-series-ultratech-ii-stonewashed-122ii-10s\/"},"modified":"2025-05-07T10:41:42","modified_gmt":"2025-05-07T09:41:42","slug":"vystrelovaci-noz-microtech-signature-series-ultratech-ii-stonewashed-122ii-10s","status":"publish","type":"product","link":"https:\/\/www.moskito.cz\/sk\/produkt\/vystrelovaci-noz-microtech-signature-series-ultratech-ii-stonewashed-122ii-10s\/","title":{"rendered":"Vystre\u013eovac\u00ed N\u00f4\u017e Microtech Signature Series Ultratech II Stonewashed 122II-10S"},"content":{"rendered":"<p>Vystre\u013eovac\u00ed N\u00f4\u017e <strong>Microtech<\/strong> Signature Series Ultratech II Stonewashed 122II-10S<\/p>\n<p><strong>Ultratech<\/strong> je origin\u00e1lny dvoj\u010dinn\u00fd predn\u00fd n\u00f4\u017e Microtech a bol z\u00e1kladom cel\u00e9ho radu OTF. V priebehu rokov pre\u0161iel nieko\u013ek\u00fdmi \u00fapravami, zaka\u017ed\u00fdm sa stal \u00fa\u010dinnej\u0161\u00edm a spo\u013eahlivej\u0161\u00edm. Tento Ultratech II m\u00e1 vylep\u0161en\u00e9 text\u00farovanie rukov\u00e4te pre pozit\u00edvnej\u0161\u00ed n\u00e1kup. Pru\u017eina Ultratechu zost\u00e1va v \u201ek\u013eudovej\u201c polohe po cel\u00fa dobu, s v\u00fdnimkou roztiahnutia. T\u00fdm je zaisten\u00e9, \u017ee sa stla\u010den\u00e1 pru\u017eina neunav\u00ed, \u010do pou\u017e\u00edvate\u013eom zais\u0165uje, \u017ee ke\u010f je n\u00f4\u017e vystrelen\u00fd, bude fungova\u0165 efekt\u00edvne. \u013dahk\u00fd n\u00f4\u017e Ultratech s mo\u017enos\u0165ou otv\u00e1rania a zatv\u00e1rania jednou rukou, \u0161t\u00edhly tvar a \u010depe\u013e ostr\u00e1 ako skalpel z neho robia jedine\u010dn\u00fd n\u00f4\u017e, ktor\u00fd je dostupn\u00fd iba u Microtech. Tento n\u00f4\u017e znova a znova preuk\u00e1zal, \u017ee odol\u00e1 akejko\u013evek prek\u00e1\u017eke.<\/p>\n<p>Materi\u00e1l \u010depele: Oce\u013e \u010depele pre tento rok bude M390 &#8211; do vypredania z\u00e1sob kovu, \u010depele m\u00f4\u017eu by\u0165 tie\u017e CTS-204P alebo Elmax<\/p>\n<p>Celkov\u00e1 d\u013a\u017eka: 22 cm<br \/>\nD\u013a\u017eka \u010depele: 8.6 cm<br \/>\nMateri\u00e1l \u010depele: Bohler M390<br \/>\n\u0160t\u00fdl \u010depele: D\u00fdka<br \/>\nBritov\u00e9 do\u0161ti\u010dky: Ploch\u00e9<br \/>\nTyp okraja: oby\u010dajn\u00fd<br \/>\nMateri\u00e1l rukov\u00e4te: hlin\u00edk<br \/>\nHmotnos\u0165: 3,60 oz.<br \/>\nU\u017e\u00edvate\u013e: Prav\u00e1 ruka<br \/>\nPocket Clip: Tip-Down<br \/>\nTyp no\u017ea: Double-Action OTF Automatic<br \/>\nOtv\u00e1ra\u010d: Thumb Slide<br \/>\nZna\u010dka: Microtech<br \/>\nModel: Ultratech<br \/>\nKrajina p\u00f4vodu: USA<br \/>\nNajlep\u0161ie pou\u017eitie: Ka\u017edodenn\u00e9<\/p>\n<p><iframe title=\"Microtech Combat Troodon Torture Test\" width=\"800\" height=\"450\" src=\"https:\/\/www.youtube.com\/embed\/xE9TeOFYEjg?feature=oembed\" frameborder=\"0\" allow=\"accelerometer; autoplay; clipboard-write; encrypted-media; gyroscope; picture-in-picture; web-share\" allowfullscreen><\/iframe><\/p>\n<p>&nbsp;<\/p>\n<p>Ultratech je Microtech s origin\u00e1lnym dual-action z frontu n\u00f4\u017e a m\u00e1 by\u0165 zhroma\u017eden\u00fd svoj\u00edm entirom OTF line. Over na roky, to je gone cez sever\u00e1lne modifik\u00e1cie, ka\u017ed\u00fd \u010das prejde viac efekt\u00edvny a reliable. Tento Ultratech II m\u00e1 improved handle texturing pre more positive purchase. Ultratech&#8217;s jarn\u00e9 remains v &#8222;a zvy\u0161ok&#8220; poz\u00edcie na v\u0161etky \u010dasy except pri deployed. Tieto n\u00e1nosy, ktor\u00e9 s\u00fa navrhnut\u00e9 na jar, nie s\u00fa fatiguedn\u00e9, dok\u00e1\u017eu pou\u017e\u00edvate\u013eov, ke\u010f pri no\u017ei\u010dke je ohnut\u00fd, to bude efekt\u00edvne fungova\u0165. Ultratech&#8217;s lightweight, one-handed open and close action, slim shape, a scalpel-sharp blade make it a one-of-a-kind n\u00f4\u017e, only available through Microtech. T\u00e1to n\u00f4\u017e ha proven time and again that it can withstand any obstacle. Ultratech bude upravova\u0165 nastavenie \u0161tandardu pre v\u0161etky vonkaj\u0161ie fronty knives a Ultratech II je ve\u013ek\u00e1 addition to rodina.<\/p>\n<p>Specifications<br \/>\nBlade Length: 3,50&#8243;<br \/>\nCutting Edge: 3.25&#8243;<br \/>\nClosed Length: 5.00&#8243;<br \/>\nOverall Length: 8.50&#8243;<br \/>\nBlade Material: Blade steel pre tento rok bude M390 &#8211; k\u00fdm metal supplies last, blades can also be CTS-204P alebo Elmax<br \/>\nBlade Thickness: 0.125&#8243;<br \/>\nBlade Style: Double Edge Dagger<br \/>\nBlade Grind: Flat<br \/>\nBlade Finish: Stonewash<br \/>\nHandle Material: Black Machined Aluminum<br \/>\nHandle Thickness: 0.500&#8243;<br \/>\nLocking Mechanism: Slide<br \/>\nPocket Clip: Stainless Steel (Tip-Down, Right\/Left Carry)<br \/>\nWeight: 3.20 oz.<br \/>\nDesigner: Tony Marfione<br \/>\nMade in the USA<\/p>\n","protected":false},"excerpt":{"rendered":"<p><strong>V priebehu rokov Microtech\u00ae Knives naplnil v\u00e1\u0161\u0148ou a zru\u010dnos\u0165ou v\u00fdrobu no\u017eov,<\/strong><br \/>\n<strong>a\u017e z nich vytvoril takmer umeleck\u00e9 diela, ktor\u00e9 s\u00fa vrcholom funk\u010dnosti. V\u0161etky diely s\u00fa vyroben\u00e9 v USA.<\/strong><br \/>\n<strong>Na v\u0161etky no\u017ee Microtech je do\u017eivotn\u00e1 z\u00e1ruka.<\/strong><\/p>\n<p><strong>Doprava zadarmo.<\/strong><\/p>\n","protected":false},"featured_media":213689,"comment_status":"open","ping_status":"closed","template":"","meta":[],"pwb-brand":[3200],"product_brand":[],"product_cat":[3186,3197],"product_tag":[3668],"class_list":{"0":"post-226999","1":"product","2":"type-product","3":"status-publish","4":"has-post-thumbnail","6":"pwb-brand-microtech-sk","7":"product_cat-noze-sk","8":"product_cat-vystrelovacie-noze-sk","9":"product_tag-b2b-sk","11":"first","12":"instock","13":"taxable","14":"shipping-taxable","15":"purchasable","16":"product-type-simple"},"brands":[{"id":3200,"name":"Microtech","slug":"microtech-sk"}],"_links":{"self":[{"href":"https:\/\/www.moskito.cz\/sk\/wp-json\/wp\/v2\/product\/226999","targetHints":{"allow":["GET"]}}],"collection":[{"href":"https:\/\/www.moskito.cz\/sk\/wp-json\/wp\/v2\/product"}],"about":[{"href":"https:\/\/www.moskito.cz\/sk\/wp-json\/wp\/v2\/types\/product"}],"replies":[{"embeddable":true,"href":"https:\/\/www.moskito.cz\/sk\/wp-json\/wp\/v2\/comments?post=226999"}],"wp:featuredmedia":[{"embeddable":true,"href":"https:\/\/www.moskito.cz\/sk\/wp-json\/wp\/v2\/media\/213689"}],"wp:attachment":[{"href":"https:\/\/www.moskito.cz\/sk\/wp-json\/wp\/v2\/media?parent=226999"}],"wp:term":[{"taxonomy":"pwb-brand","embeddable":true,"href":"https:\/\/www.moskito.cz\/sk\/wp-json\/wp\/v2\/pwb-brand?post=226999"},{"taxonomy":"product_brand","embeddable":true,"href":"https:\/\/www.moskito.cz\/sk\/wp-json\/wp\/v2\/product_brand?post=226999"},{"taxonomy":"product_cat","embeddable":true,"href":"https:\/\/www.moskito.cz\/sk\/wp-json\/wp\/v2\/product_cat?post=226999"},{"taxonomy":"product_tag","embeddable":true,"href":"https:\/\/www.moskito.cz\/sk\/wp-json\/wp\/v2\/product_tag?post=226999"}],"curies":[{"name":"wp","href":"https:\/\/api.w.org\/{rel}","templated":true}]}}