{"id":227004,"date":"2022-03-31T20:49:21","date_gmt":"2022-03-31T19:49:21","guid":{"rendered":"https:\/\/www.moskito.cz\/produkt\/vystrelovaci-noz-microtech-signature-series-satin-blade-utx-85-231ii-5s\/"},"modified":"2025-05-07T10:41:43","modified_gmt":"2025-05-07T09:41:43","slug":"vystrelovaci-noz-microtech-signature-series-satin-blade-utx-85-231ii-5s","status":"publish","type":"product","link":"https:\/\/www.moskito.cz\/sk\/produkt\/vystrelovaci-noz-microtech-signature-series-satin-blade-utx-85-231ii-5s\/","title":{"rendered":"Vystre\u013eovac\u00ed N\u00f4\u017e Microtech Signature Series Satin Blade UTX-85 231II-5s"},"content":{"rendered":"<ul>\n<li>Vystre\u013eovac\u00ed N\u00f4\u017e <strong>Microtech<\/strong> Signature Series Satin Blade UTX-85 231II-5s<\/li>\n<\/ul>\n<p>N\u00f4\u017e Microtech UTX-85 OTF je perfektnou kombin\u00e1ciou kompaktnej ve\u013ekosti a ve\u013ek\u00e9ho v\u00fdkonu. U 85% ve\u013ekosti Ultratech je Microtech UTX-85 vyroben\u00fd z rovnak\u00fdch materi\u00e1lov, na rovnak\u00fdch strojoch as rovnakou vynaliezavos\u0165ou ako jeho predchodca. Microtech UTX-85 je perfektn\u00fd n\u00f4\u017e pre v\u0161etky situ\u00e1cie \u2013 bez oh\u013eadu na to, ak\u00fa \u00falohu re\u017eete; bude hladko zapada\u0165 do v\u00e1\u0161ho \u017eivotn\u00e9ho \u0161t\u00fdlu. Tento UTX-85 II m\u00e1 vylep\u0161en\u00e9 text\u00farovanie rukov\u00e4te pre pozit\u00edvnej\u0161\u00ed n\u00e1kup. V\u010faka r\u00fdchlemu otv\u00e1raniu a zatv\u00e1raniu jednou rukou zvl\u00e1dne pr\u00e1cu v priebehu nieko\u013ek\u00fdch sek\u00fand. Vybaven\u00fd obojstrann\u00fdm vreckov\u00fdm klipom a kompaktnou ve\u013ekos\u0165ou, je to perfektn\u00e1 vo\u013eba pre ka\u017edodenn\u00e9 pou\u017eitie a nosenie.<\/p>\n<p>Celkov\u00e1 d\u013a\u017eka: 7,52&#8243; (191 mm)<br \/>\nD\u013a\u017eka v zatvorenom stave: 4,38&#8243; (111 mm)<br \/>\nD\u013a\u017eka \u010depele: 3,12&#8243; (79 mm)<br \/>\nD\u013a\u017eka reznej hrany: 2,96&#8243; (75 mm)<br \/>\nHr\u00fabka \u010depele: 0,128&#8243; (3,23 mm)<br \/>\nPovrchov\u00e1 \u00faprava \u010depele: sat\u00e9n<br \/>\n\u0160t\u00fdl \u010depele: Drop Point<br \/>\n\u0160t\u00fdl okraja: \u010ciasto\u010dne z\u00fabkovan\u00fd<br \/>\nMateri\u00e1l rukov\u00e4te: \u010dierny hlin\u00edk<br \/>\nHr\u00fabka rukov\u00e4te: 0,48&#8243; (12 mm)<br \/>\nVreckov\u00fd klip: Tip-Down<br \/>\nHmotnos\u0165: 2,9 oz (82,22 g)<br \/>\nV\u00fdrobca Ref. #: 231II-5S<br \/>\nKrajina p\u00f4vodu: USA<\/p>\n<p><iframe title=\"Microtech Combat Troodon Torture Test\" width=\"800\" height=\"450\" src=\"https:\/\/www.youtube.com\/embed\/xE9TeOFYEjg?feature=oembed\" frameborder=\"0\" allow=\"accelerometer; autoplay; clipboard-write; encrypted-media; gyroscope; picture-in-picture; web-share\" allowfullscreen><\/iframe><\/p>\n<p>&nbsp;<\/p>\n<p>Microtech Knives | UTX-85<br \/>\nUTX-85 n\u00f4\u017e modely v Ultratech, ale m\u00e1 by\u0165 reduced na 85% z ve\u013ekosti, tvoria ju ide\u00e1lny carry size. The handle is contoured, creating a grip that fits well in the hand.<\/p>\n<p>SPECS:<br \/>\nOverall Length: 7.52&#8243; (191mm)<br \/>\nClosed Length: 4.38&#8243; (111mm)<br \/>\nBlade Length: 3.12&#8243; (79mm)<br \/>\nCutting Edge Length: 2.96 &#8222;(75mm)<br \/>\nBlade Thickness: 0.128 &#8222;(3.23mm)<br \/>\nBlade Finish: Satin<br \/>\nBlade Style: Drop Point<br \/>\nEdge Style: Partially Serrated<br \/>\nHandle Material: Black Aluminum<br \/>\nHandle Thickness: 0.48 &#8222;(12mm)<br \/>\nPocket Clip: Tip-Down<br \/>\nWeight: 2.9oz (82.22g)<br \/>\nManufacturer Ref. #: 231II-5S<br \/>\nCountry of Origin: USA<\/p>\n","protected":false},"excerpt":{"rendered":"<p>V priebehu rokov <strong>Microtech\u00ae Knives<\/strong> naplnil v\u00e1\u0161\u0148ou a zru\u010dnos\u0165ou v\u00fdrobu no\u017eov, a\u017e z nich vytvoril takmer umeleck\u00e9 diela, ktor\u00e9 s\u00fa vrcholom funk\u010dnosti. V\u0161etky diely s\u00fa vyroben\u00e9 v USA.<br \/>\n<strong>Na v\u0161etky no\u017ee Microtech je do\u017eivotn\u00e1 z\u00e1ruka.<\/strong><\/p>\n<p><strong>Doprava zadarmo.<\/strong><\/p>\n","protected":false},"featured_media":213547,"comment_status":"open","ping_status":"closed","template":"","meta":[],"pwb-brand":[3200],"product_brand":[],"product_cat":[3186,3197],"product_tag":[3668],"class_list":{"0":"post-227004","1":"product","2":"type-product","3":"status-publish","4":"has-post-thumbnail","6":"pwb-brand-microtech-sk","7":"product_cat-noze-sk","8":"product_cat-vystrelovacie-noze-sk","9":"product_tag-b2b-sk","11":"first","12":"instock","13":"taxable","14":"shipping-taxable","15":"purchasable","16":"product-type-simple"},"brands":[{"id":3200,"name":"Microtech","slug":"microtech-sk"}],"_links":{"self":[{"href":"https:\/\/www.moskito.cz\/sk\/wp-json\/wp\/v2\/product\/227004","targetHints":{"allow":["GET"]}}],"collection":[{"href":"https:\/\/www.moskito.cz\/sk\/wp-json\/wp\/v2\/product"}],"about":[{"href":"https:\/\/www.moskito.cz\/sk\/wp-json\/wp\/v2\/types\/product"}],"replies":[{"embeddable":true,"href":"https:\/\/www.moskito.cz\/sk\/wp-json\/wp\/v2\/comments?post=227004"}],"wp:featuredmedia":[{"embeddable":true,"href":"https:\/\/www.moskito.cz\/sk\/wp-json\/wp\/v2\/media\/213547"}],"wp:attachment":[{"href":"https:\/\/www.moskito.cz\/sk\/wp-json\/wp\/v2\/media?parent=227004"}],"wp:term":[{"taxonomy":"pwb-brand","embeddable":true,"href":"https:\/\/www.moskito.cz\/sk\/wp-json\/wp\/v2\/pwb-brand?post=227004"},{"taxonomy":"product_brand","embeddable":true,"href":"https:\/\/www.moskito.cz\/sk\/wp-json\/wp\/v2\/product_brand?post=227004"},{"taxonomy":"product_cat","embeddable":true,"href":"https:\/\/www.moskito.cz\/sk\/wp-json\/wp\/v2\/product_cat?post=227004"},{"taxonomy":"product_tag","embeddable":true,"href":"https:\/\/www.moskito.cz\/sk\/wp-json\/wp\/v2\/product_tag?post=227004"}],"curies":[{"name":"wp","href":"https:\/\/api.w.org\/{rel}","templated":true}]}}