{"id":227006,"date":"2022-03-31T20:20:27","date_gmt":"2022-03-31T19:20:27","guid":{"rendered":"https:\/\/www.moskito.cz\/produkt\/vystrelovaci-noz-microtech-violet-utx-85-231-1vi\/"},"modified":"2025-05-07T10:41:43","modified_gmt":"2025-05-07T09:41:43","slug":"vystrelovaci-noz-microtech-violet-utx-85-231-1vi","status":"publish","type":"product","link":"https:\/\/www.moskito.cz\/sk\/produkt\/vystrelovaci-noz-microtech-violet-utx-85-231-1vi\/","title":{"rendered":"Vystre\u013eovac\u00ed N\u00f4\u017e Microtech Violet UTX-85 231-1VI"},"content":{"rendered":"<p>Vystre\u013eovac\u00ed N\u00f4\u017e <strong>Microtech<\/strong> Violet UTX-85 231-1VI.<\/p>\n<p>N\u00f4\u017e Microtech UTX-85 OTF je perfektnou kombin\u00e1ciou kompaktnej ve\u013ekosti a ve\u013ek\u00e9ho v\u00fdkonu. Microtech UTX-85 s 85% ve\u013ekos\u0165ou Ultratech je vyroben\u00fd z rovnak\u00fdch materi\u00e1lov, na rovnak\u00fdch strojoch as rovnakou vynaliezavos\u0165ou ako jeho predchodca. Microtech UTX-85 je perfektn\u00fd n\u00f4\u017e pre v\u0161etky situ\u00e1cie \u2013 bez oh\u013eadu na to, ak\u00fa \u00falohu re\u017eete; bude hladko zapada\u0165 do v\u00e1\u0161ho \u017eivotn\u00e9ho \u0161t\u00fdlu. V\u010faka r\u00fdchlemu otv\u00e1raniu a zatv\u00e1raniu jednou rukou zvl\u00e1dne pr\u00e1cu v priebehu nieko\u013ek\u00fdch sek\u00fand. Vybaven\u00fd obojstrann\u00fdm vreckov\u00fdm klipom a kompaktnou ve\u013ekos\u0165ou, je to perfektn\u00e1 vo\u013eba pre ka\u017edodenn\u00e9 pou\u017eitie a nosenie.<\/p>\n<p>&nbsp;<\/p>\n<p>\u0160PECIFIK\u00c1CIA:<\/p>\n<p>Celkov\u00e1 d\u013a\u017eka: 18,3 cm<br \/>\nD\u013a\u017eka v zatvorenom stave: 10,3 cm<br \/>\nD\u013a\u017eka \u010depele: 7,8 cm<br \/>\nD\u013a\u017eka ostria: 7,5 cm<br \/>\nHr\u00fabka \u010depele: 3,23 mm<br \/>\n\u010cepe\u013e oce\u013e: Elmax, XHP, M390 alebo 204P<br \/>\nPovrchov\u00e1 \u00faprava \u010depele: \u010dierna<br \/>\nMateri\u00e1l rukov\u00e4te: \u010dierny hlin\u00edk<br \/>\nHr\u00fabka rukov\u00e4te: 13 mm<\/p>\n<p>Oce\u013e: M390<br \/>\nVreckov\u00fd klip: Tip-Down<br \/>\nKrajina p\u00f4vodu: USA<\/p>\n<p><iframe title=\"Microtech Combat Troodon Torture Test\" width=\"800\" height=\"450\" src=\"https:\/\/www.youtube.com\/embed\/xE9TeOFYEjg?feature=oembed\" frameborder=\"0\" allow=\"accelerometer; autoplay; clipboard-write; encrypted-media; gyroscope; picture-in-picture; web-share\" allowfullscreen><\/iframe><\/p>\n<p>&nbsp;<\/p>\n<p>Microtech UTX-85 OTF n\u00f4\u017e je perfektn\u00e1 kombin\u00e1cia kompaktn\u00fdch rozmerov a ve\u013ek\u00fdch performance. Na 85% ve\u013ekosti Ultratech, Microtech UTX-85 je manufactured s t\u00fdmi ist\u00fdmi materi\u00e1lmi, na t\u00fdch ist\u00fdch strojoch as samotnou ingenuitou as jeho predecessor. Microtech UTX-85 je perfektn\u00e1 n\u00f4\u017e pre v\u0161etky situ\u00e1cie &#8211; no matter, \u010do va\u0161e rezanie task; it will mesh seamlessly with your lifestyle. S jeho r\u00fdchlym one-handed open and close action, get gets job done in seconds. Equipped with ambidextrous pocket klip a kompaktn\u00fd rozmer, tento je perfektn\u00fd v\u00fdber pre ka\u017ed\u00fa aplik\u00e1ciu a carry.<\/p>\n<p>Specifications<br \/>\nAction: Double Action &#8211; Auto Fire\/Auto Retract<br \/>\nThickness: 0.125&#8243;<br \/>\nBlade Length: 3.0&#8243;<br \/>\nPlease note, blade steel cannot m\u00f4\u017ee by\u0165 \u0161pecifikovan\u00fd ako to m\u00f4\u017ee by\u0165 alternat\u00edva (information from Microtech)<br \/>\nBlade Style: Drop Point<br \/>\nChassis: 6061-T6 AL Alloy, Violet Mil-Spec Hard Coat Anodized<br \/>\nHandle Material: Aluminum<br \/>\nHandle Thickness: 0.46&#8243;<br \/>\nClosed Length: 4,38&#8243;<br \/>\nOverall Length: 7.38&#8243;<br \/>\nPocket Clip: 301 Stainless Steel<br \/>\n\u0160tandard Top: 6061-T6 AL Alloy<br \/>\nTrigger: 303 Stainless Steel<br \/>\nWeight: 2.8 oz.<br \/>\nMade in the USA<\/p>\n","protected":false},"excerpt":{"rendered":"<p>V priebehu rokov <strong>Microtech\u00ae Knives<\/strong> naplnil v\u00e1\u0161\u0148ou a zru\u010dnos\u0165ou v\u00fdrobu no\u017eov, a\u017e z nich vytvoril takmer umeleck\u00e9 diela, ktor\u00e9 s\u00fa vrcholom funk\u010dnosti. V\u0161etky diely s\u00fa vyroden\u00e9 v USA.<br \/>\n<strong>Na v\u0161etky no\u017ee Microtech je do\u017eivotn\u00e1 z\u00e1ruka.<\/strong><\/p>\n<p><strong>Doprava zadarmo.<\/strong><\/p>\n","protected":false},"featured_media":213521,"comment_status":"open","ping_status":"closed","template":"","meta":[],"pwb-brand":[3200],"product_brand":[],"product_cat":[3186,3197],"product_tag":[3668],"class_list":{"0":"post-227006","1":"product","2":"type-product","3":"status-publish","4":"has-post-thumbnail","6":"pwb-brand-microtech-sk","7":"product_cat-noze-sk","8":"product_cat-vystrelovacie-noze-sk","9":"product_tag-b2b-sk","11":"first","12":"instock","13":"taxable","14":"shipping-taxable","15":"purchasable","16":"product-type-simple"},"brands":[{"id":3200,"name":"Microtech","slug":"microtech-sk"}],"_links":{"self":[{"href":"https:\/\/www.moskito.cz\/sk\/wp-json\/wp\/v2\/product\/227006","targetHints":{"allow":["GET"]}}],"collection":[{"href":"https:\/\/www.moskito.cz\/sk\/wp-json\/wp\/v2\/product"}],"about":[{"href":"https:\/\/www.moskito.cz\/sk\/wp-json\/wp\/v2\/types\/product"}],"replies":[{"embeddable":true,"href":"https:\/\/www.moskito.cz\/sk\/wp-json\/wp\/v2\/comments?post=227006"}],"wp:featuredmedia":[{"embeddable":true,"href":"https:\/\/www.moskito.cz\/sk\/wp-json\/wp\/v2\/media\/213521"}],"wp:attachment":[{"href":"https:\/\/www.moskito.cz\/sk\/wp-json\/wp\/v2\/media?parent=227006"}],"wp:term":[{"taxonomy":"pwb-brand","embeddable":true,"href":"https:\/\/www.moskito.cz\/sk\/wp-json\/wp\/v2\/pwb-brand?post=227006"},{"taxonomy":"product_brand","embeddable":true,"href":"https:\/\/www.moskito.cz\/sk\/wp-json\/wp\/v2\/product_brand?post=227006"},{"taxonomy":"product_cat","embeddable":true,"href":"https:\/\/www.moskito.cz\/sk\/wp-json\/wp\/v2\/product_cat?post=227006"},{"taxonomy":"product_tag","embeddable":true,"href":"https:\/\/www.moskito.cz\/sk\/wp-json\/wp\/v2\/product_tag?post=227006"}],"curies":[{"name":"wp","href":"https:\/\/api.w.org\/{rel}","templated":true}]}}