{"id":227016,"date":"2022-03-30T16:47:55","date_gmt":"2022-03-30T15:47:55","guid":{"rendered":"https:\/\/www.moskito.cz\/produkt\/vystrelovaci-noz-microtech-troodon-140-1t\/"},"modified":"2025-05-07T10:41:45","modified_gmt":"2025-05-07T09:41:45","slug":"vystrelovaci-noz-microtech-troodon-140-1t","status":"publish","type":"product","link":"https:\/\/www.moskito.cz\/sk\/produkt\/vystrelovaci-noz-microtech-troodon-140-1t\/","title":{"rendered":"Vystre\u013eovac\u00ed N\u00f4\u017e Microtech Troodon 140-1T"},"content":{"rendered":"<p>Vystre\u013eovac\u00ed N\u00f4\u017e <strong>Microtech<\/strong> Troodon 140-1T<\/p>\n<p>Troodon je o 25% men\u0161\u00ed ako Combat Troodon, vyzna\u010duje sa \u0161t\u00edhlym dizajnom a \u013eah\u0161ie vystrelite\u013en\u00fdm ak\u010dn\u00fdm mechanizmom. Dizajn vych\u00e1dza v \u00fastrety \u0161ir\u0161iemu publiku, ktor\u00e9 potrebuje utilit\u00e1rnu funkcionalitu OTF, ale bez tia\u017ee plnohodnotn\u00e9ho Combat Troodon.<\/p>\n<p>Tento n\u00f4\u017e pomenovan\u00fd po dinosaurovi Troodon (troh-o-don) definuje nov\u00fa \u00e9ru pre Microtech Knives. Troodon v gr\u00e9\u010dtine znamen\u00e1 \u201ezranenie zuba\u201c. Medzi nov\u00e9 vylep\u0161enia patr\u00ed nov\u00e1 \u0161t\u00edhla rukov\u00e4\u0165, tvarovan\u00fd tvar a radik\u00e1lne dizajnov\u00e9 prvky, rovnako ako sofistikovan\u00fd vn\u00fatorn\u00fd mechanizmus, ktor\u00fd zlep\u0161uje prev\u00e1dzkov\u00fa funk\u010dnos\u0165 a spo\u013eahlivos\u0165. Troodon sp\u00e1ja nov\u00fa \u0161pi\u010dkov\u00fa technol\u00f3giu s pocitom klasickej Microtech. Tento projekt viedol osobne Anthony Marfione a pozost\u00e1val z internej spolupr\u00e1ce t\u00edmu Microtech. Troodon bol vlajkovou lo\u010fou cel\u00e9ho radu Microtechu v roku 2006.<\/p>\n<p>Celkov\u00e1 d\u013a\u017eka: 19.2 cm<br \/>\nD\u013a\u017eka \u010depele: 7.5 cm<br \/>\nMateri\u00e1l \u010depele: 204P<br \/>\n\u0160t\u00fdl \u010depele: D\u00fdka<br \/>\nBritov\u00e9 do\u0161ti\u010dky: Ploch\u00e9<br \/>\nTyp okraja: oby\u010dajn\u00fd<br \/>\nD\u013a\u017eka rukov\u00e4te: 10.63 cm<br \/>\nHr\u00fabka rukov\u00e4te: 1.12 cm<br \/>\nMateri\u00e1l rukov\u00e4te: hlin\u00edk<br \/>\nHmotnos\u0165: 3,00 oz.<br \/>\nU\u017e\u00edvate\u013e: Prav\u00e1 ruka<br \/>\nPocket Clip: Tip-Down<br \/>\nTyp no\u017ea: Automatick\u00fd<br \/>\nOtv\u00e1ra\u010d: Thumb Slide<br \/>\nZna\u010dka: Microtech<br \/>\nModel: Troodon<br \/>\nKrajina p\u00f4vodu: USA<\/p>\n<p><iframe title=\"Microtech Combat Troodon Torture Test\" width=\"800\" height=\"450\" src=\"https:\/\/www.youtube.com\/embed\/xE9TeOFYEjg?feature=oembed\" frameborder=\"0\" allow=\"accelerometer; autoplay; clipboard-write; encrypted-media; gyroscope; picture-in-picture; web-share\" allowfullscreen><\/iframe><\/p>\n<p>&nbsp;<\/p>\n<p>Microtech Knives | Troodon<\/p>\n<p>Na 25% smaller than the Combat Troodon, the Troodon features a slender design and easier-to-fire akcia mechanizmu. Design caters to a wider audience needing utilitarian functionality of OTF, ale bez h\u013abky full-size Combat Troodon.<\/p>\n<p>Specs:<br \/>\nOverall Length: 7.64&#8243; (194mm)<br \/>\nClosed Length: 4.57&#8243; (116mm)<br \/>\nBlade Length: 3.08&#8243; (78mm)<br \/>\nCutting Edge Length: 2.96 &#8222;(75mm)<br \/>\nBlade Thickness: 0.079&#8243; (2mm)<br \/>\nBlade Finish: Black<br \/>\nBlade Style: Tanto<br \/>\nEdge Style: Plain<br \/>\nHandle Material: Black Aluminum<br \/>\nHandle Thickness: 0.4&#8220; (10mm)<br \/>\nPocket Clip: Tip-Down<br \/>\nWeight: 2.8oz (79.38g)<br \/>\nManufacturer Ref. #: 140-1T<br \/>\nCountry of Origin: USA<\/p>\n<p>&nbsp;<\/p>\n","protected":false},"excerpt":{"rendered":"<div class=\"elementor-element elementor-element-bbb542b elementor-widget elementor-widget-woocommerce-product-short-description\" data-id=\"bbb542b\" data-element_type=\"widget\" data-widget_type=\"woocommerce-product-short-description.default\">\n<div class=\"elementor-widget-container\">\n<div class=\"woocommerce-product-details__short-description\">\n<p>V priebehu rokov <strong>Microtech\u00ae<\/strong> Knives naplnil v\u00e1\u0161\u0148ou a zru\u010dnos\u0165ou v\u00fdrobu no\u017eov, a\u017e z nich vytvoril takmer umeleck\u00e9 diela, ktor\u00e9 s\u00fa vrcholom funk\u010dnosti. V\u0161etky diely s\u00fa vyroden\u00e9 v USA.<br \/>\n<strong>Na v\u0161etky no\u017ee Microtech je do\u017eivotn\u00e1 z\u00e1ruka (min. 80 000 cyklov, otvorenie a zatvorenie)<\/strong><\/p>\n<p><strong>Doprava zadarmo.<\/strong><\/p>\n<\/div>\n<\/div>\n<\/div>\n","protected":false},"featured_media":213428,"comment_status":"open","ping_status":"closed","template":"","meta":[],"pwb-brand":[3200],"product_brand":[],"product_cat":[3186,3197],"product_tag":[3668],"class_list":{"0":"post-227016","1":"product","2":"type-product","3":"status-publish","4":"has-post-thumbnail","6":"pwb-brand-microtech-sk","7":"product_cat-noze-sk","8":"product_cat-vystrelovacie-noze-sk","9":"product_tag-b2b-sk","11":"first","12":"instock","13":"taxable","14":"shipping-taxable","15":"purchasable","16":"product-type-simple"},"brands":[{"id":3200,"name":"Microtech","slug":"microtech-sk"}],"_links":{"self":[{"href":"https:\/\/www.moskito.cz\/sk\/wp-json\/wp\/v2\/product\/227016","targetHints":{"allow":["GET"]}}],"collection":[{"href":"https:\/\/www.moskito.cz\/sk\/wp-json\/wp\/v2\/product"}],"about":[{"href":"https:\/\/www.moskito.cz\/sk\/wp-json\/wp\/v2\/types\/product"}],"replies":[{"embeddable":true,"href":"https:\/\/www.moskito.cz\/sk\/wp-json\/wp\/v2\/comments?post=227016"}],"wp:featuredmedia":[{"embeddable":true,"href":"https:\/\/www.moskito.cz\/sk\/wp-json\/wp\/v2\/media\/213428"}],"wp:attachment":[{"href":"https:\/\/www.moskito.cz\/sk\/wp-json\/wp\/v2\/media?parent=227016"}],"wp:term":[{"taxonomy":"pwb-brand","embeddable":true,"href":"https:\/\/www.moskito.cz\/sk\/wp-json\/wp\/v2\/pwb-brand?post=227016"},{"taxonomy":"product_brand","embeddable":true,"href":"https:\/\/www.moskito.cz\/sk\/wp-json\/wp\/v2\/product_brand?post=227016"},{"taxonomy":"product_cat","embeddable":true,"href":"https:\/\/www.moskito.cz\/sk\/wp-json\/wp\/v2\/product_cat?post=227016"},{"taxonomy":"product_tag","embeddable":true,"href":"https:\/\/www.moskito.cz\/sk\/wp-json\/wp\/v2\/product_tag?post=227016"}],"curies":[{"name":"wp","href":"https:\/\/api.w.org\/{rel}","templated":true}]}}