{"id":227221,"date":"2022-10-04T22:27:50","date_gmt":"2022-10-04T21:27:50","guid":{"rendered":"https:\/\/www.moskito.cz\/produkt\/puzdro-microtech-medium-tactical-pouch\/"},"modified":"2025-05-07T10:41:50","modified_gmt":"2025-05-07T09:41:50","slug":"puzdro-microtech-medium-tactical-pouch","status":"publish","type":"product","link":"https:\/\/www.moskito.cz\/sk\/produkt\/puzdro-microtech-medium-tactical-pouch\/","title":{"rendered":"Puzdro Microtech MEDIUM TACTICAL POUCH"},"content":{"rendered":"<p>Puzdro Microtech MEDIUM TACTICAL POUCH.<\/p>\n<p>Rozmery: 14 x 5cm (meran\u00e9 s neupraven\u00fdmi popruhmi)<\/p>\n<p>Tieto \u013eahk\u00e9, prenosn\u00e9 taktick\u00e9 puzdr\u00e1 maj\u00fa vy\u0161\u00edvan\u00e9 logo Microtech s p\u00fatkom na opasok na such\u00fd zips a zap\u00ednan\u00edm na pracku. S\u00fa vyroben\u00e9 z odoln\u00e9ho dvojvrstvov\u00e9ho nylonu Cordura s dvojito zosilnen\u00fdm pre\u0161\u00edvan\u00edm po celom obvode. Tieto vreck\u00e1 sa prisp\u00f4sobia r\u00f4znym ve\u013ekostiam n\u00e1\u010dinia a je mo\u017en\u00e9 ich nastavi\u0165 asi o palec nahor alebo nadol, zatia\u013e \u010do strany sa roz\u0161iruj\u00fa, aby sa zmestili na r\u00f4zne \u0161\u00edrky no\u017eov. Pripev\u0148uj\u00fa sa k opasku alebo p\u00e1sku pomocou nastavite\u013en\u00e9ho trojit\u00e9ho p\u00fatka na such\u00fd zips, tak\u017ee je mo\u017en\u00e9 ich prida\u0165 alebo ubra\u0165 bez toho, aby ste p\u00e1s rozop\u00ednali. T\u00fato slu\u010dku je mo\u017en\u00e9 navy\u0161e otvori\u0165 a pripevni\u0165 ju pomocou \u0161irok\u00e9ho such\u00e9ho zipsu k in\u00e9mu taktick\u00e9mu vybaveniu.<\/p>\n<p>Puzdro je vhodn\u00e9 pre nasleduj\u00face no\u017ee Microtech:<\/p>\n<p>UTX-85, Ultratech, Dirac, LUDT, SOCOM Bravo, SOCOM Elite, Brachial, Hera<\/p>\n<p>*Vyobrazen\u00e9 no\u017ee nie s\u00fa s\u00fa\u010das\u0165ou balenia*<\/p>\n","protected":false},"excerpt":{"rendered":"<p>Puzdro Microtech MEDIUM TACTICAL POUCH. Rozmery: 14 x 5cm (meran\u00e9 s neupraven\u00fdmi popruhmi) Tieto \u013eahk\u00e9, prenosn\u00e9 taktick\u00e9 puzdr\u00e1 maj\u00fa vy\u0161\u00edvan\u00e9 logo Microtech s p\u00fatkom na opasok na such\u00fd zips a zap\u00ednan\u00edm na pracku. S\u00fa vyroben\u00e9 z odoln\u00e9ho dvojvrstvov\u00e9ho nylonu Cordura s dvojito zosilnen\u00fdm pre\u0161\u00edvan\u00edm po celom obvode. Tieto vreck\u00e1 sa prisp\u00f4sobia r\u00f4znym ve\u013ekostiam n\u00e1\u010dinia a [&hellip;]<\/p>\n","protected":false},"featured_media":227218,"comment_status":"open","ping_status":"closed","template":"","meta":[],"pwb-brand":[3200],"product_brand":[],"product_cat":[3186,3197],"product_tag":[3668],"class_list":{"0":"post-227221","1":"product","2":"type-product","3":"status-publish","4":"has-post-thumbnail","6":"pwb-brand-microtech-sk","7":"product_cat-noze-sk","8":"product_cat-vystrelovacie-noze-sk","9":"product_tag-b2b-sk","11":"first","12":"outofstock","13":"taxable","14":"shipping-taxable","15":"purchasable","16":"product-type-simple"},"brands":[{"id":3200,"name":"Microtech","slug":"microtech-sk"}],"_links":{"self":[{"href":"https:\/\/www.moskito.cz\/sk\/wp-json\/wp\/v2\/product\/227221","targetHints":{"allow":["GET"]}}],"collection":[{"href":"https:\/\/www.moskito.cz\/sk\/wp-json\/wp\/v2\/product"}],"about":[{"href":"https:\/\/www.moskito.cz\/sk\/wp-json\/wp\/v2\/types\/product"}],"replies":[{"embeddable":true,"href":"https:\/\/www.moskito.cz\/sk\/wp-json\/wp\/v2\/comments?post=227221"}],"wp:featuredmedia":[{"embeddable":true,"href":"https:\/\/www.moskito.cz\/sk\/wp-json\/wp\/v2\/media\/227218"}],"wp:attachment":[{"href":"https:\/\/www.moskito.cz\/sk\/wp-json\/wp\/v2\/media?parent=227221"}],"wp:term":[{"taxonomy":"pwb-brand","embeddable":true,"href":"https:\/\/www.moskito.cz\/sk\/wp-json\/wp\/v2\/pwb-brand?post=227221"},{"taxonomy":"product_brand","embeddable":true,"href":"https:\/\/www.moskito.cz\/sk\/wp-json\/wp\/v2\/product_brand?post=227221"},{"taxonomy":"product_cat","embeddable":true,"href":"https:\/\/www.moskito.cz\/sk\/wp-json\/wp\/v2\/product_cat?post=227221"},{"taxonomy":"product_tag","embeddable":true,"href":"https:\/\/www.moskito.cz\/sk\/wp-json\/wp\/v2\/product_tag?post=227221"}],"curies":[{"name":"wp","href":"https:\/\/api.w.org\/{rel}","templated":true}]}}