{"id":227334,"date":"2021-05-07T20:25:12","date_gmt":"2021-05-07T19:25:12","guid":{"rendered":"https:\/\/www.moskito.cz\/produkt\/pevny-noz-extrema-ratio-misericordia\/"},"modified":"2025-05-07T10:41:52","modified_gmt":"2025-05-07T09:41:52","slug":"pevny-noz-extrema-ratio-misericordia","status":"publish","type":"product","link":"https:\/\/www.moskito.cz\/sk\/produkt\/pevny-noz-extrema-ratio-misericordia\/","title":{"rendered":"Pevn\u00fd N\u00f4\u017e Extrema Ratio MISERICORDIA"},"content":{"rendered":"<p>Pevn\u00fd N\u00f4\u017e Extrema Ratio MISERICORDIA.<\/p>\n<p>Extrema Ratio Misericordia, ktor\u00fd prijal 4. Alpine Ranger a ktor\u00fd pomohol s v\u00fdvojom a testovan\u00edm produktu. Jedn\u00e1 sa o taktick\u00fd n\u00f4\u017e s pevnou \u010depe\u013eou, extr\u00e9mne \u013eahk\u00fd a kompaktn\u00fd, je mo\u017en\u00e9 ho pou\u017ei\u0165 ako hlavn\u00fd n\u00f4\u017e alebo ako z\u00e1lo\u017en\u00fd.<\/p>\n<p>\u010cepe\u013e novej Extrema Ratio Misericordia je vyfr\u00e9zovan\u00e1 z ocele B\u00f6hler N690, kalen\u00e1 na 58 HRC, je 118 mm \/ 4,64&#8243; dlh\u00e1 a 4 mm \/ 0,16&#8243; hrub\u00e1 a hladk\u00e1.<\/p>\n<p>\u010cepe\u013e m\u00e1 profil hrotu o\u0161tepu s plnou d\u013a\u017ekou, \u010do rob\u00ed n\u00f4\u017e e\u0161te \u013eah\u0161\u00edm, s falo\u0161nou hranou o 3\/4. \u010cepe\u013e je k dispoz\u00edcii v klasickom \u010diernom preveden\u00ed Extrema Ratio MIL-C-13924.<\/p>\n<p>Na zadnom konci te\u010die rukov\u00e4\u0165 spojen\u00e1 s ve\u013ek\u00fdm prstencom, ktor\u00fd umo\u017e\u0148uje pou\u017eitie techn\u00edk bojov\u00fdch umen\u00ed a umo\u017e\u0148uje ve\u013emi pevn\u00e9 uchopenie za ruku, vybaven\u00fa \u201elebkov\u00fdm drvi\u010dom\u201c v tvrdom kove. Celkov\u00e1 hmotnos\u0165 no\u017ea je iba 87 g \/ 3,1 oz.<\/p>\n<p>Ke\u010f\u017ee je n\u00f4\u017e navrhnut\u00fd a ur\u010den\u00fd na profesion\u00e1lne pou\u017eitie, bola mu pridelen\u00e1 vysok\u00e1 d\u00f4le\u017eitos\u0165 pre \u013eahk\u00e9 nosenie, pr\u00edstup a vytiahnutie v pr\u00edpade potreby. N\u00f4\u017e je pripevnen\u00fd k puzdru pomocou r\u00fdchloup\u00ednacej poistky, ktor\u00fa je mo\u017en\u00e9 \u013eahko oto\u010di\u0165 pre pou\u017eitie v \u013eavej ruke.<\/p>\n<p>Vysoko odoln\u00fd nylonov\u00fd pl\u00e1\u0161\u0165 je univerz\u00e1lny: nastavite\u013en\u00fd syst\u00e9m dvojit\u00e9ho upnutia umo\u017e\u0148uje u\u017e\u00edvate\u013eovi prisp\u00f4sobi\u0165 ho r\u00f4znym typom opaskov.<\/p>\n<p>K\u00f3nick\u00fd vstup u\u013eah\u010duje opl\u00e1\u0161tenie no\u017ea, zatia\u013e \u010do stla\u010denie sp\u00fa\u0161\u0165ovej bezpe\u010dnostnej p\u00e1ky umo\u017e\u0148uje r\u00fdchle a in\u0161tinkt\u00edvne vytiahnutie no\u017ea.<\/p>\n<p>K dispoz\u00edcii je tie\u017e volite\u013en\u00e9 puzdro kydex (pred\u00e1va sa samostatne), ktor\u00e9 je vybaven\u00e9 dvoma textiln\u00fdmi materi\u00e1lmi (sam\u010d\u00ed such\u00fd zips na jednej strane a sam\u010d\u00ed such\u00fd zips na druhej strane), aby sa n\u00f4\u017e skryl medzi nepriestrelnou vestou a dr\u017eiakom z\u00e1sobn\u00edka. Tento pl\u00e1\u0161\u0165 taktie\u017e pon\u00faka mo\u017enos\u0165 pripevnenia k nastavite\u013en\u00e9mu p\u00e1su pomocou spony na opasok (pred\u00e1va sa samostatne).<\/p>\n<p>TECHNICK\u00dd LIST<br \/>\nHmotnos\u0165 g.87<br \/>\nHmotnos\u0165 oz.: 3,1<br \/>\nD\u013a\u017eka \u010depele (mm): 118<br \/>\nD\u013a\u017eka \u010depele (v palcoch): 4,64<br \/>\nCelkov\u00e1 d\u013a\u017eka (mm): 233<br \/>\nCelkov\u00e1 d\u013a\u017eka (v): 9,17<br \/>\nHr\u00fabka \u010depele (mm): 4<br \/>\nHr\u00fabka \u010depele (v palcoch): 0,16<br \/>\nMateri\u00e1l \u010depele: B\u00f6HLER N690 STEEL (58HRC)<br \/>\nPovrchov\u00e1 \u00faprava \u010depele: VYHRIEVANIE MIL-C-13924<br \/>\nHlavn\u00e1 mrie\u017eka: FLAT<br \/>\nMateri\u00e1l rukov\u00e4te: NYLON \/ FIBER GLASS (FRN)<\/p>\n","protected":false},"excerpt":{"rendered":"<p>Spolo\u010dnos\u0165 Extrema Ratio so s\u00eddlom v talianskom Prate navrhuje a vyr\u00e1ba vysoko v\u00fdkonn\u00e9 bojov\u00e9, vojensk\u00e9, kuchynsk\u00e9, loveck\u00e9 a taktick\u00e9 no\u017ee od roku 1997 a m\u00e1 poves\u0165 vynikaj\u00facej kvality, ktor\u00e1 je v odbore vojensk\u00fdch a taktick\u00fdch no\u017eov neprekonate\u013en\u00e1. Doprava zadarmo.<\/p>\n","protected":false},"featured_media":197906,"comment_status":"open","ping_status":"closed","template":"","meta":[],"pwb-brand":[3198],"product_brand":[],"product_cat":[3187,3186],"product_tag":[3668],"class_list":{"0":"post-227334","1":"product","2":"type-product","3":"status-publish","4":"has-post-thumbnail","6":"pwb-brand-extrema-ratio-sk","7":"product_cat-pevne-noze-sk","8":"product_cat-noze-sk","9":"product_tag-b2b-sk","11":"first","12":"instock","13":"taxable","14":"shipping-taxable","15":"purchasable","16":"product-type-simple"},"brands":[{"id":3198,"name":"Extrema Ratio","slug":"extrema-ratio-sk"}],"_links":{"self":[{"href":"https:\/\/www.moskito.cz\/sk\/wp-json\/wp\/v2\/product\/227334","targetHints":{"allow":["GET"]}}],"collection":[{"href":"https:\/\/www.moskito.cz\/sk\/wp-json\/wp\/v2\/product"}],"about":[{"href":"https:\/\/www.moskito.cz\/sk\/wp-json\/wp\/v2\/types\/product"}],"replies":[{"embeddable":true,"href":"https:\/\/www.moskito.cz\/sk\/wp-json\/wp\/v2\/comments?post=227334"}],"wp:featuredmedia":[{"embeddable":true,"href":"https:\/\/www.moskito.cz\/sk\/wp-json\/wp\/v2\/media\/197906"}],"wp:attachment":[{"href":"https:\/\/www.moskito.cz\/sk\/wp-json\/wp\/v2\/media?parent=227334"}],"wp:term":[{"taxonomy":"pwb-brand","embeddable":true,"href":"https:\/\/www.moskito.cz\/sk\/wp-json\/wp\/v2\/pwb-brand?post=227334"},{"taxonomy":"product_brand","embeddable":true,"href":"https:\/\/www.moskito.cz\/sk\/wp-json\/wp\/v2\/product_brand?post=227334"},{"taxonomy":"product_cat","embeddable":true,"href":"https:\/\/www.moskito.cz\/sk\/wp-json\/wp\/v2\/product_cat?post=227334"},{"taxonomy":"product_tag","embeddable":true,"href":"https:\/\/www.moskito.cz\/sk\/wp-json\/wp\/v2\/product_tag?post=227334"}],"curies":[{"name":"wp","href":"https:\/\/api.w.org\/{rel}","templated":true}]}}