{"id":227355,"date":"2022-10-06T21:20:52","date_gmt":"2022-10-06T20:20:52","guid":{"rendered":"https:\/\/www.moskito.cz\/produkt\/pevny-noz-extrema-ratio-requiem-black\/"},"modified":"2025-05-07T10:41:53","modified_gmt":"2025-05-07T09:41:53","slug":"pevny-noz-extrema-ratio-requiem-black","status":"publish","type":"product","link":"https:\/\/www.moskito.cz\/sk\/produkt\/pevny-noz-extrema-ratio-requiem-black\/","title":{"rendered":"Pevn\u00fd N\u00f4\u017e Extrema Ratio REQUIEM BLACK"},"content":{"rendered":"","protected":false},"excerpt":{"rendered":"<p>Pevn\u00fd N\u00f4\u017e Extrema Ratio REQUIEM BLACK.<\/p>\n<p>Viac\u00fa\u010delov\u00fd taktick\u00fd n\u00f4\u017e s n\u00edzkou hmotnos\u0165ou Extrema Ratio REQUIEM BLACK BLACK s jednostrann\u00fdm z\u00e1\u0161titou aj \u010depe\u013eou, ktor\u00e1 je vyroben\u00e1 z ocele BOHLER N690 s hladkou hranou as povrchovou \u00fapravou Black Oxide. Rukov\u00e4\u0165 je z materi\u00e1lu Forprene v \u010diernej farbe. Dod\u00e1va sa so \u0161peci\u00e1lne navrhnut\u00fdm puzdrom z Aspis nylonu, ktor\u00e9 umo\u017e\u0148uje r\u00fdchle uvo\u013enenie no\u017ea v\u010faka syst\u00e9mu MOLLE.<\/p>\n<p>Materi\u00e1l \u010depele: N690<br \/>\nMateri\u00e1l rukov\u00e4te: Forprene<br \/>\nMateri\u00e1l puzdra: Nylon<br \/>\nD\u013a\u017eka \u010depele: 11.8 cm<br \/>\nCelkov\u00e1 d\u013a\u017eka: 23.8 cm<br \/>\nD\u013a\u017eka rukov\u00e4te: 12 cm<br \/>\nHr\u00fabka \u010depele: 4 mm<br \/>\nHmotnos\u0165: 86 g<\/p>\n","protected":false},"featured_media":227338,"comment_status":"open","ping_status":"closed","template":"","meta":[],"pwb-brand":[3198],"product_brand":[],"product_cat":[3186,3187],"product_tag":[3668],"class_list":{"0":"post-227355","1":"product","2":"type-product","3":"status-publish","4":"has-post-thumbnail","6":"pwb-brand-extrema-ratio-sk","7":"product_cat-noze-sk","8":"product_cat-pevne-noze-sk","9":"product_tag-b2b-sk","11":"first","12":"instock","13":"taxable","14":"shipping-taxable","15":"purchasable","16":"product-type-simple"},"brands":[{"id":3198,"name":"Extrema Ratio","slug":"extrema-ratio-sk"}],"_links":{"self":[{"href":"https:\/\/www.moskito.cz\/sk\/wp-json\/wp\/v2\/product\/227355","targetHints":{"allow":["GET"]}}],"collection":[{"href":"https:\/\/www.moskito.cz\/sk\/wp-json\/wp\/v2\/product"}],"about":[{"href":"https:\/\/www.moskito.cz\/sk\/wp-json\/wp\/v2\/types\/product"}],"replies":[{"embeddable":true,"href":"https:\/\/www.moskito.cz\/sk\/wp-json\/wp\/v2\/comments?post=227355"}],"wp:featuredmedia":[{"embeddable":true,"href":"https:\/\/www.moskito.cz\/sk\/wp-json\/wp\/v2\/media\/227338"}],"wp:attachment":[{"href":"https:\/\/www.moskito.cz\/sk\/wp-json\/wp\/v2\/media?parent=227355"}],"wp:term":[{"taxonomy":"pwb-brand","embeddable":true,"href":"https:\/\/www.moskito.cz\/sk\/wp-json\/wp\/v2\/pwb-brand?post=227355"},{"taxonomy":"product_brand","embeddable":true,"href":"https:\/\/www.moskito.cz\/sk\/wp-json\/wp\/v2\/product_brand?post=227355"},{"taxonomy":"product_cat","embeddable":true,"href":"https:\/\/www.moskito.cz\/sk\/wp-json\/wp\/v2\/product_cat?post=227355"},{"taxonomy":"product_tag","embeddable":true,"href":"https:\/\/www.moskito.cz\/sk\/wp-json\/wp\/v2\/product_tag?post=227355"}],"curies":[{"name":"wp","href":"https:\/\/api.w.org\/{rel}","templated":true}]}}