{"id":227357,"date":"2022-04-07T20:01:21","date_gmt":"2022-04-07T19:01:21","guid":{"rendered":"https:\/\/www.moskito.cz\/produkt\/pevny-noz-extrema-ratio-a-s-f-k\/"},"modified":"2025-05-07T10:41:53","modified_gmt":"2025-05-07T09:41:53","slug":"pevny-noz-extrema-ratio-a-s-f-k","status":"publish","type":"product","link":"https:\/\/www.moskito.cz\/sk\/produkt\/pevny-noz-extrema-ratio-a-s-f-k\/","title":{"rendered":"Pevn\u00fd N\u00f4\u017e Extrema Ratio A.S.F.K."},"content":{"rendered":"<p>Pevn\u00fd N\u00f4\u017e Extrema Ratio A.S.F.K.<\/p>\n<p>ASFK je \u0161pecializovan\u00e1 d\u00fdka, ktor\u00fa z\u00edskalo nov\u00e9 arm\u00e1dne velite\u013estvo \u0161peci\u00e1lnych s\u00edl (COM.FO.SE). Pripom\u00edna trad\u00edciu tr\u00fafalosti a krvav\u00e9 z\u00e1kopov\u00e9 bitky pozna\u010den\u00e9 \u00fatokmi na bielu zbra\u0148. ASFK je z\u00e1kopov\u00fd n\u00f4\u017e prepracovan\u00fd modern\u00fdm sp\u00f4sobom. B\u00f6hler N690 oce\u013eov\u00e1 \u010depe\u013e, forprenov\u00e1 rukov\u00e4\u0165 s kr\u00fa\u017ekovou ochranou na ochranu ruky pri pou\u017eit\u00ed rozb\u00edja\u010da skla. ASFK je dod\u00e1van\u00e1 s p\u00fa\u0161tnou po\u0161vou cordura so syst\u00e9mom zap\u00ednania MOLLE, pr\u00edpadne je mo\u017en\u00e9 nosi\u0165 s \u00fav\u00e4zkom v podpazu\u0161\u00ed, ktor\u00fd je mo\u017en\u00e9 zak\u00fapi\u0165 samostatne.<\/p>\n<p>HMOTNOS\u0164 G.: 413,0<br \/>\nHMOTNOS\u0164 OZ .: 14.6<br \/>\nD\u0139\u017dKA \u010cEPELA (MM): 162<br \/>\nD\u0139\u017dKA \u010cEPELA (IN): 6,4<br \/>\nCELKOV\u00c1 D\u0139\u017dKA (MM): 289<br \/>\nCELKOV\u00c1 D\u0139\u017dKA (V): 11.4<br \/>\nH\u013d\u00daBKA \u010cEPELA (MM): 6,3<br \/>\nH\u013d\u00daBKA \u010cEPELA (IN): 0,25<br \/>\nMATERI\u00c1L \u010cEPELA: B\u00d6HLER N690 STEEL (58HRC)<br \/>\nPOVRCHOV\u00c1 \u00daPRAVA NO\u017dA: MIL-C-13924 BURNISH<br \/>\n\u0160\u00cdPKA \u010cEPELA: PLOCH\u00dd DR\u00d4T<br \/>\n\u010cIASTO\u010cN\u00c9 ZUBY (MM): 40<br \/>\n\u010cIASTO\u010cN\u00c9 ZUBY (V): 1.6<br \/>\nMATERI\u00c1L RUKOV\u00c4TI: FORPRENE<\/p>\n","protected":false},"excerpt":{"rendered":"<p>Spolo\u010dnos\u0165 Extrema Ratio so s\u00eddlom v talianskom Prate navrhuje a vyr\u00e1ba vysoko v\u00fdkonn\u00e9 bojov\u00e9, vojensk\u00e9, kuchynsk\u00e9, loveck\u00e9 a taktick\u00e9 no\u017ee od roku 1997 a m\u00e1 poves\u0165 vynikaj\u00facej kvality, ktor\u00e1 je v odbore vojensk\u00fdch a taktick\u00fdch no\u017eov neprekonate\u013en\u00e1. Doprava zadarmo.<\/p>\n","protected":false},"featured_media":219469,"comment_status":"open","ping_status":"closed","template":"","meta":[],"pwb-brand":[3198],"product_brand":[],"product_cat":[3186,3187],"product_tag":[3668],"class_list":{"0":"post-227357","1":"product","2":"type-product","3":"status-publish","4":"has-post-thumbnail","6":"pwb-brand-extrema-ratio-sk","7":"product_cat-noze-sk","8":"product_cat-pevne-noze-sk","9":"product_tag-b2b-sk","11":"first","12":"outofstock","13":"taxable","14":"shipping-taxable","15":"purchasable","16":"product-type-simple"},"brands":[{"id":3198,"name":"Extrema Ratio","slug":"extrema-ratio-sk"}],"_links":{"self":[{"href":"https:\/\/www.moskito.cz\/sk\/wp-json\/wp\/v2\/product\/227357","targetHints":{"allow":["GET"]}}],"collection":[{"href":"https:\/\/www.moskito.cz\/sk\/wp-json\/wp\/v2\/product"}],"about":[{"href":"https:\/\/www.moskito.cz\/sk\/wp-json\/wp\/v2\/types\/product"}],"replies":[{"embeddable":true,"href":"https:\/\/www.moskito.cz\/sk\/wp-json\/wp\/v2\/comments?post=227357"}],"wp:featuredmedia":[{"embeddable":true,"href":"https:\/\/www.moskito.cz\/sk\/wp-json\/wp\/v2\/media\/219469"}],"wp:attachment":[{"href":"https:\/\/www.moskito.cz\/sk\/wp-json\/wp\/v2\/media?parent=227357"}],"wp:term":[{"taxonomy":"pwb-brand","embeddable":true,"href":"https:\/\/www.moskito.cz\/sk\/wp-json\/wp\/v2\/pwb-brand?post=227357"},{"taxonomy":"product_brand","embeddable":true,"href":"https:\/\/www.moskito.cz\/sk\/wp-json\/wp\/v2\/product_brand?post=227357"},{"taxonomy":"product_cat","embeddable":true,"href":"https:\/\/www.moskito.cz\/sk\/wp-json\/wp\/v2\/product_cat?post=227357"},{"taxonomy":"product_tag","embeddable":true,"href":"https:\/\/www.moskito.cz\/sk\/wp-json\/wp\/v2\/product_tag?post=227357"}],"curies":[{"name":"wp","href":"https:\/\/api.w.org\/{rel}","templated":true}]}}