{"id":227384,"date":"2022-10-06T21:58:27","date_gmt":"2022-10-06T20:58:27","guid":{"rendered":"https:\/\/www.moskito.cz\/produkt\/pevny-noz-extrema-ratio-fulcrum-c-desert-warfare\/"},"modified":"2025-05-07T10:41:54","modified_gmt":"2025-05-07T09:41:54","slug":"pevny-noz-extrema-ratio-fulcrum-c-desert-warfare","status":"publish","type":"product","link":"https:\/\/www.moskito.cz\/sk\/produkt\/pevny-noz-extrema-ratio-fulcrum-c-desert-warfare\/","title":{"rendered":"Pevn\u00fd N\u00f4\u017e Extrema Ratio FULCRUM C DESERT WARFARE"},"content":{"rendered":"<p>Pevn\u00fd N\u00f4\u017e Extrema Ratio FULCRUM C DESERT WARFARE<\/p>\n<p>FULCRUM C je kompaktn\u00e1 verzia FULCRUM, ktor\u00e1 sa vyrovn\u00e1 v robustnosti a robustnosti. Jeho zmen\u0161en\u00e1 \u010depe\u013e (d\u013a\u017eka iba 4\u2033 1\/3) a rukov\u00e4\u0165 umo\u017e\u0148uj\u00fa pohodln\u00e9 nosenie a \u013eahk\u00e9 skrytie. Prilo\u017een\u00e9 tvrd\u00e9 puzdro je mo\u017en\u00e9 nosi\u0165 zvisle, vodorovne alebo \u0161ikmo (v uhle 45 \u00b0) a je vybaven\u00e9 jedn\u00fdm automatick\u00fdm tlakom aktivovan\u00fdm bezpe\u010dnostn\u00fdm z\u00e1mkom pre r\u00fdchle a \u013eah\u0161ie kreslenie a navliekanie. To rob\u00ed z FULCRUM C intuit\u00edvny n\u00f4\u017e s r\u00fdchlym pou\u017eit\u00edm, ktor\u00fd sa ide\u00e1lne hod\u00ed pre n\u00fadzov\u00e9 situ\u00e1cie alebo sebaobranu. P\u00f4vodn\u00e1 verzia FULCRUM C je dod\u00e1van\u00e1 s 3,9 palcovou kompaktnou rukov\u00e4\u0165ou, verzia Full Handle prich\u00e1dza s pohodlnej\u0161ou 5 palcovou rukov\u00e4\u0165ou. Dostupn\u00e9 verzie: FULCRUM C BLACK, FULCRUM C DESERT WARFARE, FULCRUM C FH BLACK, FULCRUM C FH DESERT WARFARE.<\/p>\n<p>HMOTNOS\u0164 G: 226<br \/>\nHMOTNOS\u0164 UNCA: 8<br \/>\nD\u0139\u017dKA \u010cEPELA (MM): 110<br \/>\nD\u0139\u017dKA \u010cEPE\u013dA (PALCA): 4,3<br \/>\nCELKOV\u00c1 D\u0139\u017dKA (MM): 214<br \/>\nCELKOV\u00c1 D\u0139\u017dKA (PALCE): 8,4<br \/>\nH\u013d\u00daBKA \u010cEPELA (MM): 6,3<br \/>\nH\u013d\u00daBKA \u010cEPELA (PALCA): 0,25<br \/>\nMATERI\u00c1L \u010cEPELA: B\u00d6HLER N690 STEEL (58HRC)<br \/>\nPOVRCHOV\u00c1 \u00daPRAVA \u010cEPELA: DESERT WARFARE<br \/>\nHLAVN\u00c1 MRIE\u017dKA: PLOCH\u00c1<br \/>\n\u010cIASTO\u010cN\u00c9 ZUBY (MM): 40<br \/>\n\u010cIASTO\u010cN\u00c9 ZUBY (IN): 1,6<br \/>\nMATERI\u00c1L RUKOV\u00c4TI: FORPRENE<\/p>\n","protected":false},"excerpt":{"rendered":"<pre id=\"tw-target-text\" class=\"tw-data-text tw-text-large tw-ta\" dir=\"ltr\" data-placeholder=\"P\u0159eklad\"><span class=\"Y2IQFc\" lang=\"sk\">Spolo\u010dnos\u0165 Extrema Ratio so s\u00eddlom v talianskom Prate navrhuje a vyr\u00e1ba vysoko v\u00fdkonn\u00e9 bojov\u00e9, vojensk\u00e9, kuchynsk\u00e9, loveck\u00e9 a taktick\u00e9 no\u017ee od roku 1997 a m\u00e1 poves\u0165 vynikaj\u00facej kvality, ktor\u00e1 je v odbore vojensk\u00fdch a taktick\u00fdch no\u017eov neprekonate\u013en\u00e1. Doprava zadarmo.<\/span><\/pre>\n","protected":false},"featured_media":227361,"comment_status":"open","ping_status":"closed","template":"","meta":[],"pwb-brand":[3198],"product_brand":[],"product_cat":[3186,3187],"product_tag":[3668],"class_list":{"0":"post-227384","1":"product","2":"type-product","3":"status-publish","4":"has-post-thumbnail","6":"pwb-brand-extrema-ratio-sk","7":"product_cat-noze-sk","8":"product_cat-pevne-noze-sk","9":"product_tag-b2b-sk","11":"first","12":"instock","13":"taxable","14":"shipping-taxable","15":"purchasable","16":"product-type-simple"},"brands":[{"id":3198,"name":"Extrema Ratio","slug":"extrema-ratio-sk"}],"_links":{"self":[{"href":"https:\/\/www.moskito.cz\/sk\/wp-json\/wp\/v2\/product\/227384","targetHints":{"allow":["GET"]}}],"collection":[{"href":"https:\/\/www.moskito.cz\/sk\/wp-json\/wp\/v2\/product"}],"about":[{"href":"https:\/\/www.moskito.cz\/sk\/wp-json\/wp\/v2\/types\/product"}],"replies":[{"embeddable":true,"href":"https:\/\/www.moskito.cz\/sk\/wp-json\/wp\/v2\/comments?post=227384"}],"wp:featuredmedia":[{"embeddable":true,"href":"https:\/\/www.moskito.cz\/sk\/wp-json\/wp\/v2\/media\/227361"}],"wp:attachment":[{"href":"https:\/\/www.moskito.cz\/sk\/wp-json\/wp\/v2\/media?parent=227384"}],"wp:term":[{"taxonomy":"pwb-brand","embeddable":true,"href":"https:\/\/www.moskito.cz\/sk\/wp-json\/wp\/v2\/pwb-brand?post=227384"},{"taxonomy":"product_brand","embeddable":true,"href":"https:\/\/www.moskito.cz\/sk\/wp-json\/wp\/v2\/product_brand?post=227384"},{"taxonomy":"product_cat","embeddable":true,"href":"https:\/\/www.moskito.cz\/sk\/wp-json\/wp\/v2\/product_cat?post=227384"},{"taxonomy":"product_tag","embeddable":true,"href":"https:\/\/www.moskito.cz\/sk\/wp-json\/wp\/v2\/product_tag?post=227384"}],"curies":[{"name":"wp","href":"https:\/\/api.w.org\/{rel}","templated":true}]}}