{"id":227425,"date":"2022-10-07T10:19:23","date_gmt":"2022-10-07T09:19:23","guid":{"rendered":"https:\/\/www.moskito.cz\/?post_type=product&#038;p=227425"},"modified":"2026-01-14T19:24:58","modified_gmt":"2026-01-14T18:24:58","slug":"pevny-nuz-magnum-knivgar-black","status":"publish","type":"product","link":"https:\/\/www.moskito.cz\/sk\/produkt\/pevny-nuz-magnum-knivgar-black\/","title":{"rendered":"Pevn\u00fd N\u016f\u017e Magnum Knivgar Black"},"content":{"rendered":"<p>Pevn\u00fd N\u016f\u017e <strong>Magnum<\/strong> Knivgar Black.<\/p>\n<p>Magnum Knivgar je nekompromisn\u00ed a modern\u00ed proveden\u00ed no\u017e\u016f skandin\u00e1vsk\u00fdch S\u00e1m\u016f, kter\u00e9 jsou tis\u00edce let osv\u011bd\u010den\u00e9 v drsn\u00e9 seversk\u00e9 divo\u010din\u011b. Je to univerz\u00e1ln\u00ed d\u0159\u00ed\u010d pro tvrd\u00e9 a nemilosrdn\u00e9 pou\u017eit\u00ed p\u0159i v\u00fdcviku p\u0159e\u017eit\u00ed, lovu, ryba\u0159en\u00ed, craftingu nebo jak\u00e9koli jin\u00e9 mysliteln\u00e9 aplikaci. \u010cepel z nerezov\u00e9 oceli 420A je odoln\u00e1 proti zlomen\u00ed a lze ji snadno p\u0159ebrousit v poln\u00edch podm\u00ednk\u00e1ch pomoc\u00ed jednoduch\u00fdch prost\u0159edk\u016f. Nezni\u010diteln\u00e1 \u010dern\u00e1 plastov\u00e1 rukoje\u0165 je neodd\u011bliteln\u011b spojena s \u010depel\u00ed pomoc\u00ed procesu vst\u0159ikov\u00e1n\u00ed, stejn\u011b jako praktick\u00fd povrch kladiva a dl\u00e1ta na hlavici. Ty roz\u0161i\u0159uj\u00ed rozsah pou\u017eit\u00ed no\u017ee o \u010detn\u00e9 praktick\u00e9 \u00fakoly. Jednod\u00edln\u00e9 pouzdro na toulce vyroben\u00e9 z plastu odoln\u00e9ho proti pov\u011btrnostn\u00edm vliv\u016fm m\u00e1 poutko na opasek a odvodn\u011bn\u00ed. T\u00edmto zp\u016fsobem lze snadno a d\u016fkladn\u011b vy\u010distit v\u0161echny \u010d\u00e1sti no\u017ee, zejm\u00e9na po pou\u017eit\u00ed p\u0159i lovu.<\/p>\n<p>Typ polo\u017eky: Pevn\u00fd n\u016f\u017e<br \/>\nCelkov\u00e1 d\u00e9lka: 22,60 cm<br \/>\nD\u00e9lka \u010depele: 10,30 cm<br \/>\nS\u00edla \u010depele: 1,90 mm<br \/>\nHmotnost: 102,00 g<br \/>\nMateri\u00e1l \u010depele: 420A<br \/>\nMateri\u00e1l rukojeti: plastick\u00fd<br \/>\nBarva: \u010cern\u00e1<br \/>\nMateri\u00e1l pl\u00e1\u0161t\u011b: Ostatn\u00ed plast<br \/>\n\u010c\u00edslo polo\u017eky: 02MB010<\/p>\n<p>&nbsp;<\/p>\n","protected":false},"excerpt":{"rendered":"<p>Magnum Knivgar je nekompromisn\u00ed a modern\u00ed proveden\u00ed no\u017e\u016f skandin\u00e1vsk\u00fdch S\u00e1m\u016f.<\/p>\n","protected":false},"featured_media":227426,"comment_status":"open","ping_status":"closed","template":"","meta":[],"pwb-brand":[140],"product_brand":[],"product_cat":[22,17],"product_tag":[3667],"class_list":{"0":"post-227425","1":"product","2":"type-product","3":"status-publish","4":"has-post-thumbnail","6":"pwb-brand-boker","7":"product_cat-zaviraci-noze","8":"product_cat-noze","9":"product_tag-b2b","11":"first","12":"outofstock","13":"taxable","14":"shipping-taxable","15":"purchasable","16":"product-type-simple"},"brands":[{"id":140,"name":"Boker","slug":"boker"}],"_links":{"self":[{"href":"https:\/\/www.moskito.cz\/sk\/wp-json\/wp\/v2\/product\/227425","targetHints":{"allow":["GET"]}}],"collection":[{"href":"https:\/\/www.moskito.cz\/sk\/wp-json\/wp\/v2\/product"}],"about":[{"href":"https:\/\/www.moskito.cz\/sk\/wp-json\/wp\/v2\/types\/product"}],"replies":[{"embeddable":true,"href":"https:\/\/www.moskito.cz\/sk\/wp-json\/wp\/v2\/comments?post=227425"}],"wp:featuredmedia":[{"embeddable":true,"href":"https:\/\/www.moskito.cz\/sk\/wp-json\/wp\/v2\/media\/227426"}],"wp:attachment":[{"href":"https:\/\/www.moskito.cz\/sk\/wp-json\/wp\/v2\/media?parent=227425"}],"wp:term":[{"taxonomy":"pwb-brand","embeddable":true,"href":"https:\/\/www.moskito.cz\/sk\/wp-json\/wp\/v2\/pwb-brand?post=227425"},{"taxonomy":"product_brand","embeddable":true,"href":"https:\/\/www.moskito.cz\/sk\/wp-json\/wp\/v2\/product_brand?post=227425"},{"taxonomy":"product_cat","embeddable":true,"href":"https:\/\/www.moskito.cz\/sk\/wp-json\/wp\/v2\/product_cat?post=227425"},{"taxonomy":"product_tag","embeddable":true,"href":"https:\/\/www.moskito.cz\/sk\/wp-json\/wp\/v2\/product_tag?post=227425"}],"curies":[{"name":"wp","href":"https:\/\/api.w.org\/{rel}","templated":true}]}}