{"id":227530,"date":"2022-10-07T20:17:18","date_gmt":"2022-10-07T19:17:18","guid":{"rendered":"https:\/\/www.moskito.cz\/produkt\/vystrelovaci-noz-microtech-utx-85-stonewashed-233-10-tq\/"},"modified":"2025-05-07T10:41:56","modified_gmt":"2025-05-07T09:41:56","slug":"vystrelovaci-noz-microtech-utx-85-stonewashed-233-10-tq","status":"publish","type":"product","link":"https:\/\/www.moskito.cz\/sk\/produkt\/vystrelovaci-noz-microtech-utx-85-stonewashed-233-10-tq\/","title":{"rendered":"Vystre\u013eovac\u00ed N\u00f4\u017e Microtech UTX-85 Stonewashed 233-10 TQ"},"content":{"rendered":"<p>Vystre\u013eovac\u00ed N\u00f4\u017e <strong>Microtech<\/strong> UTX-85 Stonewashed 233-10 TQ. N\u00f4\u017e UTX-85 modeluje Ultratech, ale jeho ve\u013ekos\u0165 bola zmen\u0161en\u00e1 na 85%, \u010do z neho rob\u00ed ide\u00e1lnu ve\u013ekos\u0165 pre pren\u00e1\u0161anie. Rukov\u00e4\u0165 je tvarovan\u00e1 a vytv\u00e1ra \u00fachop, ktor\u00fd dobre padne do ruky. Celkov\u00e1 d\u013a\u017eka: 18.75 cm D\u013a\u017eka \u010depele: 7.81 cm Rezn\u00e1 hrana: 7.17 cm Hr\u00fabka \u010depele: 0.32cm Materi\u00e1l \u010depele: Bohler M390 Britov\u00e9 do\u0161ti\u010dky: Ploch\u00e9 Typ okraja: oby\u010dajn\u00fd D\u013a\u017eka rukov\u00e4te: 10.92 cm hlin\u00edk Hmotnos\u0165: 3,06 oz. U\u017e\u00edvate\u013e: Prav\u00e1 ruka Pocket Clip: Tip-Down Typ no\u017ea: Double-Action OTF Automatic Otv\u00e1ra\u010d: Thumb Slide Zna\u010dka: Microtech Model: UTX-85 Krajina p\u00f4vodu: USA Najlep\u0161ie vyu\u017eitie: Taktick\u00e9      &nbsp;<\/p>\n","protected":false},"excerpt":{"rendered":"<p>V priebehu rokov <strong>Microtech\u00ae Knives<\/strong> naplnil v\u00e1\u0161\u0148ou a zru\u010dnos\u0165ou v\u00fdrobu no\u017eov, a\u017e z nich vytvoril takmer umeleck\u00e9 diela, ktor\u00e9 s\u00fa vrcholom funk\u010dnosti. V\u0161etky diely s\u00fa vyroben\u00e9 v USA.  <strong>Na v\u0161etky no\u017ee Microtech je do\u017eivotn\u00e1 z\u00e1ruka.<\/strong><\/p>\n<p><strong>Doprava zadarmo.<\/strong><\/p>\n","protected":false},"featured_media":379967,"comment_status":"open","ping_status":"closed","template":"","meta":[],"pwb-brand":[3200],"product_brand":[],"product_cat":[3186,3197],"product_tag":[3668],"class_list":{"0":"post-227530","1":"product","2":"type-product","3":"status-publish","4":"has-post-thumbnail","6":"pwb-brand-microtech-sk","7":"product_cat-noze-sk","8":"product_cat-vystrelovacie-noze-sk","9":"product_tag-b2b-sk","11":"first","12":"instock","13":"taxable","14":"shipping-taxable","15":"purchasable","16":"product-type-simple"},"brands":[{"id":3200,"name":"Microtech","slug":"microtech-sk"}],"_links":{"self":[{"href":"https:\/\/www.moskito.cz\/sk\/wp-json\/wp\/v2\/product\/227530","targetHints":{"allow":["GET"]}}],"collection":[{"href":"https:\/\/www.moskito.cz\/sk\/wp-json\/wp\/v2\/product"}],"about":[{"href":"https:\/\/www.moskito.cz\/sk\/wp-json\/wp\/v2\/types\/product"}],"replies":[{"embeddable":true,"href":"https:\/\/www.moskito.cz\/sk\/wp-json\/wp\/v2\/comments?post=227530"}],"wp:featuredmedia":[{"embeddable":true,"href":"https:\/\/www.moskito.cz\/sk\/wp-json\/wp\/v2\/media\/379967"}],"wp:attachment":[{"href":"https:\/\/www.moskito.cz\/sk\/wp-json\/wp\/v2\/media?parent=227530"}],"wp:term":[{"taxonomy":"pwb-brand","embeddable":true,"href":"https:\/\/www.moskito.cz\/sk\/wp-json\/wp\/v2\/pwb-brand?post=227530"},{"taxonomy":"product_brand","embeddable":true,"href":"https:\/\/www.moskito.cz\/sk\/wp-json\/wp\/v2\/product_brand?post=227530"},{"taxonomy":"product_cat","embeddable":true,"href":"https:\/\/www.moskito.cz\/sk\/wp-json\/wp\/v2\/product_cat?post=227530"},{"taxonomy":"product_tag","embeddable":true,"href":"https:\/\/www.moskito.cz\/sk\/wp-json\/wp\/v2\/product_tag?post=227530"}],"curies":[{"name":"wp","href":"https:\/\/api.w.org\/{rel}","templated":true}]}}