{"id":227587,"date":"2022-10-08T11:56:42","date_gmt":"2022-10-08T10:56:42","guid":{"rendered":"https:\/\/www.moskito.cz\/produkt\/pevny-noz-microtech-bastinelli-creations-signature-series-215-1-dlcs\/"},"modified":"2025-05-07T10:42:01","modified_gmt":"2025-05-07T09:42:01","slug":"pevny-noz-microtech-bastinelli-creations-signature-series-215-1-dlcs","status":"publish","type":"product","link":"https:\/\/www.moskito.cz\/sk\/produkt\/pevny-noz-microtech-bastinelli-creations-signature-series-215-1-dlcs\/","title":{"rendered":"Pevn\u00fd N\u00f4\u017e Microtech\/Bastinelli Creations Signature Series 215-1 DLCS"},"content":{"rendered":"<p>Pevn\u00fd N\u00f4\u017e <strong>Microtech\/Bastinelli<\/strong> Creations Signature Series 215-1 DLCS.<\/p>\n<p>Feather je druh no\u017ea, ktor\u00fd jednoducho urob\u00ed svoju pr\u00e1cu. \u017diadne kudrlinky, zvon\u010deky alebo p\u00ed\u0161\u0165alky, je to opracovan\u00fd kus n\u00e1strojovej ocele D2 s ni\u010divou \u010depe\u013eou jastrabn\u00edka, mal\u00ed\u010dkov\u00fdm kr\u00fa\u017ekom a vynikaj\u00facou text\u00farou na rukov\u00e4ti. T\u00e1to jednodielna pevn\u00e1 \u010depe\u013e je navrhnut\u00e1 tak, aby bola bleskovo vytiahnut\u00e1 z puzdra a okam\u017eite pripraven\u00e1 na pr\u00e1cu. Prilo\u017een\u00e9 puzdro Kydex s trec\u00edm strihom je vybaven\u00e9 sponou diskr\u00e9tneho nosenia (IWB), ktor\u00e1 dr\u017e\u00ed n\u00f4\u017e po ruke a pripraven\u00fd udrie\u0165. September v taktickom scen\u00e1ri posledn\u00e1 priekopa, ale funguje rovnako dobre ako pevn\u00e1 \u010depe\u013e pre ka\u017edodenn\u00e9 nosenie.<\/p>\n<p>\u0160pecifik\u00e1cia<br \/>\nD\u013a\u017eka \u010depele: 7.5 cm<br \/>\nRezn\u00e1 hrana: 7.18 cm<br \/>\nD\u013a\u017eka rukov\u00e4te: 12.5 cm<br \/>\nCelkov\u00e1 d\u013a\u017eka: 20 cm<br \/>\nMateri\u00e1l \u010depele: N\u00e1strojov\u00e1 oce\u013e D2<br \/>\nHr\u00fabka \u010depele: 0.36 cm<br \/>\n\u0160t\u00fdl \u010depele: Hawkbill<br \/>\nBr\u00fasenie \u010depele: Ploch\u00e9<br \/>\nPovrchov\u00e1 \u00faprava \u010depele: Black DLC<br \/>\nMateri\u00e1l rukov\u00e4te: N\u00e1strojov\u00e1 oce\u013e D2<br \/>\nMateri\u00e1l pl\u00e1\u0161\u0165a: Kydex s klipom na IWB<br \/>\nHmotnos\u0165: 2,4 oz.<br \/>\nHmotnos\u0165 s puzdrom: 3,7 oz.<br \/>\nVyroben\u00e9 v USA<\/p>\n<p><iframe title=\"Microtech Combat Troodon Torture Test\" width=\"800\" height=\"450\" src=\"https:\/\/www.youtube.com\/embed\/xE9TeOFYEjg?feature=oembed\" frameborder=\"0\" allow=\"accelerometer; autoplay; clipboard-write; encrypted-media; gyroscope; picture-in-picture; web-share\" allowfullscreen><\/iframe><\/p>\n<p>&nbsp;<\/p>\n<p>&nbsp;<\/p>\n","protected":false},"excerpt":{"rendered":"<p><strong>V priebehu rokov Microtech\u00ae Knives naplnil v\u00e1\u0161\u0148ou a zru\u010dnos\u0165ou v\u00fdrobu no\u017eov, a\u017e z nich vytvoril takmer umeleck\u00e9 diela, ktor\u00e9 s\u00fa vrcholom funk\u010dnosti. V\u0161etky diely s\u00fa vyroben\u00e9 v USA.<\/strong><br \/>\n<strong>Na v\u0161etky no\u017ee Microtech je do\u017eivotn\u00e1 z\u00e1ruka.<\/strong><\/p>\n<p><strong>Doprava zadarmo.<\/strong><\/p>\n","protected":false},"featured_media":227576,"comment_status":"open","ping_status":"closed","template":"","meta":[],"pwb-brand":[3200],"product_brand":[],"product_cat":[3186,3187],"product_tag":[3668],"class_list":{"0":"post-227587","1":"product","2":"type-product","3":"status-publish","4":"has-post-thumbnail","6":"pwb-brand-microtech-sk","7":"product_cat-noze-sk","8":"product_cat-pevne-noze-sk","9":"product_tag-b2b-sk","11":"first","12":"outofstock","13":"taxable","14":"shipping-taxable","15":"purchasable","16":"product-type-simple"},"brands":[{"id":3200,"name":"Microtech","slug":"microtech-sk"}],"_links":{"self":[{"href":"https:\/\/www.moskito.cz\/sk\/wp-json\/wp\/v2\/product\/227587","targetHints":{"allow":["GET"]}}],"collection":[{"href":"https:\/\/www.moskito.cz\/sk\/wp-json\/wp\/v2\/product"}],"about":[{"href":"https:\/\/www.moskito.cz\/sk\/wp-json\/wp\/v2\/types\/product"}],"replies":[{"embeddable":true,"href":"https:\/\/www.moskito.cz\/sk\/wp-json\/wp\/v2\/comments?post=227587"}],"wp:featuredmedia":[{"embeddable":true,"href":"https:\/\/www.moskito.cz\/sk\/wp-json\/wp\/v2\/media\/227576"}],"wp:attachment":[{"href":"https:\/\/www.moskito.cz\/sk\/wp-json\/wp\/v2\/media?parent=227587"}],"wp:term":[{"taxonomy":"pwb-brand","embeddable":true,"href":"https:\/\/www.moskito.cz\/sk\/wp-json\/wp\/v2\/pwb-brand?post=227587"},{"taxonomy":"product_brand","embeddable":true,"href":"https:\/\/www.moskito.cz\/sk\/wp-json\/wp\/v2\/product_brand?post=227587"},{"taxonomy":"product_cat","embeddable":true,"href":"https:\/\/www.moskito.cz\/sk\/wp-json\/wp\/v2\/product_cat?post=227587"},{"taxonomy":"product_tag","embeddable":true,"href":"https:\/\/www.moskito.cz\/sk\/wp-json\/wp\/v2\/product_tag?post=227587"}],"curies":[{"name":"wp","href":"https:\/\/api.w.org\/{rel}","templated":true}]}}