{"id":227698,"date":"2022-10-09T13:18:07","date_gmt":"2022-10-09T12:18:07","guid":{"rendered":"https:\/\/www.moskito.cz\/produkt\/vystrelovaci-noz-microtech-dagger-otf-utx-70\/"},"modified":"2025-05-07T10:42:04","modified_gmt":"2025-05-07T09:42:04","slug":"vystrelovaci-noz-microtech-dagger-otf-utx-70","status":"publish","type":"product","link":"https:\/\/www.moskito.cz\/sk\/produkt\/vystrelovaci-noz-microtech-dagger-otf-utx-70\/","title":{"rendered":"Vystre\u013eovac\u00ed N\u00f4\u017e Microtech Dagger OTF UTX-70"},"content":{"rendered":"<p>Vystre\u013eovac\u00ed N\u00f4\u017e <strong>Microtech<\/strong> Dagger OTF UTX-70.<\/p>\n<p>Microtech UTX-70 (pomenovan\u00fd pod\u013ea ve\u013ekosti 70% ich ob\u013e\u00faben\u00e9ho modelu Ultratech) je najkompaktnej\u0161\u00ed, vysoko kvalitn\u00fd OTF automatick\u00fd n\u00f4\u017e na trhu. Meno Microtech vzbudzuje fant\u00e1zie o zl\u00fdch hran\u00e1ch, v\u00fdkonnej automatickej akcii a \u00fa\u017easn\u00fdch americk\u00fdch dizajnoch; aj ke\u010f je UTX-70 mal\u00fd, akon\u00e1hle ho budete ma\u0165 v ruke, uvid\u00edte, ako sa tieto fant\u00e1zie premenia na skuto\u010dnos\u0165. UTX-70 je perfektn\u00fd n\u00f4\u017e, ktor\u00fd si m\u00f4\u017eete schova\u0165 do n\u00e1prsn\u00e9ho vrecka na ozdobn\u00e9 udalosti, pou\u017ei\u0165 na ka\u017edodenn\u00e9 rezanie alebo len otvori\u0165 listy \u2013 v \u0161ialenom \u0161t\u00fdle. Je z\u00e1bavn\u00e9 sa s n\u00edm o\u0161\u00edva\u0165, je dobre vyroben\u00e9, odoln\u00e9, ostr\u00e9 ako britva a pripraven\u00e9 splni\u0165 humbuku.<\/p>\n<p>M\u00e1te radi automatick\u00e9 no\u017ee Microtech OTF, ale nec\u00edtite t\u00fato ve\u013ekos\u0165 alebo tvar? M\u00e1me v\u00e1s na dosah! Pozrite sa na na\u0161u \u0161irok\u00fa ponuku \u010fal\u0161\u00edch modelov Microtech OTF.<\/p>\n<p>Celkov\u00e1 d\u013a\u017eka: 14.07 cm<br \/>\nD\u013a\u017eka \u010depele: 6.02 cm<br \/>\nHr\u00fabka \u010depele: 0,2 cm<br \/>\nMateri\u00e1l \u010depele: Bohler M390<br \/>\nTvrdos\u0165: 59-60 \u00b0 RC<br \/>\n\u0160t\u00fdl \u010depel\u00ed: Drop Point<br \/>\nD\u013a\u017eka rukov\u00e4te: 8.05 cm<br \/>\nHr\u00fabka rukov\u00e4te: 0,8 cm<br \/>\nMateri\u00e1l rukov\u00e4te: hlin\u00edk<br \/>\nHmotnos\u0165: 1,24 oz.<br \/>\nU\u017e\u00edvate\u013e: Prav\u00e1 ruka<br \/>\nPocket Clip: Tip-Down<br \/>\nTyp no\u017ea: Double-Action OTF Automatic<br \/>\nOtv\u00e1ra\u010d: Thumb Slide<br \/>\nZna\u010dka: Microtech<br \/>\nModel: UTX-70<br \/>\nKrajina p\u00f4vodu: USA<br \/>\nNajlep\u0161ie vyu\u017eitie: ka\u017edodenn\u00e9 nosenie, taktick\u00e9<\/p>\n<p><iframe title=\"Microtech Combat Troodon Torture Test\" width=\"800\" height=\"450\" src=\"https:\/\/www.youtube.com\/embed\/xE9TeOFYEjg?feature=oembed\" frameborder=\"0\" allow=\"accelerometer; autoplay; clipboard-write; encrypted-media; gyroscope; picture-in-picture; web-share\" referrerpolicy=\"strict-origin-when-cross-origin\" allowfullscreen><\/iframe><\/p>\n<p>&nbsp;<\/p>\n","protected":false},"excerpt":{"rendered":"<p>V priebehu rokov <strong>Microtech\u00ae Knives<\/strong> naplnil v\u00e1\u0161\u0148ou a zru\u010dnos\u0165ou v\u00fdrobu no\u017eov, a\u017e z nich vytvoril takmer umeleck\u00e9 diela, ktor\u00e9 s\u00fa vrcholom funk\u010dnosti. V\u0161etky diely s\u00fa vyroben\u00e9 v USA.<br \/>\n<strong>Na v\u0161etky no\u017ee Microtech je do\u017eivotn\u00e1 z\u00e1ruka.<\/strong><\/p>\n","protected":false},"featured_media":227693,"comment_status":"open","ping_status":"closed","template":"","meta":[],"pwb-brand":[3200],"product_brand":[],"product_cat":[3186,3197],"product_tag":[3668],"class_list":{"0":"post-227698","1":"product","2":"type-product","3":"status-publish","4":"has-post-thumbnail","6":"pwb-brand-microtech-sk","7":"product_cat-noze-sk","8":"product_cat-vystrelovacie-noze-sk","9":"product_tag-b2b-sk","11":"first","12":"outofstock","13":"taxable","14":"shipping-taxable","15":"purchasable","16":"product-type-simple"},"brands":[{"id":3200,"name":"Microtech","slug":"microtech-sk"}],"_links":{"self":[{"href":"https:\/\/www.moskito.cz\/sk\/wp-json\/wp\/v2\/product\/227698","targetHints":{"allow":["GET"]}}],"collection":[{"href":"https:\/\/www.moskito.cz\/sk\/wp-json\/wp\/v2\/product"}],"about":[{"href":"https:\/\/www.moskito.cz\/sk\/wp-json\/wp\/v2\/types\/product"}],"replies":[{"embeddable":true,"href":"https:\/\/www.moskito.cz\/sk\/wp-json\/wp\/v2\/comments?post=227698"}],"wp:featuredmedia":[{"embeddable":true,"href":"https:\/\/www.moskito.cz\/sk\/wp-json\/wp\/v2\/media\/227693"}],"wp:attachment":[{"href":"https:\/\/www.moskito.cz\/sk\/wp-json\/wp\/v2\/media?parent=227698"}],"wp:term":[{"taxonomy":"pwb-brand","embeddable":true,"href":"https:\/\/www.moskito.cz\/sk\/wp-json\/wp\/v2\/pwb-brand?post=227698"},{"taxonomy":"product_brand","embeddable":true,"href":"https:\/\/www.moskito.cz\/sk\/wp-json\/wp\/v2\/product_brand?post=227698"},{"taxonomy":"product_cat","embeddable":true,"href":"https:\/\/www.moskito.cz\/sk\/wp-json\/wp\/v2\/product_cat?post=227698"},{"taxonomy":"product_tag","embeddable":true,"href":"https:\/\/www.moskito.cz\/sk\/wp-json\/wp\/v2\/product_tag?post=227698"}],"curies":[{"name":"wp","href":"https:\/\/api.w.org\/{rel}","templated":true}]}}