{"id":227728,"date":"2022-10-09T13:50:45","date_gmt":"2022-10-09T12:50:45","guid":{"rendered":"https:\/\/www.moskito.cz\/produkt\/vystrelovaci-noz-microtech-troodon-double-edge-138-4-tq\/"},"modified":"2025-05-07T10:42:06","modified_gmt":"2025-05-07T09:42:06","slug":"vystrelovaci-noz-microtech-troodon-double-edge-138-4-tq","status":"publish","type":"product","link":"https:\/\/www.moskito.cz\/sk\/produkt\/vystrelovaci-noz-microtech-troodon-double-edge-138-4-tq\/","title":{"rendered":"Vystre\u013eovac\u00ed N\u00f4\u017e Microtech Troodon Double Edge 138-4 TQ"},"content":{"rendered":"<p>Vystre\u013eovac\u00ed N\u00f4\u017e <strong>Microtech<\/strong> Troodon Double Edge 138-4 TQ<\/p>\n<p>Tento n\u00f4\u017e pomenovan\u00fd po dinosaurovi Troodon (troh-o-don) definuje nov\u00fa \u00e9ru Microtech Knives. Troodon v gr\u00e9\u010dtine znamen\u00e1 \u201ezranenie zuba\u201c. Medzi nov\u00e9 vylep\u0161enia patr\u00ed nov\u00e1 \u0161t\u00edhla rukov\u00e4\u0165, tvarovan\u00fd tvar a radik\u00e1lne dizajnov\u00e9 prvky, rovnako ako prepracovan\u00fd vn\u00fatorn\u00fd mechanizmus, ktor\u00fd zlep\u0161uje prev\u00e1dzkov\u00fa funk\u010dnos\u0165 a spo\u013eahlivos\u0165. Troodon sp\u00e1ja nov\u00fa \u0161pi\u010dkov\u00fa technol\u00f3giu s pocitom klasickej Microtech. Tento projekt viedol osobne Anthony Marfione a pozost\u00e1val z internej spolupr\u00e1ce t\u00edmu Microtech. Troodon bol vlajkovou lo\u010fou cel\u00e9ho radu Microtechu v roku 2006.<\/p>\n<p>Celkov\u00e1 d\u013a\u017eka: 7,64\u2033 (194 mm)<br \/>\nD\u013a\u017eka v zatvorenom stave: 4,57\u2033 (116 mm)<br \/>\nD\u013a\u017eka \u010depele: 3,08\u2033 (78 mm)<br \/>\nD\u013a\u017eka reznej hrany: 2,96\u2033 (75 mm)<br \/>\nHr\u00fabka \u010depele: 0,079\u2033 (2 mm)<br \/>\n\u0160t\u00fdl okraja: Oby\u010dajn\u00fd<br \/>\nHr\u00fabka rukov\u00e4te: 0,4\u2033 (10 mm)<br \/>\nVreckov\u00fd klip: Tip-Down<br \/>\nHmotnos\u0165: 2,8 oz ( 79,38 g)<br \/>\nKrajina p\u00f4vodu: USA<\/p>\n<p><iframe title=\"Microtech Combat Troodon Torture Test\" width=\"800\" height=\"450\" src=\"https:\/\/www.youtube.com\/embed\/xE9TeOFYEjg?feature=oembed\" frameborder=\"0\" allow=\"accelerometer; autoplay; clipboard-write; encrypted-media; gyroscope; picture-in-picture; web-share\" allowfullscreen><\/iframe><\/p>\n<p>&nbsp;<\/p>\n","protected":false},"excerpt":{"rendered":"<p>V priebehu rokov <strong>Microtech\u00ae Knives<\/strong> naplnil v\u00e1\u0161\u0148ou a zru\u010dnos\u0165ou v\u00fdrobu no\u017eov, a\u017e z nich vytvoril takmer umeleck\u00e9 diela, ktor\u00e9 s\u00fa vrcholom funk\u010dnosti. V\u0161etky diely s\u00fa vyroben\u00e9 v USA.<br \/>\n<strong>Na v\u0161etky no\u017ee Microtech je do\u017eivotn\u00e1 z\u00e1ruka.<\/strong><\/p>\n<p><strong>Doprava zadarmo.<\/strong><\/p>\n","protected":false},"featured_media":227717,"comment_status":"open","ping_status":"closed","template":"","meta":[],"pwb-brand":[3200],"product_brand":[],"product_cat":[3186,3197],"product_tag":[3668],"class_list":{"0":"post-227728","1":"product","2":"type-product","3":"status-publish","4":"has-post-thumbnail","6":"pwb-brand-microtech-sk","7":"product_cat-noze-sk","8":"product_cat-vystrelovacie-noze-sk","9":"product_tag-b2b-sk","11":"first","12":"instock","13":"taxable","14":"shipping-taxable","15":"purchasable","16":"product-type-simple"},"brands":[{"id":3200,"name":"Microtech","slug":"microtech-sk"}],"_links":{"self":[{"href":"https:\/\/www.moskito.cz\/sk\/wp-json\/wp\/v2\/product\/227728","targetHints":{"allow":["GET"]}}],"collection":[{"href":"https:\/\/www.moskito.cz\/sk\/wp-json\/wp\/v2\/product"}],"about":[{"href":"https:\/\/www.moskito.cz\/sk\/wp-json\/wp\/v2\/types\/product"}],"replies":[{"embeddable":true,"href":"https:\/\/www.moskito.cz\/sk\/wp-json\/wp\/v2\/comments?post=227728"}],"wp:featuredmedia":[{"embeddable":true,"href":"https:\/\/www.moskito.cz\/sk\/wp-json\/wp\/v2\/media\/227717"}],"wp:attachment":[{"href":"https:\/\/www.moskito.cz\/sk\/wp-json\/wp\/v2\/media?parent=227728"}],"wp:term":[{"taxonomy":"pwb-brand","embeddable":true,"href":"https:\/\/www.moskito.cz\/sk\/wp-json\/wp\/v2\/pwb-brand?post=227728"},{"taxonomy":"product_brand","embeddable":true,"href":"https:\/\/www.moskito.cz\/sk\/wp-json\/wp\/v2\/product_brand?post=227728"},{"taxonomy":"product_cat","embeddable":true,"href":"https:\/\/www.moskito.cz\/sk\/wp-json\/wp\/v2\/product_cat?post=227728"},{"taxonomy":"product_tag","embeddable":true,"href":"https:\/\/www.moskito.cz\/sk\/wp-json\/wp\/v2\/product_tag?post=227728"}],"curies":[{"name":"wp","href":"https:\/\/api.w.org\/{rel}","templated":true}]}}