{"id":227855,"date":"2022-10-10T21:00:43","date_gmt":"2022-10-10T20:00:43","guid":{"rendered":"https:\/\/www.moskito.cz\/produkt\/microtech-baseballove-unisexove-tricko-blood-iron-s-vystrihom-vel-m\/"},"modified":"2025-05-07T10:42:11","modified_gmt":"2025-05-07T09:42:11","slug":"microtech-baseballove-unisexove-tricko-blood-iron-s-vystrihom-vel-m","status":"publish","type":"product","link":"https:\/\/www.moskito.cz\/sk\/produkt\/microtech-baseballove-unisexove-tricko-blood-iron-s-vystrihom-vel-m\/","title":{"rendered":"MICROTECH BASEBALLOV\u00c9 UNISEXOV\u00c9 TRI\u010cKO BLOOD &#038; IRON S V\u00ddSTRIHOM ve\u013e. M"},"content":{"rendered":"<p>MICROTECH BASEBALLOV\u00c9 UNISEXOV\u00c9 TRI\u010cKO BLOOD &amp; IRON S V\u00ddSTRIHOM ve\u013ekos\u0165 M.<\/p>\n<p>Toto baseballov\u00e9 tri\u010dko vyroben\u00e9 v USA je vybaven\u00e9 na\u0161ou charakteristickou grafikou Blood &amp; Iron.<\/p>\n<p>Strih: slim fit<\/p>\n<p>Ve\u013ekos\u0165 men\u0161ia.<\/p>\n<p>50% Polyester 37% \u010cesan\u00e1 Ring Spun Bavlna 13% Rayon<br \/>\nUnisex Triblend Raglan Burnout Wash Baseballov\u00e9 tri\u010dko<br \/>\nUSA Made<\/p>\n","protected":false},"excerpt":{"rendered":"<pre id=\"tw-target-text\" class=\"tw-data-text tw-text-large tw-ta\" dir=\"ltr\" data-placeholder=\"P\u0159eklad\"><span class=\"Y2IQFc\" lang=\"sk\">Ve\u013ekos\u0165 M. Slim fit.<\/span><\/pre>\n","protected":false},"featured_media":227847,"comment_status":"open","ping_status":"closed","template":"","meta":[],"pwb-brand":[3200],"product_brand":[],"product_cat":[3186,3197],"product_tag":[3668],"class_list":{"0":"post-227855","1":"product","2":"type-product","3":"status-publish","4":"has-post-thumbnail","6":"pwb-brand-microtech-sk","7":"product_cat-noze-sk","8":"product_cat-vystrelovacie-noze-sk","9":"product_tag-b2b-sk","11":"first","12":"instock","13":"taxable","14":"shipping-taxable","15":"purchasable","16":"product-type-simple"},"brands":[{"id":3200,"name":"Microtech","slug":"microtech-sk"}],"_links":{"self":[{"href":"https:\/\/www.moskito.cz\/sk\/wp-json\/wp\/v2\/product\/227855","targetHints":{"allow":["GET"]}}],"collection":[{"href":"https:\/\/www.moskito.cz\/sk\/wp-json\/wp\/v2\/product"}],"about":[{"href":"https:\/\/www.moskito.cz\/sk\/wp-json\/wp\/v2\/types\/product"}],"replies":[{"embeddable":true,"href":"https:\/\/www.moskito.cz\/sk\/wp-json\/wp\/v2\/comments?post=227855"}],"wp:featuredmedia":[{"embeddable":true,"href":"https:\/\/www.moskito.cz\/sk\/wp-json\/wp\/v2\/media\/227847"}],"wp:attachment":[{"href":"https:\/\/www.moskito.cz\/sk\/wp-json\/wp\/v2\/media?parent=227855"}],"wp:term":[{"taxonomy":"pwb-brand","embeddable":true,"href":"https:\/\/www.moskito.cz\/sk\/wp-json\/wp\/v2\/pwb-brand?post=227855"},{"taxonomy":"product_brand","embeddable":true,"href":"https:\/\/www.moskito.cz\/sk\/wp-json\/wp\/v2\/product_brand?post=227855"},{"taxonomy":"product_cat","embeddable":true,"href":"https:\/\/www.moskito.cz\/sk\/wp-json\/wp\/v2\/product_cat?post=227855"},{"taxonomy":"product_tag","embeddable":true,"href":"https:\/\/www.moskito.cz\/sk\/wp-json\/wp\/v2\/product_tag?post=227855"}],"curies":[{"name":"wp","href":"https:\/\/api.w.org\/{rel}","templated":true}]}}