{"id":227933,"date":"2022-10-11T20:29:09","date_gmt":"2022-10-11T19:29:09","guid":{"rendered":"https:\/\/www.moskito.cz\/produkt\/microtech-tricko-unisex-tricko-s-kapuciou-s-dlhym-rukavom-vel-2xl\/"},"modified":"2025-05-07T10:42:14","modified_gmt":"2025-05-07T09:42:14","slug":"microtech-tricko-unisex-tricko-s-kapuciou-s-dlhym-rukavom-vel-2xl","status":"publish","type":"product","link":"https:\/\/www.moskito.cz\/sk\/produkt\/microtech-tricko-unisex-tricko-s-kapuciou-s-dlhym-rukavom-vel-2xl\/","title":{"rendered":"MICROTECH TRI\u010cKO UNISEX TRI\u010cKO S KAP\u00daCIOU S DLH\u00ddM RUK\u00c1VOM ve\u013e. 2XL"},"content":{"rendered":"<p>MICROTECH TRI\u010cKO UNISEX TRI\u010cKO S KAP\u00daCIOU S DLH\u00ddM RUK\u00c1VOM ve\u013e. 2XL.<\/p>\n<p>T\u00e1to \u013eahk\u00e1 tri\u010dko z troch zmes\u00ed s dlh\u00fdm ruk\u00e1vom m\u00e1 kapuc\u0148u a na\u0161e z\u00e1kladn\u00e9 logo Microtech.<\/p>\n<p>50% Polyester, 25% \u010desan\u00e1 kr\u00fa\u017ekov\u00e1 bavlna, 25% Rayon<br \/>\nTri-Blend Jersey ko\u0161e\u013ea s dlh\u00fdm ruk\u00e1vom a kapuc\u0148ou<\/p>\n","protected":false},"excerpt":{"rendered":"<p>Ve\u013ekos\u0165 2XL.<\/p>\n","protected":false},"featured_media":227922,"comment_status":"open","ping_status":"closed","template":"","meta":[],"pwb-brand":[3200],"product_brand":[],"product_cat":[3186,3197],"product_tag":[3668],"class_list":{"0":"post-227933","1":"product","2":"type-product","3":"status-publish","4":"has-post-thumbnail","6":"pwb-brand-microtech-sk","7":"product_cat-noze-sk","8":"product_cat-vystrelovacie-noze-sk","9":"product_tag-b2b-sk","11":"first","12":"instock","13":"taxable","14":"shipping-taxable","15":"purchasable","16":"product-type-simple"},"brands":[{"id":3200,"name":"Microtech","slug":"microtech-sk"}],"_links":{"self":[{"href":"https:\/\/www.moskito.cz\/sk\/wp-json\/wp\/v2\/product\/227933","targetHints":{"allow":["GET"]}}],"collection":[{"href":"https:\/\/www.moskito.cz\/sk\/wp-json\/wp\/v2\/product"}],"about":[{"href":"https:\/\/www.moskito.cz\/sk\/wp-json\/wp\/v2\/types\/product"}],"replies":[{"embeddable":true,"href":"https:\/\/www.moskito.cz\/sk\/wp-json\/wp\/v2\/comments?post=227933"}],"wp:featuredmedia":[{"embeddable":true,"href":"https:\/\/www.moskito.cz\/sk\/wp-json\/wp\/v2\/media\/227922"}],"wp:attachment":[{"href":"https:\/\/www.moskito.cz\/sk\/wp-json\/wp\/v2\/media?parent=227933"}],"wp:term":[{"taxonomy":"pwb-brand","embeddable":true,"href":"https:\/\/www.moskito.cz\/sk\/wp-json\/wp\/v2\/pwb-brand?post=227933"},{"taxonomy":"product_brand","embeddable":true,"href":"https:\/\/www.moskito.cz\/sk\/wp-json\/wp\/v2\/product_brand?post=227933"},{"taxonomy":"product_cat","embeddable":true,"href":"https:\/\/www.moskito.cz\/sk\/wp-json\/wp\/v2\/product_cat?post=227933"},{"taxonomy":"product_tag","embeddable":true,"href":"https:\/\/www.moskito.cz\/sk\/wp-json\/wp\/v2\/product_tag?post=227933"}],"curies":[{"name":"wp","href":"https:\/\/api.w.org\/{rel}","templated":true}]}}