{"id":227963,"date":"2022-10-11T21:29:16","date_gmt":"2022-10-11T20:29:16","guid":{"rendered":"https:\/\/www.moskito.cz\/produkt\/microtech-tricko-core-tricko-ss-crew-unisex-charcoal-red-vel-l\/"},"modified":"2025-05-07T10:42:16","modified_gmt":"2025-05-07T09:42:16","slug":"microtech-tricko-core-tricko-ss-crew-unisex-charcoal-red-vel-l","status":"publish","type":"product","link":"https:\/\/www.moskito.cz\/sk\/produkt\/microtech-tricko-core-tricko-ss-crew-unisex-charcoal-red-vel-l\/","title":{"rendered":"MICROTECH TRI\u010cKO Core Tri\u010dko SS Crew Unisex Charcoal\/Red vel.L"},"content":{"rendered":"<p>MICROTECH TRI\u010cKO Core Tri\u010dko SS Crew Unisex Charcoal\/Red vel.L<\/p>\n<p>Na\u0161e klasick\u00e9 tri\u010dk\u00e1 sa dod\u00e1vaj\u00fa v r\u00f4znych farb\u00e1ch a maj\u00fa logo Microtech na pohodlnom unisex tri\u010dku s kr\u00e1tkym ruk\u00e1vom. K dispoz\u00edcii uhlovej farbe.<\/p>\n<p>60% \u010desan\u00e1 ring-spun bavlna, 40% polyester<br \/>\nUnisex kr\u00e1tky ruk\u00e1v s v\u00fdstrihom.<\/p>\n","protected":false},"excerpt":{"rendered":"<p>Ve\u013ekos\u0165 L.<\/p>\n","protected":false},"featured_media":227960,"comment_status":"open","ping_status":"closed","template":"","meta":[],"pwb-brand":[3200],"product_brand":[],"product_cat":[3186,3197],"product_tag":[3668],"class_list":{"0":"post-227963","1":"product","2":"type-product","3":"status-publish","4":"has-post-thumbnail","6":"pwb-brand-microtech-sk","7":"product_cat-noze-sk","8":"product_cat-vystrelovacie-noze-sk","9":"product_tag-b2b-sk","11":"first","12":"instock","13":"taxable","14":"shipping-taxable","15":"purchasable","16":"product-type-simple"},"brands":[{"id":3200,"name":"Microtech","slug":"microtech-sk"}],"_links":{"self":[{"href":"https:\/\/www.moskito.cz\/sk\/wp-json\/wp\/v2\/product\/227963","targetHints":{"allow":["GET"]}}],"collection":[{"href":"https:\/\/www.moskito.cz\/sk\/wp-json\/wp\/v2\/product"}],"about":[{"href":"https:\/\/www.moskito.cz\/sk\/wp-json\/wp\/v2\/types\/product"}],"replies":[{"embeddable":true,"href":"https:\/\/www.moskito.cz\/sk\/wp-json\/wp\/v2\/comments?post=227963"}],"wp:featuredmedia":[{"embeddable":true,"href":"https:\/\/www.moskito.cz\/sk\/wp-json\/wp\/v2\/media\/227960"}],"wp:attachment":[{"href":"https:\/\/www.moskito.cz\/sk\/wp-json\/wp\/v2\/media?parent=227963"}],"wp:term":[{"taxonomy":"pwb-brand","embeddable":true,"href":"https:\/\/www.moskito.cz\/sk\/wp-json\/wp\/v2\/pwb-brand?post=227963"},{"taxonomy":"product_brand","embeddable":true,"href":"https:\/\/www.moskito.cz\/sk\/wp-json\/wp\/v2\/product_brand?post=227963"},{"taxonomy":"product_cat","embeddable":true,"href":"https:\/\/www.moskito.cz\/sk\/wp-json\/wp\/v2\/product_cat?post=227963"},{"taxonomy":"product_tag","embeddable":true,"href":"https:\/\/www.moskito.cz\/sk\/wp-json\/wp\/v2\/product_tag?post=227963"}],"curies":[{"name":"wp","href":"https:\/\/api.w.org\/{rel}","templated":true}]}}