{"id":227983,"date":"2022-10-12T19:37:13","date_gmt":"2022-10-12T18:37:13","guid":{"rendered":"https:\/\/www.moskito.cz\/produkt\/microtech-tricko-blood-iron-unisex-crew-neck-t-shirt-vel-m\/"},"modified":"2025-05-07T10:42:19","modified_gmt":"2025-05-07T09:42:19","slug":"microtech-tricko-blood-iron-unisex-crew-neck-t-shirt-vel-m","status":"publish","type":"product","link":"https:\/\/www.moskito.cz\/sk\/produkt\/microtech-tricko-blood-iron-unisex-crew-neck-t-shirt-vel-m\/","title":{"rendered":"MICROTECH TRI\u010cKO BLOOD &#038; IRON UNISEX CREW NECK T-SHIRT vel.M"},"content":{"rendered":"<p>MICROTECH TRI\u010cKO BLOOD &amp; IRON UNISEX CREW NECK T-SHIRT vel.M<\/p>\n<p>Toto unisex tri\u010dko zo zmesi bavlny, pon\u00fakan\u00e9 v uh\u013eovo \u0161edej farbe, m\u00e1 na\u0161u origin\u00e1lnu grafiku Blood &amp; Iron.<\/p>\n<p>60% \u010desan\u00e1 ring-spun bavlna, 40% polyester<br \/>\nUnisex kr\u00e1tky ruk\u00e1v s v\u00fdstrihom.<\/p>\n","protected":false},"excerpt":{"rendered":"<pre id=\"tw-target-text\" class=\"tw-data-text tw-text-large tw-ta\" dir=\"ltr\" data-placeholder=\"P\u0159eklad\"><span class=\"Y2IQFc\" lang=\"sk\">Ve\u013ekos\u0165 2XL.<\/span><\/pre>\n","protected":false},"featured_media":227975,"comment_status":"open","ping_status":"closed","template":"","meta":[],"pwb-brand":[3200],"product_brand":[],"product_cat":[3186,3197],"product_tag":[3668],"class_list":{"0":"post-227983","1":"product","2":"type-product","3":"status-publish","4":"has-post-thumbnail","6":"pwb-brand-microtech-sk","7":"product_cat-noze-sk","8":"product_cat-vystrelovacie-noze-sk","9":"product_tag-b2b-sk","11":"first","12":"instock","13":"taxable","14":"shipping-taxable","15":"purchasable","16":"product-type-simple"},"brands":[{"id":3200,"name":"Microtech","slug":"microtech-sk"}],"_links":{"self":[{"href":"https:\/\/www.moskito.cz\/sk\/wp-json\/wp\/v2\/product\/227983","targetHints":{"allow":["GET"]}}],"collection":[{"href":"https:\/\/www.moskito.cz\/sk\/wp-json\/wp\/v2\/product"}],"about":[{"href":"https:\/\/www.moskito.cz\/sk\/wp-json\/wp\/v2\/types\/product"}],"replies":[{"embeddable":true,"href":"https:\/\/www.moskito.cz\/sk\/wp-json\/wp\/v2\/comments?post=227983"}],"wp:featuredmedia":[{"embeddable":true,"href":"https:\/\/www.moskito.cz\/sk\/wp-json\/wp\/v2\/media\/227975"}],"wp:attachment":[{"href":"https:\/\/www.moskito.cz\/sk\/wp-json\/wp\/v2\/media?parent=227983"}],"wp:term":[{"taxonomy":"pwb-brand","embeddable":true,"href":"https:\/\/www.moskito.cz\/sk\/wp-json\/wp\/v2\/pwb-brand?post=227983"},{"taxonomy":"product_brand","embeddable":true,"href":"https:\/\/www.moskito.cz\/sk\/wp-json\/wp\/v2\/product_brand?post=227983"},{"taxonomy":"product_cat","embeddable":true,"href":"https:\/\/www.moskito.cz\/sk\/wp-json\/wp\/v2\/product_cat?post=227983"},{"taxonomy":"product_tag","embeddable":true,"href":"https:\/\/www.moskito.cz\/sk\/wp-json\/wp\/v2\/product_tag?post=227983"}],"curies":[{"name":"wp","href":"https:\/\/api.w.org\/{rel}","templated":true}]}}