{"id":228000,"date":"2022-10-12T20:31:15","date_gmt":"2022-10-12T19:31:15","guid":{"rendered":"https:\/\/www.moskito.cz\/produkt\/microtech-tricko-bee-tee-ss-crew-unisex-green-vel-l\/"},"modified":"2025-05-07T10:42:21","modified_gmt":"2025-05-07T09:42:21","slug":"microtech-tricko-bee-tee-ss-crew-unisex-green-vel-l","status":"publish","type":"product","link":"https:\/\/www.moskito.cz\/sk\/produkt\/microtech-tricko-bee-tee-ss-crew-unisex-green-vel-l\/","title":{"rendered":"MICROTECH TRI\u010cKO Bee Tee SS Crew Unisex Green vel.L"},"content":{"rendered":"<p>MICROTECH TRI\u010cKO Bee Tee SS Crew Unisex Green vel.L<\/p>\n<p>Toto tri\u010dko je pon\u00fakan\u00e9 vo vojenskej zelenej farbe a obsahuje na zadnej strane grafiku v\u010delieho no\u017ea Microtech x Bastinelli Knives na zadnej strane a text \u201eHuman Bullshit Voids Warranty\u201c na prednej strane.<\/p>\n<p>60% \u010desan\u00e1 ring-spun bavlna, 40% polyester<br \/>\nUnisex kr\u00e1tky ruk\u00e1v s v\u00fdstrihom<\/p>\n","protected":false},"excerpt":{"rendered":"<pre id=\"tw-target-text\" class=\"tw-data-text tw-text-large tw-ta\" dir=\"ltr\" data-placeholder=\"P\u0159eklad\"><span class=\"Y2IQFc\" lang=\"sk\">Ve\u013ekos\u0165 L.<\/span><\/pre>\n","protected":false},"featured_media":227945,"comment_status":"open","ping_status":"closed","template":"","meta":[],"pwb-brand":[3200],"product_brand":[],"product_cat":[3186,3197],"product_tag":[3668],"class_list":{"0":"post-228000","1":"product","2":"type-product","3":"status-publish","4":"has-post-thumbnail","6":"pwb-brand-microtech-sk","7":"product_cat-noze-sk","8":"product_cat-vystrelovacie-noze-sk","9":"product_tag-b2b-sk","11":"first","12":"instock","13":"taxable","14":"shipping-taxable","15":"purchasable","16":"product-type-simple"},"brands":[{"id":3200,"name":"Microtech","slug":"microtech-sk"}],"_links":{"self":[{"href":"https:\/\/www.moskito.cz\/sk\/wp-json\/wp\/v2\/product\/228000","targetHints":{"allow":["GET"]}}],"collection":[{"href":"https:\/\/www.moskito.cz\/sk\/wp-json\/wp\/v2\/product"}],"about":[{"href":"https:\/\/www.moskito.cz\/sk\/wp-json\/wp\/v2\/types\/product"}],"replies":[{"embeddable":true,"href":"https:\/\/www.moskito.cz\/sk\/wp-json\/wp\/v2\/comments?post=228000"}],"wp:featuredmedia":[{"embeddable":true,"href":"https:\/\/www.moskito.cz\/sk\/wp-json\/wp\/v2\/media\/227945"}],"wp:attachment":[{"href":"https:\/\/www.moskito.cz\/sk\/wp-json\/wp\/v2\/media?parent=228000"}],"wp:term":[{"taxonomy":"pwb-brand","embeddable":true,"href":"https:\/\/www.moskito.cz\/sk\/wp-json\/wp\/v2\/pwb-brand?post=228000"},{"taxonomy":"product_brand","embeddable":true,"href":"https:\/\/www.moskito.cz\/sk\/wp-json\/wp\/v2\/product_brand?post=228000"},{"taxonomy":"product_cat","embeddable":true,"href":"https:\/\/www.moskito.cz\/sk\/wp-json\/wp\/v2\/product_cat?post=228000"},{"taxonomy":"product_tag","embeddable":true,"href":"https:\/\/www.moskito.cz\/sk\/wp-json\/wp\/v2\/product_tag?post=228000"}],"curies":[{"name":"wp","href":"https:\/\/api.w.org\/{rel}","templated":true}]}}