{"id":228058,"date":"2022-10-13T20:32:09","date_gmt":"2022-10-13T19:32:09","guid":{"rendered":"https:\/\/www.moskito.cz\/produkt\/microtech-fleecova-ciapka\/"},"modified":"2025-05-07T10:42:25","modified_gmt":"2025-05-07T09:42:25","slug":"microtech-fleecova-ciapka","status":"publish","type":"product","link":"https:\/\/www.moskito.cz\/sk\/produkt\/microtech-fleecova-ciapka\/","title":{"rendered":"MICROTECH FLEECOV\u00c1 \u010cIAPKA"},"content":{"rendered":"<p>MICROTECH FLEECOV\u00c1 \u010cIAPKA.<\/p>\n<p>Fleeceov\u00e1 \u010diapka Microtech je tepl\u00e1 a pr\u00edjemn\u00e1 a m\u00e1 na\u0161it\u00fa visa\u010dku s logom Microtech.<\/p>\n<p>100% Poly Micro Fleece<br \/>\nAnti-Pill Finish<\/p>\n","protected":false},"excerpt":{"rendered":"<p>MICROTECH FLEECOV\u00c1 \u010cIAPKA. Fleeceov\u00e1 \u010diapka Microtech je tepl\u00e1 a pr\u00edjemn\u00e1 a m\u00e1 na\u0161it\u00fa visa\u010dku s logom Microtech. 100% Poly Micro Fleece Anti-Pill Finish<\/p>\n","protected":false},"featured_media":228056,"comment_status":"open","ping_status":"closed","template":"","meta":[],"pwb-brand":[3200],"product_brand":[],"product_cat":[3186,3197],"product_tag":[3668],"class_list":{"0":"post-228058","1":"product","2":"type-product","3":"status-publish","4":"has-post-thumbnail","6":"pwb-brand-microtech-sk","7":"product_cat-noze-sk","8":"product_cat-vystrelovacie-noze-sk","9":"product_tag-b2b-sk","11":"first","12":"outofstock","13":"taxable","14":"shipping-taxable","15":"purchasable","16":"product-type-simple"},"brands":[{"id":3200,"name":"Microtech","slug":"microtech-sk"}],"_links":{"self":[{"href":"https:\/\/www.moskito.cz\/sk\/wp-json\/wp\/v2\/product\/228058","targetHints":{"allow":["GET"]}}],"collection":[{"href":"https:\/\/www.moskito.cz\/sk\/wp-json\/wp\/v2\/product"}],"about":[{"href":"https:\/\/www.moskito.cz\/sk\/wp-json\/wp\/v2\/types\/product"}],"replies":[{"embeddable":true,"href":"https:\/\/www.moskito.cz\/sk\/wp-json\/wp\/v2\/comments?post=228058"}],"wp:featuredmedia":[{"embeddable":true,"href":"https:\/\/www.moskito.cz\/sk\/wp-json\/wp\/v2\/media\/228056"}],"wp:attachment":[{"href":"https:\/\/www.moskito.cz\/sk\/wp-json\/wp\/v2\/media?parent=228058"}],"wp:term":[{"taxonomy":"pwb-brand","embeddable":true,"href":"https:\/\/www.moskito.cz\/sk\/wp-json\/wp\/v2\/pwb-brand?post=228058"},{"taxonomy":"product_brand","embeddable":true,"href":"https:\/\/www.moskito.cz\/sk\/wp-json\/wp\/v2\/product_brand?post=228058"},{"taxonomy":"product_cat","embeddable":true,"href":"https:\/\/www.moskito.cz\/sk\/wp-json\/wp\/v2\/product_cat?post=228058"},{"taxonomy":"product_tag","embeddable":true,"href":"https:\/\/www.moskito.cz\/sk\/wp-json\/wp\/v2\/product_tag?post=228058"}],"curies":[{"name":"wp","href":"https:\/\/api.w.org\/{rel}","templated":true}]}}