{"id":228071,"date":"2022-10-13T20:50:09","date_gmt":"2022-10-13T19:50:09","guid":{"rendered":"https:\/\/www.moskito.cz\/produkt\/siltovka-microtech-legacy-trucker-cap\/"},"modified":"2025-05-07T10:42:25","modified_gmt":"2025-05-07T09:42:25","slug":"siltovka-microtech-legacy-trucker-cap","status":"publish","type":"product","link":"https:\/\/www.moskito.cz\/sk\/produkt\/siltovka-microtech-legacy-trucker-cap\/","title":{"rendered":"\u0160ILTOVKA MICROTECH LEGACY TRUCKER CAP"},"content":{"rendered":"<p>\u0160ILTOVKA MICROTECH LEGACY TRUCKER CAP.<\/p>\n<p>Tieto klasick\u00e9 n\u00edzke \u0161iltovky maj\u00fa logo Marfione Customs a Microtech na kvalitnej \u010diapke Legacy s nastavite\u013en\u00fdm snapbackom.<\/p>\n<p>\u0160trukt\u00farovan\u00fd strih<br \/>\n65% Bavlna, 35% Polyester<br \/>\nUnisex<br \/>\nK dispoz\u00edcii 5 r\u00f4znych \u0161t\u00fdlov<\/p>\n","protected":false},"excerpt":{"rendered":"<p>\u0160ILTOVKA MICROTECH LEGACY TRUCKER CAP. Tieto klasick\u00e9 n\u00edzke \u0161iltovky maj\u00fa logo Marfione Customs a Microtech na kvalitnej \u010diapke Legacy s nastavite\u013en\u00fdm snapbackom. \u0160trukt\u00farovan\u00fd strih 65% Bavlna, 35% Polyester Unisex K dispoz\u00edcii 5 r\u00f4znych \u0161t\u00fdlov<\/p>\n","protected":false},"featured_media":245516,"comment_status":"open","ping_status":"closed","template":"","meta":[],"pwb-brand":[3200],"product_brand":[],"product_cat":[3186,3197],"product_tag":[3668],"class_list":{"0":"post-228071","1":"product","2":"type-product","3":"status-publish","4":"has-post-thumbnail","6":"pwb-brand-microtech-sk","7":"product_cat-noze-sk","8":"product_cat-vystrelovacie-noze-sk","9":"product_tag-b2b-sk","11":"first","12":"outofstock","13":"taxable","14":"shipping-taxable","15":"purchasable","16":"product-type-simple"},"brands":[{"id":3200,"name":"Microtech","slug":"microtech-sk"}],"_links":{"self":[{"href":"https:\/\/www.moskito.cz\/sk\/wp-json\/wp\/v2\/product\/228071","targetHints":{"allow":["GET"]}}],"collection":[{"href":"https:\/\/www.moskito.cz\/sk\/wp-json\/wp\/v2\/product"}],"about":[{"href":"https:\/\/www.moskito.cz\/sk\/wp-json\/wp\/v2\/types\/product"}],"replies":[{"embeddable":true,"href":"https:\/\/www.moskito.cz\/sk\/wp-json\/wp\/v2\/comments?post=228071"}],"wp:featuredmedia":[{"embeddable":true,"href":"https:\/\/www.moskito.cz\/sk\/wp-json\/wp\/v2\/media\/245516"}],"wp:attachment":[{"href":"https:\/\/www.moskito.cz\/sk\/wp-json\/wp\/v2\/media?parent=228071"}],"wp:term":[{"taxonomy":"pwb-brand","embeddable":true,"href":"https:\/\/www.moskito.cz\/sk\/wp-json\/wp\/v2\/pwb-brand?post=228071"},{"taxonomy":"product_brand","embeddable":true,"href":"https:\/\/www.moskito.cz\/sk\/wp-json\/wp\/v2\/product_brand?post=228071"},{"taxonomy":"product_cat","embeddable":true,"href":"https:\/\/www.moskito.cz\/sk\/wp-json\/wp\/v2\/product_cat?post=228071"},{"taxonomy":"product_tag","embeddable":true,"href":"https:\/\/www.moskito.cz\/sk\/wp-json\/wp\/v2\/product_tag?post=228071"}],"curies":[{"name":"wp","href":"https:\/\/api.w.org\/{rel}","templated":true}]}}