{"id":228104,"date":"2022-09-22T22:06:21","date_gmt":"2022-09-22T21:06:21","guid":{"rendered":"https:\/\/www.moskito.cz\/produkt\/pevny-noz-extrema-ratio-selvans-expeditions\/"},"modified":"2025-05-07T10:42:25","modified_gmt":"2025-05-07T09:42:25","slug":"pevny-noz-extrema-ratio-selvans-expeditions","status":"publish","type":"product","link":"https:\/\/www.moskito.cz\/sk\/produkt\/pevny-noz-extrema-ratio-selvans-expeditions\/","title":{"rendered":"Pevn\u00fd N\u00f4\u017e Extrema Ratio SELVANS EXPEDITIONS"},"content":{"rendered":"<p>Pevn\u00fd N\u00f4\u017e <strong>Extrema Ratio<\/strong> SELVANS EXPEDITIONS.<\/p>\n<p>Expedition Series je nov\u00fd rad n\u00e1strojov ur\u010den\u00fdch pre profesion\u00e1lnych prieskumn\u00edkov.<\/p>\n<p>No\u017ee rady Expedition pon\u00fakaj\u00fa rovnak\u00fa spo\u013eahlivos\u0165 a vysok\u00fa kvalitu ako ak\u00fdko\u013evek in\u00fd taktick\u00fd n\u00e1stroj Extrema Ratio poskytovan\u00fd vojensk\u00fdm \u0161peci\u00e1lnym sil\u00e1m a org\u00e1nom presadzovania pr\u00e1va.<\/p>\n<p>Selvans Expeditions bol vyvinut\u00fd ako spolupr\u00e1ca medzi Extrema Ratio a Master Advanced Instructor Daniele Dal Canto. Je v\u00fdsledkom modifik\u00e1cie ONTOS \u2013 vojensk\u00e9ho no\u017ea na pre\u017eitie \u2013 navrhnut\u00e9ho tak, aby zv\u00fd\u0161il jeho \u00fa\u010dinnos\u0165 ako civiln\u00e9ho n\u00e1stroja.<\/p>\n<p>Dlh\u0161ia rukov\u00e4\u0165 a \u0165a\u017e\u0161ia \u010depe\u013e umo\u017e\u0148uj\u00fa lep\u0161ie kosenie a rezanie. Dod\u00e1va sa s p\u00fa\u0161tnym cordurov\u00fdm puzdrom so syst\u00e9mom MOLLE, bezpe\u010dnostn\u00fdm ramenn\u00fdm p\u00e1som, minipu\u0161kou obsahuj\u00facou paracord s hor\u013eav\u00fdm vl\u00e1knom, ktor\u00fd je mo\u017en\u00e9 pou\u017ei\u0165 v pr\u00edpade n\u00fadze a\/alebo s\u0165a\u017een\u00fdch klimatick\u00fdch podmienok, a Firesteel na zapa\u013eovanie oh\u0148a.<\/p>\n<p>Vylep\u0161en\u00e1 sada na pre\u017eitie (nutn\u00e9 zak\u00fapi\u0165 samostatne) obsahuje: p\u00ed\u0161\u0165alku, vreckov\u00fa re\u0165azov\u00fa p\u00edlu, jaz\u00fd\u010dky na \u010distenie vody, kompas, meden\u00fd dr\u00f4t, ohniv\u00e9 kresadlo a \u00fadern\u00edk, LED svetlo, 2,5 m dlh\u00fd parakord a br\u00fasik.<\/p>\n<p>HMOTNOS\u0164 G: 430<br \/>\nHMOTNOS\u0164 UNCA: 15,2<br \/>\nD\u0139\u017dKA \u010cEPELA (MM): 160<br \/>\nD\u0139\u017dKA \u010cEPE\u013dA (PALCA): 6.3<br \/>\nCELKOV\u00c1 D\u0139\u017dKA (MM): 312<br \/>\nCELKOV\u00c1 D\u0139\u017dKA (PALCE): 12,3<br \/>\nH\u013d\u00daBKA \u010cEPELA (MM): 6,3<br \/>\nH\u013d\u00daBKA \u010cEPELA (PALCA): 0,25<br \/>\nMATERI\u00c1L \u010cEPELA: B\u00d6HLER N690 STEEL (58HRC)<br \/>\nPOVRCHOV\u00c1 \u00daPRAVA \u010cEPELA: DARK STONE<br \/>\nHLAVN\u00c1 MRIE\u017dKA: PLOCH\u00c1<br \/>\nMATERI\u00c1L RUKOV\u00c4TI: FORPRENE<\/p>\n<p><iframe title=\"Extrema Ratio Expeditions Series\" width=\"800\" height=\"450\" src=\"https:\/\/www.youtube.com\/embed\/zzT5fOpMNQU?feature=oembed\" frameborder=\"0\" allow=\"accelerometer; autoplay; clipboard-write; encrypted-media; gyroscope; picture-in-picture; web-share\" allowfullscreen><\/iframe><\/p>\n<p>&nbsp;<\/p>\n<p>&nbsp;<\/p>\n","protected":false},"excerpt":{"rendered":"<p>Spolo\u010dnos\u0165 Extrema Ratio so s\u00eddlom v talianskom Prate navrhuje a vyr\u00e1ba vysoko v\u00fdkonn\u00e9 bojov\u00e9, vojensk\u00e9, kuchynsk\u00e9, loveck\u00e9 a taktick\u00e9 no\u017ee od roku 1997 a m\u00e1 poves\u0165 vynikaj\u00facej kvality, ktor\u00e1 je v odbore vojensk\u00fdch a taktick\u00fdch no\u017eov neprekonate\u013en\u00e1. Doprava zadarmo.<\/p>\n","protected":false},"featured_media":225892,"comment_status":"open","ping_status":"closed","template":"","meta":[],"pwb-brand":[3198],"product_brand":[],"product_cat":[3186,3187],"product_tag":[3668],"class_list":{"0":"post-228104","1":"product","2":"type-product","3":"status-publish","4":"has-post-thumbnail","6":"pwb-brand-extrema-ratio-sk","7":"product_cat-noze-sk","8":"product_cat-pevne-noze-sk","9":"product_tag-b2b-sk","11":"first","12":"instock","13":"taxable","14":"shipping-taxable","15":"purchasable","16":"product-type-simple"},"brands":[{"id":3198,"name":"Extrema Ratio","slug":"extrema-ratio-sk"}],"_links":{"self":[{"href":"https:\/\/www.moskito.cz\/sk\/wp-json\/wp\/v2\/product\/228104","targetHints":{"allow":["GET"]}}],"collection":[{"href":"https:\/\/www.moskito.cz\/sk\/wp-json\/wp\/v2\/product"}],"about":[{"href":"https:\/\/www.moskito.cz\/sk\/wp-json\/wp\/v2\/types\/product"}],"replies":[{"embeddable":true,"href":"https:\/\/www.moskito.cz\/sk\/wp-json\/wp\/v2\/comments?post=228104"}],"wp:featuredmedia":[{"embeddable":true,"href":"https:\/\/www.moskito.cz\/sk\/wp-json\/wp\/v2\/media\/225892"}],"wp:attachment":[{"href":"https:\/\/www.moskito.cz\/sk\/wp-json\/wp\/v2\/media?parent=228104"}],"wp:term":[{"taxonomy":"pwb-brand","embeddable":true,"href":"https:\/\/www.moskito.cz\/sk\/wp-json\/wp\/v2\/pwb-brand?post=228104"},{"taxonomy":"product_brand","embeddable":true,"href":"https:\/\/www.moskito.cz\/sk\/wp-json\/wp\/v2\/product_brand?post=228104"},{"taxonomy":"product_cat","embeddable":true,"href":"https:\/\/www.moskito.cz\/sk\/wp-json\/wp\/v2\/product_cat?post=228104"},{"taxonomy":"product_tag","embeddable":true,"href":"https:\/\/www.moskito.cz\/sk\/wp-json\/wp\/v2\/product_tag?post=228104"}],"curies":[{"name":"wp","href":"https:\/\/api.w.org\/{rel}","templated":true}]}}