{"id":228105,"date":"2022-09-22T21:43:52","date_gmt":"2022-09-22T20:43:52","guid":{"rendered":"https:\/\/www.moskito.cz\/produkt\/zatvaraci-noz-extrema-ratio-mf0-t-desert-warfare\/"},"modified":"2025-05-07T10:42:25","modified_gmt":"2025-05-07T09:42:25","slug":"zatvaraci-noz-extrema-ratio-mf0-t-desert-warfare","status":"publish","type":"product","link":"https:\/\/www.moskito.cz\/sk\/produkt\/zatvaraci-noz-extrema-ratio-mf0-t-desert-warfare\/","title":{"rendered":"Zatv\u00e1rac\u00ed N\u00f4\u017e Extrema Ratio MF0 T DESERT WARFARE"},"content":{"rendered":"<p>Zatv\u00e1rac\u00ed N\u00f4\u017e Extrema Ratio MF0 T DESERT WARFARE.<\/p>\n<p>MF je skratka pre Medium Folder: produktov\u00fd rad, ktor\u00fd sa umiest\u0148uje medzi radmi BF (Basic Folder) a Heavy Folder. No\u017ee MF vyu\u017e\u00edvaj\u00fa mechanizmus LINER-LOCK a vyzna\u010duj\u00fa sa svojou robustnos\u0165ou; v\u0161etky s\u00fa vybaven\u00e9 rozb\u00edja\u010dom skla. Inovat\u00edvnu pr\u00eddavn\u00fa skrutku je mo\u017en\u00e9 odblokova\u0165, aby bolo mo\u017en\u00e9 doladi\u0165 hlavn\u00fa skrutku a upravi\u0165 r\u00fdchlos\u0165 otv\u00e1rania pod\u013ea chuti. Pologu\u013eov\u00e9 fr\u00e9zovacie zna\u010dky na rukov\u00e4tiach u\u013eah\u010duj\u00fa prechod zo \u0161able na obr\u00e1ten\u00fd \u00fachop. Klipy s\u00fa reverzibiln\u00e9. Model MF0 je \u201eten mal\u00fd\u201c medzi no\u017emi MF \u2013 v podstate kompaktn\u00e1 verzia MF1. Zachov\u00e1va si v\u0161etky vlastnosti MF1, ale m\u00e1 zmen\u0161en\u00fa rukov\u00e4\u0165 a skr\u00e1ten\u00fa \u010depe\u013e, podobne ako n\u00e1\u0161 \u201ez\u00e1lo\u017en\u00fd\u201c n\u00f4\u017e SHRAPNEL. Dostupn\u00e9 verzie: MF0 BLACK, MF0 BLACK RUVIDO, MF0 DESERT WARFARE.<\/p>\n<p>HMOTNOS\u0164 G: 139<br \/>\nHMOTNOS\u0164 UNCA: 4,9<br \/>\nD\u0139\u017dKA \u010cEPELA (MM): 68<br \/>\nD\u0139\u017dKA \u010cEPELA (PALCA): 2,7<br \/>\nCELKOV\u00c1 D\u0139\u017dKA (MM): 181<br \/>\nCELKOV\u00c1 D\u0139\u017dKA (PALCE): 7,1<br \/>\nH\u013d\u00daBKA \u010cEPELA (MM): 4<br \/>\nH\u013d\u00daBKA \u010cEPELA (PALCA): 0,16<br \/>\nMATERI\u00c1L \u010cEPELA: B\u00d6HLER N690 STEEL (58HRC)<br \/>\nPOVRCHOV\u00c1 \u00daPRAVA \u010cEPELA: DESERT WARFARE<br \/>\nHLAVN\u00c1 MRIE\u017dKA: PLOCH\u00c1<br \/>\nMATERI\u00c1L RUKOV\u00c4TI: ANTIKOROD\u00c1LNY ELOXOVAN\u00dd HLIN\u00cdK<\/p>\n","protected":false},"excerpt":{"rendered":"<p>Spolo\u010dnos\u0165 Extrema Ratio so s\u00eddlom v talianskom Prate navrhuje a vyr\u00e1ba vysoko v\u00fdkonn\u00e9 bojov\u00e9, vojensk\u00e9, kuchynsk\u00e9, loveck\u00e9 a taktick\u00e9 no\u017ee od roku 1997 a m\u00e1 poves\u0165 vynikaj\u00facej kvality, ktor\u00e1 je v odbore vojensk\u00fdch a taktick\u00fdch no\u017eov neprekonate\u013en\u00e1. Doprava zadarmo.<\/p>\n","protected":false},"featured_media":225884,"comment_status":"open","ping_status":"closed","template":"","meta":[],"pwb-brand":[3198],"product_brand":[],"product_cat":[3186,3233],"product_tag":[3668],"class_list":{"0":"post-228105","1":"product","2":"type-product","3":"status-publish","4":"has-post-thumbnail","6":"pwb-brand-extrema-ratio-sk","7":"product_cat-noze-sk","8":"product_cat-zatvaracie-noze","9":"product_tag-b2b-sk","11":"first","12":"instock","13":"taxable","14":"shipping-taxable","15":"purchasable","16":"product-type-simple"},"brands":[{"id":3198,"name":"Extrema Ratio","slug":"extrema-ratio-sk"}],"_links":{"self":[{"href":"https:\/\/www.moskito.cz\/sk\/wp-json\/wp\/v2\/product\/228105","targetHints":{"allow":["GET"]}}],"collection":[{"href":"https:\/\/www.moskito.cz\/sk\/wp-json\/wp\/v2\/product"}],"about":[{"href":"https:\/\/www.moskito.cz\/sk\/wp-json\/wp\/v2\/types\/product"}],"replies":[{"embeddable":true,"href":"https:\/\/www.moskito.cz\/sk\/wp-json\/wp\/v2\/comments?post=228105"}],"wp:featuredmedia":[{"embeddable":true,"href":"https:\/\/www.moskito.cz\/sk\/wp-json\/wp\/v2\/media\/225884"}],"wp:attachment":[{"href":"https:\/\/www.moskito.cz\/sk\/wp-json\/wp\/v2\/media?parent=228105"}],"wp:term":[{"taxonomy":"pwb-brand","embeddable":true,"href":"https:\/\/www.moskito.cz\/sk\/wp-json\/wp\/v2\/pwb-brand?post=228105"},{"taxonomy":"product_brand","embeddable":true,"href":"https:\/\/www.moskito.cz\/sk\/wp-json\/wp\/v2\/product_brand?post=228105"},{"taxonomy":"product_cat","embeddable":true,"href":"https:\/\/www.moskito.cz\/sk\/wp-json\/wp\/v2\/product_cat?post=228105"},{"taxonomy":"product_tag","embeddable":true,"href":"https:\/\/www.moskito.cz\/sk\/wp-json\/wp\/v2\/product_tag?post=228105"}],"curies":[{"name":"wp","href":"https:\/\/api.w.org\/{rel}","templated":true}]}}