{"id":228107,"date":"2022-09-19T22:18:24","date_gmt":"2022-09-19T21:18:24","guid":{"rendered":"https:\/\/www.moskito.cz\/produkt\/pevny-noz-extrema-ratio-ultramarine-con-asola\/"},"modified":"2025-05-07T10:42:26","modified_gmt":"2025-05-07T09:42:26","slug":"pevny-noz-extrema-ratio-ultramarine-con-asola","status":"publish","type":"product","link":"https:\/\/www.moskito.cz\/sk\/produkt\/pevny-noz-extrema-ratio-ultramarine-con-asola\/","title":{"rendered":"Pevn\u00fd N\u00f4\u017e Extrema Ratio ULTRAMARINE CON ASOLA"},"content":{"rendered":"<p>Pevn\u00fd N\u00f4\u017e Extrema Ratio ULTRAMARINE CON ASOLA.<\/p>\n<p>ULTRAMARINE je oboj\u017eiveln\u00fd n\u00f4\u017e, ktor\u00fd sa nos\u00ed od podvodn\u00e9ho prev\u00e1dzkov\u00e9ho vybavenia (pot\u00e1pa\u010dsk\u00fd oblek) po pozemn\u00e9 prev\u00e1dzkov\u00e9 vybavenie (taktick\u00e1 vesta). Preto boli pre neho vyvinut\u00e9 dve r\u00f4zne v\u0161estrann\u00e9 po\u0161vy. Pot\u00e1pa\u010dsk\u00fa po\u0161vu mo\u017eno nosi\u0165 pri \u010dlenku alebo jej tvrd\u00fa ABS \u010das\u0165 je mo\u017en\u00e9 pripevni\u0165 dvoma BELT-CLIPS bu\u010f k d\u00fdchaciemu pr\u00edstroju alebo k BCD p\u00e1som. Po\u0161va na pevninu (VOLITE\u013dN\u00c1, na po\u017eiadanie s\u00fa\u010das\u0165ou dod\u00e1vky) je kompatibiln\u00e1 so syst\u00e9mom MOLLE, je navrhnut\u00e1 na pripevnenie k taktickej veste a pren\u00e1\u0161anie vo vodeodolnom vaku po\u010das oper\u00e1ci\u00ed pod vodou. Jedin\u00e9, \u010do mus\u00ed robotn\u00edk urobi\u0165, ak sa zbav\u00ed pot\u00e1pa\u010dsk\u00e9ho obleku po prist\u00e1t\u00ed, je vytiahnu\u0165 n\u00f4\u017e z po\u0161vy \u010dlenku a umiestni\u0165 ho do puzdra taktickej vesty. Prim\u00e1rne funkcie: oper\u00e1cia v ter\u00e9ne, oper\u00e1cia pod vodou, n\u00fadzov\u00fd n\u00e1stroj, pre\u017eitie a boj. K dispoz\u00edcii s otvorom alebo bez otvoru.<\/p>\n<p>Pozrite sa na recenziu Gunner&#8217;s Mate &amp; Edm&#8217;s Military Gear<\/p>\n<p>HMOTNOS\u0164 G: 380<br \/>\nHMOTNOS\u0164 UNCA: 13,4<br \/>\nD\u0139\u017dKA \u010cEPELA (MM): 150<br \/>\nD\u0139\u017dKA \u010cEPE\u013dA (PALCA): 5,9<br \/>\nCELKOV\u00c1 D\u0139\u017dKA (MM): 298<br \/>\nCELKOV\u00c1 D\u0139\u017dKA (PALCE): 11,7<br \/>\nH\u013d\u00daBKA \u010cEPELA (MM): 6,3<br \/>\nH\u013d\u00daBKA \u010cEPELA (PALCA): 0,25<br \/>\nMATERI\u00c1L \u010cEPELA: B\u00d6HLER N690 STEEL (58HRC)<br \/>\nPOVRCHOV\u00c1 \u00daPRAVA \u010cEPELA: MIL-C-13924 BURNISHING<br \/>\nHLAVN\u00c1 MRIE\u017dKA: PLOCH\u00c1<br \/>\n\u010cIASTO\u010cN\u00c9 ZUBY (MM): 40<br \/>\n\u010cIASTO\u010cN\u00c9 ZUBY (IN): 1,6<br \/>\nMATERI\u00c1L RUKOV\u00c4TI: NYLON<\/p>\n","protected":false},"excerpt":{"rendered":"<p>Spolo\u010dnos\u0165 Extrema Ratio so s\u00eddlom v talianskom Prate navrhuje a vyr\u00e1ba vysoko v\u00fdkonn\u00e9 bojov\u00e9, vojensk\u00e9, kuchynsk\u00e9, loveck\u00e9 a taktick\u00e9 no\u017ee od roku 1997 a m\u00e1 poves\u0165 vynikaj\u00facej kvality, ktor\u00e1 je v odbore vojensk\u00fdch a taktick\u00fdch no\u017eov neprekonate\u013en\u00e1. Doprava zadarmo.<\/p>\n","protected":false},"featured_media":225651,"comment_status":"open","ping_status":"closed","template":"","meta":[],"pwb-brand":[3198],"product_brand":[],"product_cat":[3187,3186],"product_tag":[3668],"class_list":{"0":"post-228107","1":"product","2":"type-product","3":"status-publish","4":"has-post-thumbnail","6":"pwb-brand-extrema-ratio-sk","7":"product_cat-pevne-noze-sk","8":"product_cat-noze-sk","9":"product_tag-b2b-sk","11":"first","12":"instock","13":"taxable","14":"shipping-taxable","15":"purchasable","16":"product-type-simple"},"brands":[{"id":3198,"name":"Extrema Ratio","slug":"extrema-ratio-sk"}],"_links":{"self":[{"href":"https:\/\/www.moskito.cz\/sk\/wp-json\/wp\/v2\/product\/228107","targetHints":{"allow":["GET"]}}],"collection":[{"href":"https:\/\/www.moskito.cz\/sk\/wp-json\/wp\/v2\/product"}],"about":[{"href":"https:\/\/www.moskito.cz\/sk\/wp-json\/wp\/v2\/types\/product"}],"replies":[{"embeddable":true,"href":"https:\/\/www.moskito.cz\/sk\/wp-json\/wp\/v2\/comments?post=228107"}],"wp:featuredmedia":[{"embeddable":true,"href":"https:\/\/www.moskito.cz\/sk\/wp-json\/wp\/v2\/media\/225651"}],"wp:attachment":[{"href":"https:\/\/www.moskito.cz\/sk\/wp-json\/wp\/v2\/media?parent=228107"}],"wp:term":[{"taxonomy":"pwb-brand","embeddable":true,"href":"https:\/\/www.moskito.cz\/sk\/wp-json\/wp\/v2\/pwb-brand?post=228107"},{"taxonomy":"product_brand","embeddable":true,"href":"https:\/\/www.moskito.cz\/sk\/wp-json\/wp\/v2\/product_brand?post=228107"},{"taxonomy":"product_cat","embeddable":true,"href":"https:\/\/www.moskito.cz\/sk\/wp-json\/wp\/v2\/product_cat?post=228107"},{"taxonomy":"product_tag","embeddable":true,"href":"https:\/\/www.moskito.cz\/sk\/wp-json\/wp\/v2\/product_tag?post=228107"}],"curies":[{"name":"wp","href":"https:\/\/api.w.org\/{rel}","templated":true}]}}