{"id":228110,"date":"2022-09-19T21:27:12","date_gmt":"2022-09-19T20:27:12","guid":{"rendered":"https:\/\/www.moskito.cz\/produkt\/pevny-noz-extrema-ratio-n-k-3-k-stone-washed\/"},"modified":"2025-05-07T10:42:26","modified_gmt":"2025-05-07T09:42:26","slug":"pevny-noz-extrema-ratio-n-k-3-k-stone-washed","status":"publish","type":"product","link":"https:\/\/www.moskito.cz\/sk\/produkt\/pevny-noz-extrema-ratio-n-k-3-k-stone-washed\/","title":{"rendered":"Pevn\u00fd N\u00f4\u017e Extrema Ratio N.K.3 K STONE WASHED"},"content":{"rendered":"<p>Pevn\u00fd N\u00f4\u017e Extrema Ratio N.K.3 K STONE WASHED.<\/p>\n<p>z ocele N690, dr\u00e1\u017ekou pre krv na \u010depeli a kr\u00fa\u017ekom v zadnej \u010dasti rukov\u00e4te. V\u010faka kydexov\u00e9mu puzdru ho mo\u017eno nosi\u0165 pri krku alebo v pr\u00edpade, \u017ee je zostaven\u00fd s \u010fal\u0161\u00edm \u0161peci\u00e1lnym pr\u00edslu\u0161enstvom (nutn\u00e9 zak\u00fapi\u0165 samostatne), je mo\u017en\u00e9 ho upevni\u0165 na opasok alebo na puzdro syst\u00e9mu Extrema Ratio cordura MOLLE. Dod\u00e1va sa v \u010diernej, kamennej a p\u00fa\u0161tnej verzii. K dispoz\u00edcii, ale nie je s\u00fa\u010das\u0165ou dod\u00e1vky: BELT-CLIP (pre pripevnenie puzdra k opasku), polym\u00e9rov\u00fd SYST\u00c9M POD KO\u0160ELE (pre skryt\u00e9 nosenie)<\/p>\n<p>HMOTNOS\u0164 G: 95<br \/>\nHMOTNOS\u0164 UNCA: 3,35<br \/>\nD\u0139\u017dKA \u010cEPE\u013dA (MM): 70<br \/>\nD\u0139\u017dKA \u010cEPELA (PALCA): 2,75<br \/>\nCELKOV\u00c1 D\u0139\u017dKA (MM): 172<br \/>\nCELKOV\u00c1 D\u0139\u017dKA (V): 6,77<br \/>\nH\u013d\u00daBKA \u010cEPELA (MM): 6,3<br \/>\nH\u013d\u00daBKA \u010cEPELA (PALCA): 0,24<br \/>\nMATERI\u00c1L \u010cEPELA: B\u00d6HLER N690 STEEL (58HRC)<br \/>\nPOVRCHOV\u00c1 \u00daPRAVA \u010cEPE\u013dA: KAMENE WASHED<br \/>\nHLAVN\u00c1 MRIE\u017dKA: PLOCH\u00c1<br \/>\nMATERI\u00c1L RUKOV\u00c4TI: B\u00d6HLER N690 STEEL (58HRC)<\/p>\n","protected":false},"excerpt":{"rendered":"<p>Spolo\u010dnos\u0165 Extrema Ratio so s\u00eddlom v talianskom Prate navrhuje a vyr\u00e1ba vysoko v\u00fdkonn\u00e9 bojov\u00e9, vojensk\u00e9, kuchynsk\u00e9, loveck\u00e9 a taktick\u00e9 no\u017ee od roku 1997 a m\u00e1 poves\u0165 vynikaj\u00facej kvality, ktor\u00e1 je v odbore vojensk\u00fdch a taktick\u00fdch no\u017eov neprekonate\u013en\u00e1. Doprava zadarmo.<\/p>\n","protected":false},"featured_media":225607,"comment_status":"open","ping_status":"closed","template":"","meta":[],"pwb-brand":[3198],"product_brand":[],"product_cat":[3187,3186],"product_tag":[3668],"class_list":{"0":"post-228110","1":"product","2":"type-product","3":"status-publish","4":"has-post-thumbnail","6":"pwb-brand-extrema-ratio-sk","7":"product_cat-pevne-noze-sk","8":"product_cat-noze-sk","9":"product_tag-b2b-sk","11":"first","12":"outofstock","13":"taxable","14":"shipping-taxable","15":"purchasable","16":"product-type-simple"},"brands":[{"id":3198,"name":"Extrema Ratio","slug":"extrema-ratio-sk"}],"_links":{"self":[{"href":"https:\/\/www.moskito.cz\/sk\/wp-json\/wp\/v2\/product\/228110","targetHints":{"allow":["GET"]}}],"collection":[{"href":"https:\/\/www.moskito.cz\/sk\/wp-json\/wp\/v2\/product"}],"about":[{"href":"https:\/\/www.moskito.cz\/sk\/wp-json\/wp\/v2\/types\/product"}],"replies":[{"embeddable":true,"href":"https:\/\/www.moskito.cz\/sk\/wp-json\/wp\/v2\/comments?post=228110"}],"wp:featuredmedia":[{"embeddable":true,"href":"https:\/\/www.moskito.cz\/sk\/wp-json\/wp\/v2\/media\/225607"}],"wp:attachment":[{"href":"https:\/\/www.moskito.cz\/sk\/wp-json\/wp\/v2\/media?parent=228110"}],"wp:term":[{"taxonomy":"pwb-brand","embeddable":true,"href":"https:\/\/www.moskito.cz\/sk\/wp-json\/wp\/v2\/pwb-brand?post=228110"},{"taxonomy":"product_brand","embeddable":true,"href":"https:\/\/www.moskito.cz\/sk\/wp-json\/wp\/v2\/product_brand?post=228110"},{"taxonomy":"product_cat","embeddable":true,"href":"https:\/\/www.moskito.cz\/sk\/wp-json\/wp\/v2\/product_cat?post=228110"},{"taxonomy":"product_tag","embeddable":true,"href":"https:\/\/www.moskito.cz\/sk\/wp-json\/wp\/v2\/product_tag?post=228110"}],"curies":[{"name":"wp","href":"https:\/\/api.w.org\/{rel}","templated":true}]}}