{"id":228115,"date":"2022-09-18T20:32:06","date_gmt":"2022-09-18T19:32:06","guid":{"rendered":"https:\/\/www.moskito.cz\/produkt\/pevny-noz-extrema-ratio-fulcrum-s-desert-warfare\/"},"modified":"2025-05-07T10:42:27","modified_gmt":"2025-05-07T09:42:27","slug":"pevny-noz-extrema-ratio-fulcrum-s-desert-warfare","status":"publish","type":"product","link":"https:\/\/www.moskito.cz\/sk\/produkt\/pevny-noz-extrema-ratio-fulcrum-s-desert-warfare\/","title":{"rendered":"Pevn\u00fd N\u00f4\u017e Extrema Ratio FULCRUM S DESERT WARFARE"},"content":{"rendered":"<p>Pevn\u00fd N\u00f4\u017e <strong>Extrema Ratio<\/strong> FULCRUM S DESERT WARFARE. FULCRUM je m\u00ed\u013enikom medzi viac\u00fa\u010delov\u00fdmi no\u017emi. Vo ve\u013ekom meradle ho pou\u017e\u00edvaj\u00fa v Afganistane ako \u0161tandardn\u00e9 vybavenie zlo\u017eky talianskej misie \u201eNibbio\u201c a je s\u00fa\u010das\u0165ou experiment\u00e1lneho projektu obnovy individu\u00e1lneho vybavenia Velite\u013estvom alpsk\u00fdch vojsk. Velite\u013estvo alpsk\u00fdch vojsk pri pr\u00edprave tejto d\u00f4le\u017eitej misie koordinovalo t\u00edm firiem pri vytv\u00e1ran\u00ed kompletn\u00e9ho a obnoven\u00e9ho individu\u00e1lneho experiment\u00e1lneho vybavenia. Extrema Ratio je spolo\u010dnos\u0165, ktor\u00fa alpsk\u00e9 velite\u013estvo vojsk vybralo a kontaktovalo pre v\u00fdvoj viac\u00fa\u010delov\u00e9ho n\u00e1stroja vhodn\u00e9ho pre l\u00edniov\u00fa pechotu, no\u017ea, ktor\u00fd by mohol by\u0165 pou\u017eit\u00fd vo v\u0161etk\u00fdch zemepisn\u00fdch \u0161\u00edrkach a ktor\u00fd \u00faspe\u0161ne vyrie\u0161il ak\u00fdko\u013evek typ probl\u00e9mu, ktor\u00fd nedok\u00e1zalo vyrie\u0161i\u0165 \u0161pecializovanej\u0161ie vybavenie. . \u00daspech bol tak\u00fd, \u017ee t\u00e1to viac\u00fa\u010delov\u00e1 funkcia spustila v\u00fdvoj bajonetu Fulcrum s rovnak\u00fdmi vlastnos\u0165ami, ktor\u00fd je v\u0161ak mo\u017en\u00e9 pripoji\u0165 k slu\u017eobnej pu\u0161ke. FULCRUM je extr\u00e9mne robustn\u00fd a v\u0161estrann\u00fd n\u00f4\u017e. \u010cepe\u013e odol\u00e1va lomu presahuj\u00facemu 150 kg, \u0161pi\u010dka je ve\u013emi pevn\u00e1 a profil umo\u017e\u0148uje pracova\u0165 s no\u017eom po dlh\u00fa dobu bez ovplyvnenia ostrosti poslednej sekcie. V\u010faka pokro\u010dil\u00e9mu \u0165a\u017eisku a hmotnosti \u010depele je vhodn\u00e1 na \u0165a\u017ek\u00e9 po\u013en\u00e9 pr\u00e1ce. Dostupn\u00e9 vo verzi\u00e1ch FULCRUM EI, FULCRUM BLACK, FULCRUM DESERT WARFARE. \u0161pi\u010dka je ve\u013emi pevn\u00e1 a profil umo\u017e\u0148uje pracova\u0165 s no\u017eom dlh\u00fa dobu bez ovplyvnenia ostrosti poslednej sekcie. V\u010faka pokro\u010dil\u00e9mu \u0165a\u017eisku a hmotnosti \u010depele je vhodn\u00e1 na \u0165a\u017ek\u00e9 po\u013en\u00e9 pr\u00e1ce. Dostupn\u00e9 vo verzi\u00e1ch FULCRUM EI, FULCRUM BLACK, FULCRUM DESERT WARFARE. \u0161pi\u010dka je ve\u013emi pevn\u00e1 a profil umo\u017e\u0148uje pracova\u0165 s no\u017eom dlh\u00fa dobu bez ovplyvnenia ostrosti poslednej sekcie. V\u010faka pokro\u010dil\u00e9mu \u0165a\u017eisku a hmotnosti \u010depele je vhodn\u00e1 na \u0165a\u017ek\u00e9 po\u013en\u00e9 pr\u00e1ce. Dostupn\u00e9 vo verzi\u00e1ch FULCRUM EI, FULCRUM BLACK, FULCRUM DESERT WARFARE. Krat\u0161ia verzia FULCRUM s 15 cm (5,91\u201d) \u010depe\u013eou. Rovnak\u00e9 vlastnosti ako FULCRUM s v\u00fdnimkou \u013eah\u0161ej hmoty, ktor\u00e1 sa prejav\u00ed pri vykon\u00e1van\u00ed tvrdej pr\u00e1ce. Dostupn\u00e9 verzie: FULCRUM S BLACK, FULCRUM S DESERT WARFARE. HMOTNOS\u0164 G: 304 HMOTNOS\u0164 UNCA: 10,7 D\u0139\u017dKA \u010cEPE\u013dA (MM): 150 D\u0139\u017dKA \u010cEPE\u013dA (PALCE): 5,9 CELKOV\u00c1 D\u0139\u017dKA (MM): 280 CELKOV\u00c1 D\u0139\u017dKA (PALCE): 11 TL\u00da\u0160\u0164KA \u010cE\u013dA \u010cEPE\u013dA (PALCE): 0,25 MATERI\u00c1L \u010cEPE\u013dA: B\u00d6HLER N690 STEEL (58HRC) POVRCHOV\u00c1 \u00daPRAVA \u010cEPE\u013dA: DESERT WARFARE HLAVN\u00c1 MRIE\u017dKA: PLOCH\u00c1 \u010cIASTO\u010cN\u00c9 ZUBY (MM): 40 \u010cIASTO\u010cN\u00c9 ZUBY: NIE       &nbsp;<\/p>\n","protected":false},"excerpt":{"rendered":"<p>Spolo\u010dnos\u0165 <strong>Extrema Ratio<\/strong> so s\u00eddlom v talianskom Prate navrhuje a vyr\u00e1ba vysoko v\u00fdkonn\u00e9 bojov\u00e9, vojensk\u00e9, kuchynsk\u00e9, loveck\u00e9 a taktick\u00e9 no\u017ee od roku 1997 a m\u00e1 poves\u0165 vynikaj\u00facej kvality, ktor\u00e1 je v odbore vojensk\u00fdch a taktick\u00fdch no\u017eov neprekonate\u013en\u00e1. <strong>Doprava zadarmo<\/strong> .<\/p>\n","protected":false},"featured_media":225483,"comment_status":"open","ping_status":"closed","template":"","meta":[],"pwb-brand":[3198],"product_brand":[],"product_cat":[3186,3187],"product_tag":[3668],"class_list":{"0":"post-228115","1":"product","2":"type-product","3":"status-publish","4":"has-post-thumbnail","6":"pwb-brand-extrema-ratio-sk","7":"product_cat-noze-sk","8":"product_cat-pevne-noze-sk","9":"product_tag-b2b-sk","11":"first","12":"instock","13":"taxable","14":"shipping-taxable","15":"purchasable","16":"product-type-simple"},"brands":[{"id":3198,"name":"Extrema Ratio","slug":"extrema-ratio-sk"}],"_links":{"self":[{"href":"https:\/\/www.moskito.cz\/sk\/wp-json\/wp\/v2\/product\/228115","targetHints":{"allow":["GET"]}}],"collection":[{"href":"https:\/\/www.moskito.cz\/sk\/wp-json\/wp\/v2\/product"}],"about":[{"href":"https:\/\/www.moskito.cz\/sk\/wp-json\/wp\/v2\/types\/product"}],"replies":[{"embeddable":true,"href":"https:\/\/www.moskito.cz\/sk\/wp-json\/wp\/v2\/comments?post=228115"}],"wp:featuredmedia":[{"embeddable":true,"href":"https:\/\/www.moskito.cz\/sk\/wp-json\/wp\/v2\/media\/225483"}],"wp:attachment":[{"href":"https:\/\/www.moskito.cz\/sk\/wp-json\/wp\/v2\/media?parent=228115"}],"wp:term":[{"taxonomy":"pwb-brand","embeddable":true,"href":"https:\/\/www.moskito.cz\/sk\/wp-json\/wp\/v2\/pwb-brand?post=228115"},{"taxonomy":"product_brand","embeddable":true,"href":"https:\/\/www.moskito.cz\/sk\/wp-json\/wp\/v2\/product_brand?post=228115"},{"taxonomy":"product_cat","embeddable":true,"href":"https:\/\/www.moskito.cz\/sk\/wp-json\/wp\/v2\/product_cat?post=228115"},{"taxonomy":"product_tag","embeddable":true,"href":"https:\/\/www.moskito.cz\/sk\/wp-json\/wp\/v2\/product_tag?post=228115"}],"curies":[{"name":"wp","href":"https:\/\/api.w.org\/{rel}","templated":true}]}}