{"id":228117,"date":"2022-07-14T17:26:56","date_gmt":"2022-07-14T16:26:56","guid":{"rendered":"https:\/\/www.moskito.cz\/produkt\/pevny-noz-extrema-ratio-fulcrum-desert-warfare\/"},"modified":"2025-05-07T10:42:27","modified_gmt":"2025-05-07T09:42:27","slug":"pevny-noz-extrema-ratio-fulcrum-desert-warfare","status":"publish","type":"product","link":"https:\/\/www.moskito.cz\/sk\/produkt\/pevny-noz-extrema-ratio-fulcrum-desert-warfare\/","title":{"rendered":"Pevn\u00fd N\u00f4\u017e Extrema Ratio FULCRUM DESERT WARFARE"},"content":{"rendered":"<p>Pevn\u00fd N\u00f4\u017e Extrema Ratio FULCRUM DESERT WARFARE<\/p>\n<p>Tento m\u00ed\u013enik medzi viac\u00fa\u010delov\u00fdmi no\u017emi, pou\u017e\u00edvan\u00fdmi vo ve\u013ekom meradle v Afganistane ako \u0161tandardn\u00e1 v\u00fdzbroj talianskej misie \u201eNibbio\u201c, vznikol experiment\u00e1lnym projektom COMALP Alpine Troops Command pre obnovu vybavenia vojakov. Ako s\u00fa\u010das\u0165 pr\u00edpravy na misiu COMALP koordinoval t\u00edm spolo\u010dnost\u00ed s cie\u013eom vytvori\u0165 kompletn\u00fa experiment\u00e1lnu sadu novo navrhnut\u00e9ho vybavenia pre jednotliv\u00e9ho vojaka. Extrema Ratio si vybrala spolo\u010dnos\u0165 COMALP na v\u00fdvoj nov\u00e9ho viac\u00fa\u010delov\u00e9ho no\u017ea vhodn\u00e9ho pre pechotu \u2013 no\u017ea, ktor\u00fd je mo\u017en\u00e9 pou\u017ei\u0165 pri ak\u00fdchko\u013evek oper\u00e1ci\u00e1ch kdeko\u013evek, ktor\u00fd je schopn\u00fd \u00faspe\u0161ne dokon\u010di\u0165 \u00falohy, pri ktor\u00fdch \u0161pecializovanej\u0161ie n\u00e1stroje zlyh\u00e1vaj\u00fa. Boli sme tak\u00ed \u00faspe\u0161n\u00ed, \u017ee po tomto viac\u00fa\u010delovom no\u017ei nasledovali v\u00fdvoj bajonetu Fulcrum, jeho implement\u00e1cia, ktor\u00fa je mo\u017en\u00e9 namontova\u0165 na vojakovu \u0161tandardn\u00fa pu\u0161ku. Extr\u00e9mne odoln\u00fd a v\u0161estrann\u00fd n\u00f4\u017e, \u010depe\u013e Fulcrum vydr\u017e\u00ed za\u0165a\u017eenie cez 150 kilogramov bez toho, aby sa zlomila. \u010cepe\u013e v tvare tanto umo\u017e\u0148uje ve\u013ek\u00e9 mno\u017estvo pr\u00e1ce a opotrebovania, pri\u010dom si st\u00e1le zachov\u00e1va ostr\u00fa, prenikav\u00fa hranu na svojej mimoriadne pevnej \u0161pi\u010dke. V\u010faka svojej hmotnosti a \u0161pi\u010dkov\u00e9mu vyv\u00e1\u017eeniu je Fulcrum vhodn\u00fd aj pre \u0165a\u017ek\u00fa \u200b\u200bpr\u00e1cu na ihrisku. Dostupn\u00e9 verzie: FULCRUM E.I., FULCRUM BLACK, FULCRUM DESERT WARFARE.<\/p>\n<p>V\u00c1HA G.: 321<br \/>\nHMOTNOS\u0164 OZ.: 11,3<br \/>\nD\u0139\u017dKA \u010cEPELA (MM): 180<br \/>\nD\u0139\u017dKA \u010cEPELA (IN): 7.1<br \/>\nCELKOV\u00c1 D\u0139\u017dKA (MM): 310<br \/>\nCELKOV\u00c1 D\u0139\u017dKA (IN): 12,2<br \/>\nH\u013d\u00daBKA \u010cEPELA (MM): 6,3<br \/>\nH\u013d\u00daBKA \u010cEPELA (IN): 0,25<br \/>\nMATERI\u00c1L \u010cEPELA: B\u00d6HLER N690 STEEL (58HRC)<br \/>\nPOVRCHOV\u00c1 \u00daPRAVA \u010cEPEL\u00cd: P\u00da\u0160TNA VOJNA<br \/>\nHLAVN\u00c1 MRIE\u017dKA: PLOCH\u00c1<br \/>\n\u010cIASTO\u010cN\u00c9 ZUBY (MM): 40<br \/>\n\u010cIASTO\u010cN\u00c9 ZUBY (IN): 1,6<br \/>\nMATERI\u00c1L RUKOV\u00c4TI: FORPRENE<\/p>\n","protected":false},"excerpt":{"rendered":"<div id=\"tw-target-text-container\" class=\"tw-ta-container F0azHf tw-nfl\" tabindex=\"0\">\n<pre id=\"tw-target-text\" class=\"tw-data-text tw-text-large tw-ta\" dir=\"ltr\" data-placeholder=\"P\u0159eklad\"><span class=\"Y2IQFc\" lang=\"sk\">Spolo\u010dnos\u0165 Extrema Ratio so s\u00eddlom v talianskom Prate navrhuje a vyr\u00e1ba vysoko v\u00fdkonn\u00e9 bojov\u00e9, vojensk\u00e9, kuchynsk\u00e9, loveck\u00e9 a taktick\u00e9 no\u017ee od roku 1997 a m\u00e1 poves\u0165 vynikaj\u00facej kvality, ktor\u00e1 je v odbore vojensk\u00fdch a taktick\u00fdch no\u017eov neprekonate\u013en\u00e1. Doprava zadarmo.<\/span><\/pre>\n<\/div>\n<div id=\"tw-target-rmn-container\" class=\"tw-target-rmn tw-ta-container F0azHf tw-nfl\">\n<pre id=\"tw-target-rmn\" class=\"tw-data-placeholder tw-text-small tw-ta\" dir=\"ltr\" data-placeholder=\"\"><\/pre>\n<\/div>\n<div class=\"iYB33c\">\n<div class=\"dlJLJe\">\n<div data-cviv=\"false\" data-ved=\"2ahUKEwiMo5yE0Lr6AhUyMewKHbb5COkQz_AEegQIARAP\">\n<div class=\"U9URNb\"><img decoding=\"async\" id=\"dimg_3\" class=\"YQ4gaf zr758c wA1Bge\" src=\"data:image\/png;base64,iVBORw0KGgoAAAANSUhEUgAAABQAAAAUCAQAAAAngNWGAAAA\/0lEQVR4AYXNMSiEcRyA4cfmGHQbCZIipkuxnJgMStlMNmeyD2dwmc8+sZgxYJd9ErIZFHUyYYD7fkr6l4\/rnvmtl7+KitrqV\/fq2Y5eLY3Z9S48eRLe7BmVZ9qhTLhQ0algzZWQOVKSsCF8OjAnwbxDTWFDUhPK\/jMr1H6HE\/IqRky2DyvCefuwItwZzodVoYRiLqMkVCXrwpJ9twZ+sgfDYEFYl8wIWxZ9uFf7zkallxlJh4YrLGsKjZRx7VGHhLqwgFUN45DGdb8MeXGpgB4ABZdeDcpZEY51A+hyLKz4S1W4MQWm3AibWtgWmk6dyISa1pSdyWTOlLXVp0+eL9D\/ZPfBTNanAAAAAElFTkSuQmCC\" alt=\"Ikona Ov\u011b\u0159eno komunitou\" width=\"16\" height=\"16\" data-atf=\"0\" data-frt=\"0\" \/><\/div>\n<\/div>\n<\/div>\n<div id=\"tw-tmenu\" class=\"tw-menu\"><\/div>\n<\/div>\n","protected":false},"featured_media":219927,"comment_status":"open","ping_status":"closed","template":"","meta":[],"pwb-brand":[3198],"product_brand":[],"product_cat":[3186,3187],"product_tag":[3668],"class_list":{"0":"post-228117","1":"product","2":"type-product","3":"status-publish","4":"has-post-thumbnail","6":"pwb-brand-extrema-ratio-sk","7":"product_cat-noze-sk","8":"product_cat-pevne-noze-sk","9":"product_tag-b2b-sk","11":"first","12":"instock","13":"taxable","14":"shipping-taxable","15":"purchasable","16":"product-type-simple"},"brands":[{"id":3198,"name":"Extrema Ratio","slug":"extrema-ratio-sk"}],"_links":{"self":[{"href":"https:\/\/www.moskito.cz\/sk\/wp-json\/wp\/v2\/product\/228117","targetHints":{"allow":["GET"]}}],"collection":[{"href":"https:\/\/www.moskito.cz\/sk\/wp-json\/wp\/v2\/product"}],"about":[{"href":"https:\/\/www.moskito.cz\/sk\/wp-json\/wp\/v2\/types\/product"}],"replies":[{"embeddable":true,"href":"https:\/\/www.moskito.cz\/sk\/wp-json\/wp\/v2\/comments?post=228117"}],"wp:featuredmedia":[{"embeddable":true,"href":"https:\/\/www.moskito.cz\/sk\/wp-json\/wp\/v2\/media\/219927"}],"wp:attachment":[{"href":"https:\/\/www.moskito.cz\/sk\/wp-json\/wp\/v2\/media?parent=228117"}],"wp:term":[{"taxonomy":"pwb-brand","embeddable":true,"href":"https:\/\/www.moskito.cz\/sk\/wp-json\/wp\/v2\/pwb-brand?post=228117"},{"taxonomy":"product_brand","embeddable":true,"href":"https:\/\/www.moskito.cz\/sk\/wp-json\/wp\/v2\/product_brand?post=228117"},{"taxonomy":"product_cat","embeddable":true,"href":"https:\/\/www.moskito.cz\/sk\/wp-json\/wp\/v2\/product_cat?post=228117"},{"taxonomy":"product_tag","embeddable":true,"href":"https:\/\/www.moskito.cz\/sk\/wp-json\/wp\/v2\/product_tag?post=228117"}],"curies":[{"name":"wp","href":"https:\/\/api.w.org\/{rel}","templated":true}]}}