{"id":228121,"date":"2022-07-13T20:50:26","date_gmt":"2022-07-13T19:50:26","guid":{"rendered":"https:\/\/www.moskito.cz\/produkt\/zatvaraci-noz-extrema-ratio-bdo-r-hcs\/"},"modified":"2025-05-07T10:42:27","modified_gmt":"2025-05-07T09:42:27","slug":"zatvaraci-noz-extrema-ratio-bdo-r-hcs","status":"publish","type":"product","link":"https:\/\/www.moskito.cz\/sk\/produkt\/zatvaraci-noz-extrema-ratio-bdo-r-hcs\/","title":{"rendered":"Zatv\u00e1rac\u00ed N\u00f4\u017e Extrema Ratio BD\u00d8 R HCS"},"content":{"rendered":"<pre class=\"tw-data-text tw-text-large tw-ta\" dir=\"ltr\" data-placeholder=\"P\u0159eklad\"><span class=\"Y2IQFc\" lang=\"sk\">Zatv\u00e1rac\u00ed N\u00f4\u017e Extrema Ratio BD\u00d8 R HCS\r\n\r\nBD\u00d8 R HCS, tenk\u00fd, ultra\u013eahk\u00fd 52 g, univerz\u00e1lny EDC. Extrema Ratio hrdo predstavuje \u010fal\u0161\u00ed zatv\u00e1rac\u00ed n\u00f4\u017e z radu Basic Folder. Vybaven\u00e9 n\u00e1stavcom hlavy \/ p\u00e1kou pre r\u00fdchle otvorenie syst\u00e9mu vysokor\u00fdchlostn\u00e9ho otv\u00e1rania britvy. Rezn\u00e9 schopnosti no\u017ea s\u00fa v porovnan\u00ed s jeho vzh\u013eadom prekvapiv\u00e9.\r\n\r\n\u010cepe\u013e - extr\u00e9mne ostr\u00e1 s profilom Dagger a hr\u00fabkou 2,5 mm. Je vyroben\u00e1 z ostrej, odolnej vysoko kobaltovej nerezovej ocele N690 o tvrdosti 58 HRC, vyrobenej rak\u00faskou oceliar\u0148ou B\u00f6hler-Uddeholm. Klin je zakon\u010den\u00fd antireflexnou vrstvou Stone Washed, ktor\u00e1 maskuje drobn\u00e9 \u0161krabance. Hladk\u00e1 hrana Plain je odvoden\u00e1 od br\u00fasenia Full Flat Grind, ktor\u00e9 poskytuje pevnos\u0165, vynikaj\u00facu geometriu britu a extr\u00e9mny rezn\u00fd v\u00fdkon. Robustn\u00fd z\u00e1mok Liner-Lock.\r\n\r\nRukov\u00e4\u0165 vo farbe HCS (Hybrid Coyote Sage). Vlo\u017eky z nerezovej ocele a vlo\u017eky rukov\u00e4te z technopolym\u00e9ru (vystu\u017een\u00fd nylon) poskytuj\u00fa \u013eahk\u00fa a \u0161truktur\u00e1lnu pevnos\u0165. Kon\u0161trukcia s otvorenou zadnou stranou zjednodu\u0161uje \u010distenie a \u00fadr\u017ebu. Pevn\u00e1 kovov\u00e1 spona s hlbok\u00fdm vreckom umo\u017e\u0148uje nosi\u0165 n\u00f4\u017e hlboko (diskr\u00e9tne) vo vrecku vo vyklopenej polohe.\r\n\r\n<\/span><\/pre>\n<pre id=\"tw-target-text\" class=\"tw-data-text tw-text-large tw-ta\" dir=\"ltr\" data-placeholder=\"P\u0159eklad\"><span class=\"Y2IQFc\" lang=\"sk\">Technopolym\u00e9r - naz\u00fdvan\u00fd aj kovov\u00fd n\u00e1stupca. Modern\u00fd materi\u00e1l s vysok\u00fdm percentom sklen\u00fdch vl\u00e1kien spojen\u00fdch s polym\u00e9rnou b\u00e1zou a pr\u00edtomnos\u0165ou (\u010di nie) aramidu, (syntetick\u00e9 vl\u00e1kna, kam patr\u00ed okrem in\u00e9ho Kevlar). Vyzna\u010duje sa neobvykl\u00fdmi mechanick\u00fdmi a tepeln\u00fdmi parametrami. V\u00fdhody: odoln\u00fd proti kor\u00f3zii, n\u00edzka hmotnos\u0165, bez\u00fadr\u017ebov\u00fd (n\u00edzky koeficient trenia), elektrick\u00e1 izol\u00e1cia (zabra\u0148uje vedeniu elektriny), \u017eiadna reakcia na magnetick\u00e9 pole, ak\u00e9ko\u013evek farby.\r\n\r\nV\u00c1HA G.: 52\r\nHMOTNOS\u0164 OZ.: 1,83\r\nD\u0139\u017dKA \u010cEPE\u013dA (MM): 60\r\nD\u0139\u017dKA \u010cEPELA (IN): 2,36\r\nCELKOV\u00c1 D\u0139\u017dKA (MM): 145\r\nCELKOV\u00c1 D\u0139\u017dKA (V): 5,70\r\nH\u013d\u00daBKA \u010cEPELA (MM): 2,5\r\nH\u013d\u00daBKA \u010cEPELA (IN): 0,098\r\nMATERI\u00c1L \u010cEPELA: B\u00d6HLER N690 STEEL (58HRC)\r\nPOVRCHOV\u00c1 \u00daPRAVA \u010cEPE\u013dA: UM\u00ddT\u00dd KAMENOM\r\nHLAVN\u00c1 MRIE\u017dKA: PLOCH\u00c1\r\nMATERI\u00c1L RUKOV\u00c4TI: NYLON<\/span><\/pre>\n<pre id=\"tw-target-text\" class=\"tw-data-text tw-text-large tw-ta\" dir=\"ltr\" data-placeholder=\"P\u0159eklad\"><\/pre>\n","protected":false},"excerpt":{"rendered":"<div id=\"tw-target-text-container\" class=\"tw-ta-container F0azHf tw-nfl\" tabindex=\"0\">\n<pre id=\"tw-target-text\" class=\"tw-data-text tw-text-large tw-ta\" dir=\"ltr\" data-placeholder=\"P\u0159eklad\"><span class=\"Y2IQFc\" lang=\"sk\">Spolo\u010dnos\u0165 Extrema Ratio so s\u00eddlom v talianskom Prate navrhuje a vyr\u00e1ba vysoko v\u00fdkonn\u00e9 bojov\u00e9, vojensk\u00e9, kuchynsk\u00e9, loveck\u00e9 a taktick\u00e9 no\u017ee od roku 1997 a m\u00e1 poves\u0165 vynikaj\u00facej kvality, ktor\u00e1 je v odbore vojensk\u00fdch a taktick\u00fdch no\u017eov neprekonate\u013en\u00e1. Doprava zadarmo.<\/span><\/pre>\n<\/div>\n<div id=\"tw-target-rmn-container\" class=\"tw-target-rmn tw-ta-container F0azHf tw-nfl\">\n<pre id=\"tw-target-rmn\" class=\"tw-data-placeholder tw-text-small tw-ta\" dir=\"ltr\" data-placeholder=\"\"><\/pre>\n<\/div>\n<div class=\"iYB33c\">\n<div class=\"dlJLJe\">\n<div data-cviv=\"false\" data-ved=\"2ahUKEwiMo5yE0Lr6AhUyMewKHbb5COkQz_AEegQIARAP\">\n<div class=\"U9URNb\"><img decoding=\"async\" id=\"dimg_3\" class=\"YQ4gaf zr758c wA1Bge\" src=\"data:image\/png;base64,iVBORw0KGgoAAAANSUhEUgAAABQAAAAUCAQAAAAngNWGAAAA\/0lEQVR4AYXNMSiEcRyA4cfmGHQbCZIipkuxnJgMStlMNmeyD2dwmc8+sZgxYJd9ErIZFHUyYYD7fkr6l4\/rnvmtl7+KitrqV\/fq2Y5eLY3Z9S48eRLe7BmVZ9qhTLhQ0algzZWQOVKSsCF8OjAnwbxDTWFDUhPK\/jMr1H6HE\/IqRky2DyvCefuwItwZzodVoYRiLqMkVCXrwpJ9twZ+sgfDYEFYl8wIWxZ9uFf7zkallxlJh4YrLGsKjZRx7VGHhLqwgFUN45DGdb8MeXGpgB4ABZdeDcpZEY51A+hyLKz4S1W4MQWm3AibWtgWmk6dyISa1pSdyWTOlLXVp0+eL9D\/ZPfBTNanAAAAAElFTkSuQmCC\" alt=\"Ikona Ov\u011b\u0159eno komunitou\" width=\"16\" height=\"16\" data-atf=\"0\" data-frt=\"0\" \/><\/div>\n<\/div>\n<\/div>\n<div id=\"tw-tmenu\" class=\"tw-menu\"><\/div>\n<\/div>\n","protected":false},"featured_media":219750,"comment_status":"open","ping_status":"closed","template":"","meta":[],"pwb-brand":[3198],"product_brand":[],"product_cat":[3186,3233],"product_tag":[3668],"class_list":{"0":"post-228121","1":"product","2":"type-product","3":"status-publish","4":"has-post-thumbnail","6":"pwb-brand-extrema-ratio-sk","7":"product_cat-noze-sk","8":"product_cat-zatvaracie-noze","9":"product_tag-b2b-sk","11":"first","12":"instock","13":"taxable","14":"shipping-taxable","15":"purchasable","16":"product-type-simple"},"brands":[{"id":3198,"name":"Extrema Ratio","slug":"extrema-ratio-sk"}],"_links":{"self":[{"href":"https:\/\/www.moskito.cz\/sk\/wp-json\/wp\/v2\/product\/228121","targetHints":{"allow":["GET"]}}],"collection":[{"href":"https:\/\/www.moskito.cz\/sk\/wp-json\/wp\/v2\/product"}],"about":[{"href":"https:\/\/www.moskito.cz\/sk\/wp-json\/wp\/v2\/types\/product"}],"replies":[{"embeddable":true,"href":"https:\/\/www.moskito.cz\/sk\/wp-json\/wp\/v2\/comments?post=228121"}],"wp:featuredmedia":[{"embeddable":true,"href":"https:\/\/www.moskito.cz\/sk\/wp-json\/wp\/v2\/media\/219750"}],"wp:attachment":[{"href":"https:\/\/www.moskito.cz\/sk\/wp-json\/wp\/v2\/media?parent=228121"}],"wp:term":[{"taxonomy":"pwb-brand","embeddable":true,"href":"https:\/\/www.moskito.cz\/sk\/wp-json\/wp\/v2\/pwb-brand?post=228121"},{"taxonomy":"product_brand","embeddable":true,"href":"https:\/\/www.moskito.cz\/sk\/wp-json\/wp\/v2\/product_brand?post=228121"},{"taxonomy":"product_cat","embeddable":true,"href":"https:\/\/www.moskito.cz\/sk\/wp-json\/wp\/v2\/product_cat?post=228121"},{"taxonomy":"product_tag","embeddable":true,"href":"https:\/\/www.moskito.cz\/sk\/wp-json\/wp\/v2\/product_tag?post=228121"}],"curies":[{"name":"wp","href":"https:\/\/api.w.org\/{rel}","templated":true}]}}