{"id":228128,"date":"2022-07-10T14:18:35","date_gmt":"2022-07-10T13:18:35","guid":{"rendered":"https:\/\/www.moskito.cz\/produkt\/pevny-noz-extrema-ratio-dobermann-iv-classic\/"},"modified":"2025-05-07T10:42:29","modified_gmt":"2025-05-07T09:42:29","slug":"pevny-noz-extrema-ratio-dobermann-iv-classic","status":"publish","type":"product","link":"https:\/\/www.moskito.cz\/sk\/produkt\/pevny-noz-extrema-ratio-dobermann-iv-classic\/","title":{"rendered":"Pevn\u00fd N\u00f4\u017e Extrema Ratio DOBERMANN IV CLASSIC"},"content":{"rendered":"<p>Pevn\u00fd N\u00f4\u017e Extrema Ratio DOBERMANN IV CLASSIC<\/p>\n<p>DOBERMANN IV sa vyvinul z prv\u00e9ho a najklasickej\u0161ieho no\u017ea Extrema Ratio, K1 DOBERMANN. V priebehu rokov pre\u0161iel DOBERMANN v\u00fdraznou zmenou vzh\u013eadu a dizajnu, aby splnil vyv\u00edjaj\u00face sa o\u010dak\u00e1vania spotrebite\u013eov a neust\u00e1le sa meniace trendy, pri\u010dom si v jadre zachoval konzistenciu s p\u00f4vodn\u00fdm dizajnom z roku 1997. Aj t\u00e1to posledn\u00e1 iter\u00e1cia vynik\u00e1 \u0161truktur\u00e1lnou odolnos\u0165ou a flexibilitou pou\u017eitia: mo\u017eno n\u00e1\u0161 najuniverz\u00e1lnej\u0161\u00ed n\u00f4\u017e DOBERMANN IV je vhodn\u00fd na lov, pre\u017eitie vonku, kempovanie, obranu a\u017e po vojensk\u00e9 pou\u017eitie. Dostupn\u00e9 verzie: DOBERMANN IV CLASSIC, DOBERMANN IV TACTICAL.<\/p>\n<p>V\u00c1HA G.: 336<br \/>\nHMOTNOS\u0164 OZ.: 11,9<br \/>\nD\u0139\u017dKA \u010cEPELA (MM): 185<br \/>\nD\u0139\u017dKA \u010cEPELA (IN): 7,3<br \/>\nCELKOV\u00c1 D\u0139\u017dKA (MM): 316<br \/>\nCELKOV\u00c1 D\u0139\u017dKA (IN): 12,4<br \/>\nH\u013d\u00daBKA \u010cEPELA (MM): 6,3<br \/>\nH\u013d\u00daBKA \u010cEPELA (IN): 0,25<br \/>\nMATERI\u00c1L \u010cEPELA: B\u00d6HLER N690 STEEL (58HRC)<br \/>\nPOVRCHOV\u00c1 \u00daPRAVA \u010cEPELA: SAT\u00c9N<br \/>\nHLAVN\u00c1 MRIE\u017dKA: PLOCH\u00c1<br \/>\nMATERI\u00c1L RUKOV\u00c4TI: FORPRENE<\/p>\n","protected":false},"excerpt":{"rendered":"<p>Spolo\u010dnos\u0165 Extrema Ratio so s\u00eddlom v talianskom Prate navrhuje a vyr\u00e1ba vysoko v\u00fdkonn\u00e9 bojov\u00e9, vojensk\u00e9, kuchynsk\u00e9, loveck\u00e9 a taktick\u00e9 no\u017ee od roku 1997 a m\u00e1 poves\u0165 vynikaj\u00facej kvality, ktor\u00e1 je v odbore vojensk\u00fdch a taktick\u00fdch no\u017eov neprekonate\u013en\u00e1. Doprava zadarmo.<\/p>\n","protected":false},"featured_media":219396,"comment_status":"open","ping_status":"closed","template":"","meta":[],"pwb-brand":[3198],"product_brand":[],"product_cat":[3187,3186],"product_tag":[3668],"class_list":{"0":"post-228128","1":"product","2":"type-product","3":"status-publish","4":"has-post-thumbnail","6":"pwb-brand-extrema-ratio-sk","7":"product_cat-pevne-noze-sk","8":"product_cat-noze-sk","9":"product_tag-b2b-sk","11":"first","12":"instock","13":"taxable","14":"shipping-taxable","15":"purchasable","16":"product-type-simple"},"brands":[{"id":3198,"name":"Extrema Ratio","slug":"extrema-ratio-sk"}],"_links":{"self":[{"href":"https:\/\/www.moskito.cz\/sk\/wp-json\/wp\/v2\/product\/228128","targetHints":{"allow":["GET"]}}],"collection":[{"href":"https:\/\/www.moskito.cz\/sk\/wp-json\/wp\/v2\/product"}],"about":[{"href":"https:\/\/www.moskito.cz\/sk\/wp-json\/wp\/v2\/types\/product"}],"replies":[{"embeddable":true,"href":"https:\/\/www.moskito.cz\/sk\/wp-json\/wp\/v2\/comments?post=228128"}],"wp:featuredmedia":[{"embeddable":true,"href":"https:\/\/www.moskito.cz\/sk\/wp-json\/wp\/v2\/media\/219396"}],"wp:attachment":[{"href":"https:\/\/www.moskito.cz\/sk\/wp-json\/wp\/v2\/media?parent=228128"}],"wp:term":[{"taxonomy":"pwb-brand","embeddable":true,"href":"https:\/\/www.moskito.cz\/sk\/wp-json\/wp\/v2\/pwb-brand?post=228128"},{"taxonomy":"product_brand","embeddable":true,"href":"https:\/\/www.moskito.cz\/sk\/wp-json\/wp\/v2\/product_brand?post=228128"},{"taxonomy":"product_cat","embeddable":true,"href":"https:\/\/www.moskito.cz\/sk\/wp-json\/wp\/v2\/product_cat?post=228128"},{"taxonomy":"product_tag","embeddable":true,"href":"https:\/\/www.moskito.cz\/sk\/wp-json\/wp\/v2\/product_tag?post=228128"}],"curies":[{"name":"wp","href":"https:\/\/api.w.org\/{rel}","templated":true}]}}