{"id":228129,"date":"2022-07-10T13:22:47","date_gmt":"2022-07-10T12:22:47","guid":{"rendered":"https:\/\/www.moskito.cz\/produkt\/pevny-noz-extrema-ratio-mk2-1-desert-warfare\/"},"modified":"2025-05-07T10:42:29","modified_gmt":"2025-05-07T09:42:29","slug":"pevny-noz-extrema-ratio-mk2-1-desert-warfare","status":"publish","type":"product","link":"https:\/\/www.moskito.cz\/sk\/produkt\/pevny-noz-extrema-ratio-mk2-1-desert-warfare\/","title":{"rendered":"Pevn\u00fd N\u00f4\u017e Extrema Ratio MK2.1 DESERT WARFARE"},"content":{"rendered":"<p>Pevn\u00fd N\u00f4\u017e Extrema Ratio MK2.1 DESERT WARFARE<\/p>\n<p>Revidovan\u00e1 klasika, pocta vojnov\u00e9mu veter\u00e1novi: MK2.1 je restylingom bojovej d\u00fdky MARK 2, jedn\u00e9ho z najroz\u0161\u00edrenej\u0161\u00edch no\u017eov v druhej svetovej vojne. Na\u0161\u00edm cie\u013eom pri takto ambici\u00f3znom dizajnovom projekte bolo zachova\u0165 charakteristick\u00e9 kvality origin\u00e1lu a zavies\u0165 iba tie zmeny, ktor\u00e9 sme pova\u017eovali za pr\u00edsne funk\u010dn\u00e9, aby sa zlep\u0161ila jeho \u00fa\u010dinnos\u0165. \u010cepe\u013e je z kobaltovej ocele, pre ostatn\u00e9 diely s\u00fa pou\u017eit\u00e9 AISI 303 a AISI 304 a na rukov\u00e4ti je ko\u017ea nahraden\u00e1 nylonom zosilnen\u00fdm sklen\u00fdm vl\u00e1knom. Zachov\u00e1va si ergon\u00f3miu p\u00f4vodn\u00e9ho Mark 2, zatia\u013e \u010do v\u0161etky kon\u0161truk\u010dn\u00e9 diely boli predimenzovan\u00e9, aby z\u00edskali robustn\u00fd a vysoko v\u00fdkonn\u00fd viac\u00fa\u010delov\u00fd n\u00f4\u017e. Najv\u00fdznamnej\u0161ie zmeny s\u00fa zameran\u00e9 na opravu zn\u00e1mych \u201eslab\u00fdch miest\u201c matersk\u00e9ho no\u017ea: medzi ne patr\u00ed mo\u017enos\u0165 bezn\u00e1strojovej demont\u00e1\u017ee v ter\u00e9ne, narovnan\u00fd upraven\u00fd profil Bowie u\u013eah\u010duj\u00faci \u00fadr\u017ebu ostria a s\u00fadkovit\u00e9 dr\u00e1\u017eky na \u00edlci, ktor\u00e9 obaja pom\u00e1haj\u00fa u\u017e\u00edvate\u013eovi spr\u00e1vne orientova\u0165 \u010depe\u013e v tme a zlep\u0161uj\u00fa to\u010div\u00fdch pohyboch (efekt \u201eskrutkova\u010da\u201c). Medzi drobn\u00e9 doplnky patria otvory pre bezpe\u010dnostn\u00fa \u0161n\u00faru v strmeni a otvory pre mont\u00e1\u017e na ty\u010d na prednom kryte. Na\u0161a obvykl\u00e1 \u201ebo\u010dn\u00e1 dr\u00e1\u017eka\u201c Extrema Ratio nahradila tradi\u010dn\u00fd plni\u010d s krvnou dr\u00e1\u017ekou pre lep\u0161\u00ed vzh\u013ead a zn\u00ed\u017eenie hmotnosti. Obsahuje \u0161tandardn\u00fd stehenn\u00fd pl\u00e1\u0161\u0165 s automatick\u00fdm z\u00e1dr\u017en\u00fdm mechanizmom a ochrannou chlop\u0148ou. Dostupn\u00e9 verzie: MK2.1 BLACK, MK2.1 DESERT WARFARE.<br \/>\nV\u00c1HA G: 393<\/p>\n<p>D\u0139\u017dKA \u010cEPE\u013dA (MM): 177<br \/>\nD\u0139\u017dKA \u010cEPELA (V): 7<br \/>\nCELKOV\u00c1 D\u0139\u017dKA (MM): 303<br \/>\nCELKOV\u00c1 D\u0139\u017dKA (V): 11,9<br \/>\nH\u013d\u00daBKA \u010cEPELA (MM): 6,3<br \/>\nH\u013d\u00daBKA \u010cEPELA (IN): 0,25<br \/>\nMATERI\u00c1L \u010cEPELA: B\u00d6HLER N690 STEEL (58HRC)<br \/>\nPOVRCHOV\u00c1 \u00daPRAVA \u010cEPEL\u00cd: P\u00da\u0160TNA VOJNA<br \/>\nHLAVN\u00c1 MRIE\u017dKA: PLOCH\u00c1<br \/>\nMATERI\u00c1L RUKOV\u00c4TI: NYLON<\/p>\n","protected":false},"excerpt":{"rendered":"<p>Spolo\u010dnos\u0165 Extrema Ratio so s\u00eddlom v talianskom Prate navrhuje a vyr\u00e1ba vysoko v\u00fdkonn\u00e9 bojov\u00e9, vojensk\u00e9, kuchynsk\u00e9, loveck\u00e9 a taktick\u00e9 no\u017ee od roku 1997 a m\u00e1 poves\u0165 vynikaj\u00facej kvality, ktor\u00e1 je v odbore vojensk\u00fdch a taktick\u00fdch no\u017eov neprekonate\u013en\u00e1. Doprava zadarmo.<\/p>\n","protected":false},"featured_media":219372,"comment_status":"open","ping_status":"closed","template":"","meta":[],"pwb-brand":[3198],"product_brand":[],"product_cat":[3186,3187],"product_tag":[3668],"class_list":{"0":"post-228129","1":"product","2":"type-product","3":"status-publish","4":"has-post-thumbnail","6":"pwb-brand-extrema-ratio-sk","7":"product_cat-noze-sk","8":"product_cat-pevne-noze-sk","9":"product_tag-b2b-sk","11":"first","12":"instock","13":"taxable","14":"shipping-taxable","15":"purchasable","16":"product-type-simple"},"brands":[{"id":3198,"name":"Extrema Ratio","slug":"extrema-ratio-sk"}],"_links":{"self":[{"href":"https:\/\/www.moskito.cz\/sk\/wp-json\/wp\/v2\/product\/228129","targetHints":{"allow":["GET"]}}],"collection":[{"href":"https:\/\/www.moskito.cz\/sk\/wp-json\/wp\/v2\/product"}],"about":[{"href":"https:\/\/www.moskito.cz\/sk\/wp-json\/wp\/v2\/types\/product"}],"replies":[{"embeddable":true,"href":"https:\/\/www.moskito.cz\/sk\/wp-json\/wp\/v2\/comments?post=228129"}],"wp:featuredmedia":[{"embeddable":true,"href":"https:\/\/www.moskito.cz\/sk\/wp-json\/wp\/v2\/media\/219372"}],"wp:attachment":[{"href":"https:\/\/www.moskito.cz\/sk\/wp-json\/wp\/v2\/media?parent=228129"}],"wp:term":[{"taxonomy":"pwb-brand","embeddable":true,"href":"https:\/\/www.moskito.cz\/sk\/wp-json\/wp\/v2\/pwb-brand?post=228129"},{"taxonomy":"product_brand","embeddable":true,"href":"https:\/\/www.moskito.cz\/sk\/wp-json\/wp\/v2\/product_brand?post=228129"},{"taxonomy":"product_cat","embeddable":true,"href":"https:\/\/www.moskito.cz\/sk\/wp-json\/wp\/v2\/product_cat?post=228129"},{"taxonomy":"product_tag","embeddable":true,"href":"https:\/\/www.moskito.cz\/sk\/wp-json\/wp\/v2\/product_tag?post=228129"}],"curies":[{"name":"wp","href":"https:\/\/api.w.org\/{rel}","templated":true}]}}