{"id":228130,"date":"2022-07-10T13:00:26","date_gmt":"2022-07-10T12:00:26","guid":{"rendered":"https:\/\/www.moskito.cz\/produkt\/pevny-noz-extrema-ratio-pugio-sa-desert-warfare\/"},"modified":"2025-05-07T10:42:29","modified_gmt":"2025-05-07T09:42:29","slug":"pevny-noz-extrema-ratio-pugio-sa-desert-warfare","status":"publish","type":"product","link":"https:\/\/www.moskito.cz\/sk\/produkt\/pevny-noz-extrema-ratio-pugio-sa-desert-warfare\/","title":{"rendered":"Pevn\u00fd N\u00f4\u017e Extrema Ratio PUGIO SA DESERT WARFARE"},"content":{"rendered":"<p>Pevn\u00fd N\u00f4\u017e Extrema Ratio PUGIO SA DESERT WARFARE<\/p>\n<p>V nadv\u00e4znosti na na\u0161u ve\u013emi \u00faspe\u0161n\u00fa d\u00fdku PUGIO sme v Extrema Ratio vyvinuli t\u00fato jednobrit\u00fa verziu PUGIO SE pre u\u017e\u00edvate\u013eov, ktor\u00ed uprednost\u0148uj\u00fa obr\u00e1ten\u00fd \u00fachop. Pod\u013ea s\u00fa\u010dasn\u00fdch talianskych z\u00e1konov je PUGIO SE leg\u00e1lne na n\u00e1kup osob\u00e1m, ktor\u00e9 nemaj\u00fa licenciu na nosenie zbran\u00ed (obmedzenia n\u00e1kupu no\u017eov sa m\u00f4\u017eu l\u00ed\u0161i\u0165 v z\u00e1vislosti od va\u0161ej jurisdikcie). Zadn\u00e1 strana \u010depele je navrhnut\u00e1 tak, aby u\u017e\u00edvate\u013eovi umo\u017enila oprie\u0165 o \u0148u palec alebo dla\u0148, pod\u013ea \u0161t\u00fdlu ovl\u00e1dania. Prilo\u017een\u00e9 tvrd\u00e9 puzdro je mo\u017en\u00e9 nosi\u0165 zvisle, vodorovne alebo \u0161ikmo (v uhle 45 \u00b0). Dostupn\u00e9 verzie: PUGIO SA BLACK, PUGIO SA DESERT WARFARE.<\/p>\n<p>V\u00c1HA G: 190<br \/>\nHMOTNOS\u0164 OZ.: 6,7<br \/>\nD\u0139\u017dKA \u010cEPELA (MM): 110<br \/>\nD\u0139\u017dKA \u010cEPELA (IN): 4,3<br \/>\nCELKOV\u00c1 D\u0139\u017dKA (MM): 226<br \/>\nCELKOV\u00c1 D\u0139\u017dKA (V): 8,9<br \/>\nH\u013d\u00daBKA \u010cEPELA (MM): 6,3<br \/>\nH\u013d\u00daBKA \u010cEPELA (IN): 0,25<br \/>\nMATERI\u00c1L \u010cEPELA: B\u00d6HLER N690 STEEL (58HRC)<br \/>\nPOVRCHOV\u00c1 \u00daPRAVA \u010cEPEL\u00cd: P\u00da\u0160TNA VOJNA<br \/>\nHLAVN\u00c1 MRIE\u017dKA: Britva<br \/>\nMATERI\u00c1L RUKOV\u00c4TI: NYLON<\/p>\n","protected":false},"excerpt":{"rendered":"<p>Spolo\u010dnos\u0165 Extrema Ratio so s\u00eddlom v talianskom Prate navrhuje a vyr\u00e1ba vysoko v\u00fdkonn\u00e9 bojov\u00e9, vojensk\u00e9, kuchynsk\u00e9, loveck\u00e9 a taktick\u00e9 no\u017ee od roku 1997 a m\u00e1 poves\u0165 vynikaj\u00facej kvality, ktor\u00e1 je v odbore vojensk\u00fdch a taktick\u00fdch no\u017eov neprekonate\u013en\u00e1. Doprava zadarmo.<\/p>\n","protected":false},"featured_media":219362,"comment_status":"open","ping_status":"closed","template":"","meta":[],"pwb-brand":[3198],"product_brand":[],"product_cat":[3186,3187],"product_tag":[3668],"class_list":{"0":"post-228130","1":"product","2":"type-product","3":"status-publish","4":"has-post-thumbnail","6":"pwb-brand-extrema-ratio-sk","7":"product_cat-noze-sk","8":"product_cat-pevne-noze-sk","9":"product_tag-b2b-sk","11":"first","12":"instock","13":"taxable","14":"shipping-taxable","15":"purchasable","16":"product-type-simple"},"brands":[{"id":3198,"name":"Extrema Ratio","slug":"extrema-ratio-sk"}],"_links":{"self":[{"href":"https:\/\/www.moskito.cz\/sk\/wp-json\/wp\/v2\/product\/228130","targetHints":{"allow":["GET"]}}],"collection":[{"href":"https:\/\/www.moskito.cz\/sk\/wp-json\/wp\/v2\/product"}],"about":[{"href":"https:\/\/www.moskito.cz\/sk\/wp-json\/wp\/v2\/types\/product"}],"replies":[{"embeddable":true,"href":"https:\/\/www.moskito.cz\/sk\/wp-json\/wp\/v2\/comments?post=228130"}],"wp:featuredmedia":[{"embeddable":true,"href":"https:\/\/www.moskito.cz\/sk\/wp-json\/wp\/v2\/media\/219362"}],"wp:attachment":[{"href":"https:\/\/www.moskito.cz\/sk\/wp-json\/wp\/v2\/media?parent=228130"}],"wp:term":[{"taxonomy":"pwb-brand","embeddable":true,"href":"https:\/\/www.moskito.cz\/sk\/wp-json\/wp\/v2\/pwb-brand?post=228130"},{"taxonomy":"product_brand","embeddable":true,"href":"https:\/\/www.moskito.cz\/sk\/wp-json\/wp\/v2\/product_brand?post=228130"},{"taxonomy":"product_cat","embeddable":true,"href":"https:\/\/www.moskito.cz\/sk\/wp-json\/wp\/v2\/product_cat?post=228130"},{"taxonomy":"product_tag","embeddable":true,"href":"https:\/\/www.moskito.cz\/sk\/wp-json\/wp\/v2\/product_tag?post=228130"}],"curies":[{"name":"wp","href":"https:\/\/api.w.org\/{rel}","templated":true}]}}