{"id":228136,"date":"2022-07-10T08:44:18","date_gmt":"2022-07-10T07:44:18","guid":{"rendered":"https:\/\/www.moskito.cz\/produkt\/pevny-noz-extrema-ratio-contact-ranger-green\/"},"modified":"2025-05-07T10:42:30","modified_gmt":"2025-05-07T09:42:30","slug":"pevny-noz-extrema-ratio-contact-ranger-green","status":"publish","type":"product","link":"https:\/\/www.moskito.cz\/sk\/produkt\/pevny-noz-extrema-ratio-contact-ranger-green\/","title":{"rendered":"Pevn\u00fd N\u00f4\u017e Extrema Ratio CONTACT RANGER GREEN"},"content":{"rendered":"<p>Pevn\u00fd N\u00f4\u017e Extrema Ratio CONTACT RANGER GREEN<\/p>\n<p>Spolo\u010dnos\u0165 Extrema Ratio vyvinula prv\u00fd n\u00f4\u017e nov\u00e9ho v\u00fdrobn\u00e9ho radu s n\u00e1zvom CONTACT. M\u00e1 \u010depe\u013e s kopijovit\u00fdm profilom, ploch\u00fdm br\u00fasen\u00edm a koso\u0161tvorcovou geometriou. M\u00e1 spodn\u00fa ochrann\u00fa vetvu, ktor\u00e1 chr\u00e1ni ruku pred n\u00e1hodn\u00fdmi rezami, horn\u00e9 sk\u00e1kanie pre lep\u0161\u00ed \u00fachop, konk\u00e1vne pln\u0161ie po celej d\u013a\u017eke \u010depele a ve\u013ekorys\u00fa hr\u00fabku \u010depele (6,30 mm) V\u0161etky tieto detaily robia z Contact star\u0161ieho brata. teraz sl\u00e1vne Requiem, prepracovan\u00e9 v proporci\u00e1ch av niektor\u00fdch technick\u00fdch rysoch. Prv\u00fd z nov\u00e9ho radu viac\u00fa\u010delov\u00fdch no\u017eov. \u010cepe\u013e je vyroben\u00e1 z ocele B\u00f6hler N690 s tvrdos\u0165ou 58 HRC a chemickou le\u0161tiacou vrstvou pre verziu Black. V\u0161etky ostatn\u00e9 farby vo v\u00fdrobe maj\u00fa \u010depe\u013e s povrchovou \u00fapravou Stone Washed. Rukov\u00e4\u0165 je st\u00e1le vo forprene. U\u017e sa nemontuje pomocou bo\u010dn\u00fdch skrutiek, ale v\u010faka drieku z nerezovej ocele v tvare komol\u00e9ho ku\u017ee\u013ea, ktor\u00fd je priskrutkovan\u00fd ku dnu a zapad\u00e1 do \u0161peci\u00e1lneho sedla, v\u010faka ktor\u00e9mu je pevn\u00fd. T\u00fdmto sp\u00f4sobom je n\u00f4\u017e dobre vyv\u00e1\u017een\u00fd. Po\u0161va je minimalistick\u00e1; v\u00e4\u010d\u0161ina l\u00e1tky bola odrezan\u00e1; m\u00e1 reten\u010dn\u00fd syst\u00e9m 2. \u00farovne, ktor\u00fd si pam\u00e4t\u00e1 \u0161t\u00fdl modelu, ktor\u00fdm bol in\u0161pirovan\u00fd. Hlavn\u00e1 \u0161krupina je vstrekovan\u00e1 z nylonu odoln\u00e9ho proti n\u00e1razom. Sekund\u00e1rny reten\u010dn\u00fd syst\u00e9m je reverzibiln\u00fd pre obojstrann\u00fdch u\u017e\u00edvate\u013eov. \u010cepe\u013e je veden\u00e1 do po\u0161vy v\u010faka svojmu ku\u017ee\u013eovit\u00e9mu tvaru, ktor\u00fd sa dobre hod\u00ed na r\u00fdchle zasunutie a vytiahnutie \u010depele. Na vytiahnutie \u010depele posta\u010d\u00ed tlak na sp\u00fa\u0161\u0165, \u010d\u00edm sa uvo\u013en\u00ed poistka, ktor\u00e1 ju bezpe\u010dne dr\u017e\u00ed v po\u0161ve. V horizont\u00e1lnych \u0161trbin\u00e1ch puzdra je pridan\u00fd syst\u00e9m, ktor\u00fd fixuje \u010depe\u013e tak, aby nedoch\u00e1dzalo k otrasom, ke\u010f je ulo\u017een\u00fd vo vn\u00fatri. Zadn\u00e1 strana nylonov\u00e9ho puzdra je M.O.L.L.E. kompatibiln\u00fd. Textiln\u00e1 \u010das\u0165 je zredukovan\u00e1 na minimum a m\u00e1 klasick\u00fd dvojgomb\u00edkov\u00fd bezpe\u010dnostn\u00fd p\u00e1sik s p\u00fatkom na opasok a stehenn\u00fd p\u00e1s s gumovou v\u00fdstuhou proti rot\u00e1cii. Extrema Ratio sa zameriava na tento nov\u00fd rad t\u00fdm, \u017ee minimalizuje hr\u00fabku a ve\u013ekos\u0165 no\u017ea, ale ne\u0161etr\u00ed na kon\u0161truk\u010dnej pevnosti a bezpe\u010dnostn\u00fdch doplnkoch.<\/p>\n<p>V\u00c1HA G.: 300<br \/>\nHMOTNOS\u0164 OZ.: 10,58<br \/>\nD\u0139\u017dKA \u010cEPELA (MM): 162<br \/>\nD\u0139\u017dKA \u010cEPELA (IN): 6,37<br \/>\nCELKOV\u00c1 D\u0139\u017dKA (MM): 293<br \/>\nCELKOV\u00c1 D\u0139\u017dKA (V): 11,53<br \/>\nH\u013d\u00daBKA \u010cEPELA (MM): 6,3<br \/>\nH\u013d\u00daBKA \u010cEPELA (IN): 0,248<br \/>\nMATERI\u00c1L \u010cEPELA: B\u00d6HLER N690 STEEL (58HRC)<br \/>\nPOVRCHOV\u00c1 \u00daPRAVA \u010cEPE\u013dA: UM\u00ddT\u00dd KAMENOM<br \/>\nHLAVN\u00c1 MRIE\u017dKA: PLOCH\u00c1<br \/>\nMATERI\u00c1L RUKOV\u00c4TI: FORPRENE<\/p>\n","protected":false},"excerpt":{"rendered":"<p>Spolo\u010dnos\u0165 Extrema Ratio so s\u00eddlom v talianskom Prate navrhuje a vyr\u00e1ba vysoko v\u00fdkonn\u00e9 bojov\u00e9, vojensk\u00e9, kuchynsk\u00e9, loveck\u00e9 a taktick\u00e9 no\u017ee od roku 1997 a m\u00e1 poves\u0165 vynikaj\u00facej kvality, ktor\u00e1 je v odbore vojensk\u00fdch a taktick\u00fdch no\u017eov neprekonate\u013en\u00e1. Doprava zadarmo.<\/p>\n","protected":false},"featured_media":219169,"comment_status":"open","ping_status":"closed","template":"","meta":[],"pwb-brand":[3198],"product_brand":[],"product_cat":[3186,3187],"product_tag":[3668],"class_list":{"0":"post-228136","1":"product","2":"type-product","3":"status-publish","4":"has-post-thumbnail","6":"pwb-brand-extrema-ratio-sk","7":"product_cat-noze-sk","8":"product_cat-pevne-noze-sk","9":"product_tag-b2b-sk","11":"first","12":"instock","13":"taxable","14":"shipping-taxable","15":"purchasable","16":"product-type-simple"},"brands":[{"id":3198,"name":"Extrema Ratio","slug":"extrema-ratio-sk"}],"_links":{"self":[{"href":"https:\/\/www.moskito.cz\/sk\/wp-json\/wp\/v2\/product\/228136","targetHints":{"allow":["GET"]}}],"collection":[{"href":"https:\/\/www.moskito.cz\/sk\/wp-json\/wp\/v2\/product"}],"about":[{"href":"https:\/\/www.moskito.cz\/sk\/wp-json\/wp\/v2\/types\/product"}],"replies":[{"embeddable":true,"href":"https:\/\/www.moskito.cz\/sk\/wp-json\/wp\/v2\/comments?post=228136"}],"wp:featuredmedia":[{"embeddable":true,"href":"https:\/\/www.moskito.cz\/sk\/wp-json\/wp\/v2\/media\/219169"}],"wp:attachment":[{"href":"https:\/\/www.moskito.cz\/sk\/wp-json\/wp\/v2\/media?parent=228136"}],"wp:term":[{"taxonomy":"pwb-brand","embeddable":true,"href":"https:\/\/www.moskito.cz\/sk\/wp-json\/wp\/v2\/pwb-brand?post=228136"},{"taxonomy":"product_brand","embeddable":true,"href":"https:\/\/www.moskito.cz\/sk\/wp-json\/wp\/v2\/product_brand?post=228136"},{"taxonomy":"product_cat","embeddable":true,"href":"https:\/\/www.moskito.cz\/sk\/wp-json\/wp\/v2\/product_cat?post=228136"},{"taxonomy":"product_tag","embeddable":true,"href":"https:\/\/www.moskito.cz\/sk\/wp-json\/wp\/v2\/product_tag?post=228136"}],"curies":[{"name":"wp","href":"https:\/\/api.w.org\/{rel}","templated":true}]}}