{"id":228140,"date":"2022-07-09T08:16:16","date_gmt":"2022-07-09T07:16:16","guid":{"rendered":"https:\/\/www.moskito.cz\/produkt\/pevny-noz-extrema-ratio-pugio-black\/"},"modified":"2025-05-07T10:42:30","modified_gmt":"2025-05-07T09:42:30","slug":"pevny-noz-extrema-ratio-pugio-black","status":"publish","type":"product","link":"https:\/\/www.moskito.cz\/sk\/produkt\/pevny-noz-extrema-ratio-pugio-black\/","title":{"rendered":"Pevn\u00fd N\u00f4\u017e Extrema Ratio PUGIO BLACK"},"content":{"rendered":"<p>Pevn\u00fd N\u00f4\u017e Extrema Ratio PUGIO BLACK<\/p>\n<p>Napriek tomu, \u017ee je pomenovan\u00fd po kr\u00e1tkej a \u0161picatej r\u00edmskej d\u00fdke, na\u0161a vlastn\u00e1 PUGIO m\u00e1 jelec v tvare s\u00e9piovej kosti pripom\u00ednaj\u00facej dlh\u0161ie kaukazsk\u00e9 no\u017ee. Ir&#8217;s boot d\u00fdka, z\u00e1lo\u017en\u00e1 zbra\u0148 delf obrany, ktor\u00e1 sa v\u00fdborne hod\u00ed na skryt\u00e9 nosenie. \u010cepe\u013e je duto br\u00fasen\u00e1, pri\u010dom absencia z\u00e1\u0161tity zabra\u0148uje n\u00e1hodn\u00e9mu zachyteniu v tesnej bl\u00edzkosti. Obsahuje \u013eahko uzamykate\u013en\u00e9 pevn\u00e9 puzdro BELT-CLIP, nastavite\u013en\u00e9 pre vertik\u00e1lne, horizont\u00e1lne alebo \u0161ikm\u00e9 nosenie no\u017ea (v uhle 45 \u00b0). Dostupn\u00e9 verzie: PUGIO BLACK, PUGIO DESERT WARFARE.<\/p>\n<p>V\u00c1HA G: 170<br \/>\nHMOTNOS\u0164 OZ.: 6<br \/>\nD\u0139\u017dKA \u010cEPELA (MM): 110<br \/>\nD\u0139\u017dKA \u010cEPELA (IN): 4,3<br \/>\nCELKOV\u00c1 D\u0139\u017dKA (MM): 226<br \/>\nCELKOV\u00c1 D\u0139\u017dKA (V): 8,9<br \/>\nH\u013d\u00daBKA \u010cEPELA (MM): 6,3<br \/>\nH\u013d\u00daBKA \u010cEPELA (IN): 0,25<br \/>\nMATERI\u00c1L \u010cEPELA: B\u00d6HLER N690 STEEL (58HRC)<br \/>\nPOVRCHOV\u00c1 \u00daPRAVA NO\u017dA: LEHENIE MIL-C-13924<br \/>\nHLAVN\u00c1 MRIE\u017dKA: Britva<br \/>\nMATERI\u00c1L RUKOV\u00c4TI: NYLON<\/p>\n","protected":false},"excerpt":{"rendered":"<p>Spolo\u010dnos\u0165 Extrema Ratio so s\u00eddlom v talianskom Prate navrhuje a vyr\u00e1ba vysoko v\u00fdkonn\u00e9 bojov\u00e9, vojensk\u00e9, kuchynsk\u00e9, loveck\u00e9 a taktick\u00e9 no\u017ee od roku 1997 a m\u00e1 poves\u0165 vynikaj\u00facej kvality, ktor\u00e1 je v odbore vojensk\u00fdch a taktick\u00fdch no\u017eov neprekonate\u013en\u00e1. Doprava zadarmo.<\/p>\n","protected":false},"featured_media":219059,"comment_status":"open","ping_status":"closed","template":"","meta":[],"pwb-brand":[3198],"product_brand":[],"product_cat":[3186,3187],"product_tag":[3668],"class_list":{"0":"post-228140","1":"product","2":"type-product","3":"status-publish","4":"has-post-thumbnail","6":"pwb-brand-extrema-ratio-sk","7":"product_cat-noze-sk","8":"product_cat-pevne-noze-sk","9":"product_tag-b2b-sk","11":"first","12":"outofstock","13":"taxable","14":"shipping-taxable","15":"purchasable","16":"product-type-simple"},"brands":[{"id":3198,"name":"Extrema Ratio","slug":"extrema-ratio-sk"}],"_links":{"self":[{"href":"https:\/\/www.moskito.cz\/sk\/wp-json\/wp\/v2\/product\/228140","targetHints":{"allow":["GET"]}}],"collection":[{"href":"https:\/\/www.moskito.cz\/sk\/wp-json\/wp\/v2\/product"}],"about":[{"href":"https:\/\/www.moskito.cz\/sk\/wp-json\/wp\/v2\/types\/product"}],"replies":[{"embeddable":true,"href":"https:\/\/www.moskito.cz\/sk\/wp-json\/wp\/v2\/comments?post=228140"}],"wp:featuredmedia":[{"embeddable":true,"href":"https:\/\/www.moskito.cz\/sk\/wp-json\/wp\/v2\/media\/219059"}],"wp:attachment":[{"href":"https:\/\/www.moskito.cz\/sk\/wp-json\/wp\/v2\/media?parent=228140"}],"wp:term":[{"taxonomy":"pwb-brand","embeddable":true,"href":"https:\/\/www.moskito.cz\/sk\/wp-json\/wp\/v2\/pwb-brand?post=228140"},{"taxonomy":"product_brand","embeddable":true,"href":"https:\/\/www.moskito.cz\/sk\/wp-json\/wp\/v2\/product_brand?post=228140"},{"taxonomy":"product_cat","embeddable":true,"href":"https:\/\/www.moskito.cz\/sk\/wp-json\/wp\/v2\/product_cat?post=228140"},{"taxonomy":"product_tag","embeddable":true,"href":"https:\/\/www.moskito.cz\/sk\/wp-json\/wp\/v2\/product_tag?post=228140"}],"curies":[{"name":"wp","href":"https:\/\/api.w.org\/{rel}","templated":true}]}}