{"id":228141,"date":"2022-07-09T07:59:14","date_gmt":"2022-07-09T06:59:14","guid":{"rendered":"https:\/\/www.moskito.cz\/produkt\/zatvaraci-noz-extrema-ratio-t-razor-satin\/"},"modified":"2025-05-07T10:42:30","modified_gmt":"2025-05-07T09:42:30","slug":"zatvaraci-noz-extrema-ratio-t-razor-satin","status":"publish","type":"product","link":"https:\/\/www.moskito.cz\/sk\/produkt\/zatvaraci-noz-extrema-ratio-t-razor-satin\/","title":{"rendered":"Zatv\u00e1rac\u00ed N\u00f4\u017e Extrema Ratio T-RAZOR SATIN"},"content":{"rendered":"<p>Zatv\u00e1rac\u00ed N\u00f4\u017e Extrema Ratio T-RAZOR SATIN<\/p>\n<p>A\u017e do za\u010diatku 20. storo\u010dia \u013eudia be\u017ene nosili vreckov\u00e9 no\u017ee. Kv\u00f4li nekontrolovate\u013en\u00e9mu \u201ezneu\u017e\u00edvaniu\u201c v\u0161ak boli prijat\u00e9 z\u00e1kony, ktor\u00e9 ur\u010dovali, \u017ee v\u0161etky tak\u00e9to no\u017ee mali by\u0165 odrezan\u00e9 na \u0161pi\u010dke \u010depele, aby sa zn\u00ed\u017eila ich nebezpe\u010dnos\u0165 ako zbrane. Niektor\u00ed \u013eudia potom us\u00fadili, \u017ee najv\u00e4\u010d\u0161iu \u00fa\u010dinnos\u0165 z\u00edskaj\u00fa z ostrej hrany tradi\u010dne ploch\u00e9ho tvaru \u010depele, a za\u010dali nosi\u0165 britvy. Holiaci stroj\u010dek bol teda nejak\u00fd \u010das pova\u017eovan\u00fd za desiv\u00fa zbra\u0148 sebaobrany. Tak\u00e9 \u201ezneu\u017eitie\u201c be\u017enej \u017eiletky in\u0161pirovalo n\u00e1\u0161 dizajn T-RAZOR. Dostupn\u00e9 verzie: T-RAZOR BLACK, T-RAZOR SATIN.<\/p>\n<p>V\u00c1HA G: 130<br \/>\nHMOTNOS\u0164 OZ.: 4,6<br \/>\nD\u0139\u017dKA \u010cEPELA (MM): 100<br \/>\nD\u0139\u017dKA \u010cEPELA (IN): 3,9<br \/>\nCELKOV\u00c1 D\u0139\u017dKA (MM): 243<br \/>\nCELKOV\u00c1 D\u0139\u017dKA (V): 9,6<br \/>\nH\u013d\u00daBKA \u010cEPELA (MM): 3<br \/>\nH\u013d\u00daBKA \u010cEPELA (IN): 0,12<br \/>\nMATERI\u00c1L \u010cEPELA: B\u00d6HLER N690 STEEL (58HRC)<br \/>\nPOVRCHOV\u00c1 \u00daPRAVA \u010cEPELA: SAT\u00c9N<br \/>\nHLAVN\u00c1 MRIE\u017dKA: Britva<br \/>\nMATERI\u00c1L RUKOV\u00c4TI: ANTIKOROD\u00c1LNY ELOXOVAN\u00dd HLIN\u00cdK<\/p>\n","protected":false},"excerpt":{"rendered":"<p>Spolo\u010dnos\u0165 Extrema Ratio so s\u00eddlom v talianskom Prate navrhuje a vyr\u00e1ba vysoko v\u00fdkonn\u00e9 bojov\u00e9, vojensk\u00e9, kuchynsk\u00e9, loveck\u00e9 a taktick\u00e9 no\u017ee od roku 1997 a m\u00e1 poves\u0165 vynikaj\u00facej kvality, ktor\u00e1 je v odbore vojensk\u00fdch a taktick\u00fdch no\u017eov neprekonate\u013en\u00e1. Doprava zadarmo.<\/p>\n","protected":false},"featured_media":219023,"comment_status":"open","ping_status":"closed","template":"","meta":[],"pwb-brand":[3198],"product_brand":[],"product_cat":[3186,3233],"product_tag":[3668],"class_list":{"0":"post-228141","1":"product","2":"type-product","3":"status-publish","4":"has-post-thumbnail","6":"pwb-brand-extrema-ratio-sk","7":"product_cat-noze-sk","8":"product_cat-zatvaracie-noze","9":"product_tag-b2b-sk","11":"first","12":"instock","13":"taxable","14":"shipping-taxable","15":"purchasable","16":"product-type-simple"},"brands":[{"id":3198,"name":"Extrema Ratio","slug":"extrema-ratio-sk"}],"_links":{"self":[{"href":"https:\/\/www.moskito.cz\/sk\/wp-json\/wp\/v2\/product\/228141","targetHints":{"allow":["GET"]}}],"collection":[{"href":"https:\/\/www.moskito.cz\/sk\/wp-json\/wp\/v2\/product"}],"about":[{"href":"https:\/\/www.moskito.cz\/sk\/wp-json\/wp\/v2\/types\/product"}],"replies":[{"embeddable":true,"href":"https:\/\/www.moskito.cz\/sk\/wp-json\/wp\/v2\/comments?post=228141"}],"wp:featuredmedia":[{"embeddable":true,"href":"https:\/\/www.moskito.cz\/sk\/wp-json\/wp\/v2\/media\/219023"}],"wp:attachment":[{"href":"https:\/\/www.moskito.cz\/sk\/wp-json\/wp\/v2\/media?parent=228141"}],"wp:term":[{"taxonomy":"pwb-brand","embeddable":true,"href":"https:\/\/www.moskito.cz\/sk\/wp-json\/wp\/v2\/pwb-brand?post=228141"},{"taxonomy":"product_brand","embeddable":true,"href":"https:\/\/www.moskito.cz\/sk\/wp-json\/wp\/v2\/product_brand?post=228141"},{"taxonomy":"product_cat","embeddable":true,"href":"https:\/\/www.moskito.cz\/sk\/wp-json\/wp\/v2\/product_cat?post=228141"},{"taxonomy":"product_tag","embeddable":true,"href":"https:\/\/www.moskito.cz\/sk\/wp-json\/wp\/v2\/product_tag?post=228141"}],"curies":[{"name":"wp","href":"https:\/\/api.w.org\/{rel}","templated":true}]}}