{"id":228145,"date":"2022-07-08T23:13:01","date_gmt":"2022-07-08T22:13:01","guid":{"rendered":"https:\/\/www.moskito.cz\/produkt\/pevny-nuz-extrema-ratio-satre-s600-black\/"},"modified":"2025-05-07T10:42:31","modified_gmt":"2025-05-07T09:42:31","slug":"pevny-nuz-extrema-ratio-satre-s600-black","status":"publish","type":"product","link":"https:\/\/www.moskito.cz\/sk\/produkt\/pevny-nuz-extrema-ratio-satre-s600-black\/","title":{"rendered":"Pevn\u00fd N\u016f\u017e Extrema Ratio SATRE S600 BLACK"},"content":{"rendered":"<p>Pevn\u00fd N\u00f4\u017e Extrema Ratio SATRE S600 BLACK<\/p>\n<p>Satre je vreckov\u00fd, \u013eahk\u00fd a extr\u00e9mne odoln\u00fd n\u00f4\u017e s pevnou \u010depe\u013eou. Vzh\u013eadom k svojim vlastnostiam m\u00f4\u017ee by\u0165 pou\u017eit\u00fd v \u0161irokej \u0161k\u00e1le \u010dinnost\u00ed a oblast\u00ed, vr\u00e1tane survivalu a bushcraftu, alebo m\u00f4\u017ee by\u0165 s\u00fa\u010das\u0165ou sady EDC (Every Day Carry). Bol navrhnut\u00fd v spolupr\u00e1ci s Daniele Dal Canto, in\u0161truktorom Master Advanced. V\u010faka lanyardu Paracord 550 ho mo\u017eno nosi\u0165 ako n\u00f4\u017e na krk. T\u00fdmto sp\u00f4sobom je mo\u017en\u00e9 ho udr\u017ea\u0165 vo zvislej polohe s rukov\u00e4\u0165ou smerom dole. Predtvarovan\u00e9 puzdro Kydex m\u00e1 o\u010dk\u00e1, ktor\u00e9 umo\u017e\u0148uj\u00fa pou\u017eitie \u0161n\u00farky aj dr\u017eiaka pr\u00edslu\u0161enstva. Rie\u0161enie pre pren\u00e1\u0161anie ULTICLIP bude dostupn\u00e9 od janu\u00e1ra 2022 (len na extremaratio.com). To umo\u017e\u0148uje pripn\u00fa\u0165 puzdro nielen k p\u00e1sikom, ale aj vreck\u00e1m, nohaviciam, bund\u00e1m, ko\u0161eliam a tri\u010dk\u00e1m. ULTICLIP d\u00e1va mo\u017enos\u0165 polohova\u0165 n\u00f4\u017e vertik\u00e1lne aj horizont\u00e1lne a umo\u017e\u0148uje pr\u00edstupnej\u0161ie pou\u017eitie pre \u013eav\u00e1kov aj prav\u00e1kov. V\u0161etky tri verzie Satre s\u00fa dod\u00e1van\u00e9 s \u010diernym pl\u00e1\u0161\u0165om. P\u00fa\u0161tna po\u0161va je mo\u017en\u00e9 dok\u00fapi\u0165 ako extra. Full-tang skeletonizovan\u00e1 \u0161trukt\u00fara umo\u017e\u0148uje prisp\u00f4sobenie no\u017ea pomocou Paracordu ako krytu rukov\u00e4te. Satre je k dispoz\u00edcii v troch verzi\u00e1ch s dvoma r\u00f4znymi druhmi ocele: Verzie Black a Stone Washed s\u00fa vyroben\u00e9 z tepelne spracovanej ocele B\u00f6hler N690 na 58 HRC. Tento materi\u00e1l bol vybran\u00fd pre svoju odolnos\u0165 vo\u010di oxid\u00e1cii, pre trvanlivos\u0165 jeho hrany a predov\u0161etk\u00fdm pre svoju rokmi preveren\u00fa spo\u013eahlivos\u0165. Black S600 je namiesto toho vyroben\u00fd z ocele B\u00f6hler S600. T\u00e1to oce\u013e sa pou\u017e\u00edva na v\u00fdrobu z\u00e1mo\u010dn\u00edckych a lisovac\u00edch n\u00e1strojov. M\u00e1 vynikaj\u00face vlastnosti z h\u013eadiska tvrdosti, odolnosti proti opotrebovaniu a h\u00fa\u017eevnatosti v\u010faka pr\u00edtomnosti molybd\u00e9nu, volfr\u00e1mu a v\u00fdznamn\u00e9mu pridaniu van\u00e1du k jeho chemick\u00e9mu zlo\u017eeniu.<\/p>\n<p>Pr\u00edtomnos\u0165 kobaltu stimuluje rast mal\u00fdch rovnomerne rozdelen\u00fdch karbidov, ktor\u00e9 zvy\u0161uj\u00fa odolnos\u0165 proti opotrebovaniu. Satre S600 je tepelne a kryog\u00e9nne spracovan\u00fd, aby z\u00edskal v\u00fdnimo\u010dn\u00fa tvrdos\u0165 64 HRC. V\u010faka tomu je tie\u017e ve\u013emi odoln\u00fd proti opotrebovaniu a poskytuje ostrie trval\u00e9 ostrenie. B\u00f6hler S600 m\u00e1 4,5% chr\u00f3mu, v\u010faka \u010domu je oxidovate\u013en\u00fd. Z tohto d\u00f4vodu si spolo\u010dnos\u0165 Extrema Ratio zvolila nov\u00fa povrchov\u00fa \u00fapravu EXP DARK. Pre svoju extr\u00e9mnu tvrdos\u0165 a odolnos\u0165 proti opotrebovaniu a oderu nie je \u013eahk\u00e9 t\u00fato oce\u013e ostrie\u0165. Odpor\u00fa\u010dame pou\u017e\u00edva\u0165 n\u00e1\u0161 str\u00fahadlo Double Grain Sharpener, aby ste mohli kedyko\u013evek udr\u017ea\u0165 okraj v\u00e1\u0161ho Satre extr\u00e9mne ostr\u00fd.<\/p>\n<p>V\u00c1HA G: 78<br \/>\nHMOTNOS\u0164 OZ.: 2,75<br \/>\nD\u0139\u017dKA \u010cEPE\u013dA (MM): 70<br \/>\nD\u0139\u017dKA \u010cEPELA (IN): 2,75<br \/>\nCELKOV\u00c1 D\u0139\u017dKA (MM): 163<br \/>\nCELKOV\u00c1 D\u0139\u017dKA (V): 6,42<br \/>\nH\u013d\u00daBKA \u010cEPELA (MM): 5<br \/>\nH\u013d\u00daBKA \u010cEPELA (IN): 0,19<br \/>\nMATERI\u00c1L \u010cEPELA: B\u00d6HLER S600 STEEL (64HRC)<br \/>\nPOVRCHOV\u00c1 \u00daPRAVA \u010cEPE\u013dA: EXP DARK<br \/>\nHLAVN\u00c1 MRIE\u017dKA: PLOCH\u00c1<br \/>\nMATERI\u00c1L RUKOV\u00c4TI: B\u00d6HLER S600 STEEL (64HRC)<\/p>\n","protected":false},"excerpt":{"rendered":"<p>Spolo\u010dnos\u0165 Extrema Ratio so s\u00eddlom v talianskom Prate navrhuje a vyr\u00e1ba vysoko v\u00fdkonn\u00e9 bojov\u00e9, vojensk\u00e9, kuchynsk\u00e9, loveck\u00e9 a taktick\u00e9 no\u017ee od roku 1997 a m\u00e1 poves\u0165 vynikaj\u00facej kvality, ktor\u00e1 je v odbore vojensk\u00fdch a taktick\u00fdch no\u017eov neprekonate\u013en\u00e1. Doprava zadarmo.<\/p>\n","protected":false},"featured_media":218946,"comment_status":"open","ping_status":"closed","template":"","meta":[],"pwb-brand":[3198],"product_brand":[],"product_cat":[3186,3187],"product_tag":[3668],"class_list":{"0":"post-228145","1":"product","2":"type-product","3":"status-publish","4":"has-post-thumbnail","6":"pwb-brand-extrema-ratio-sk","7":"product_cat-noze-sk","8":"product_cat-pevne-noze-sk","9":"product_tag-b2b-sk","11":"first","12":"instock","13":"taxable","14":"shipping-taxable","15":"purchasable","16":"product-type-simple"},"brands":[{"id":3198,"name":"Extrema Ratio","slug":"extrema-ratio-sk"}],"_links":{"self":[{"href":"https:\/\/www.moskito.cz\/sk\/wp-json\/wp\/v2\/product\/228145","targetHints":{"allow":["GET"]}}],"collection":[{"href":"https:\/\/www.moskito.cz\/sk\/wp-json\/wp\/v2\/product"}],"about":[{"href":"https:\/\/www.moskito.cz\/sk\/wp-json\/wp\/v2\/types\/product"}],"replies":[{"embeddable":true,"href":"https:\/\/www.moskito.cz\/sk\/wp-json\/wp\/v2\/comments?post=228145"}],"wp:featuredmedia":[{"embeddable":true,"href":"https:\/\/www.moskito.cz\/sk\/wp-json\/wp\/v2\/media\/218946"}],"wp:attachment":[{"href":"https:\/\/www.moskito.cz\/sk\/wp-json\/wp\/v2\/media?parent=228145"}],"wp:term":[{"taxonomy":"pwb-brand","embeddable":true,"href":"https:\/\/www.moskito.cz\/sk\/wp-json\/wp\/v2\/pwb-brand?post=228145"},{"taxonomy":"product_brand","embeddable":true,"href":"https:\/\/www.moskito.cz\/sk\/wp-json\/wp\/v2\/product_brand?post=228145"},{"taxonomy":"product_cat","embeddable":true,"href":"https:\/\/www.moskito.cz\/sk\/wp-json\/wp\/v2\/product_cat?post=228145"},{"taxonomy":"product_tag","embeddable":true,"href":"https:\/\/www.moskito.cz\/sk\/wp-json\/wp\/v2\/product_tag?post=228145"}],"curies":[{"name":"wp","href":"https:\/\/api.w.org\/{rel}","templated":true}]}}