{"id":228146,"date":"2022-07-08T22:20:17","date_gmt":"2022-07-08T21:20:17","guid":{"rendered":"https:\/\/www.moskito.cz\/produkt\/zatvaraci-noz-extrema-ratio-bf2-cd-black-ruvido\/"},"modified":"2025-05-07T10:42:31","modified_gmt":"2025-05-07T09:42:31","slug":"zatvaraci-noz-extrema-ratio-bf2-cd-black-ruvido","status":"publish","type":"product","link":"https:\/\/www.moskito.cz\/sk\/produkt\/zatvaraci-noz-extrema-ratio-bf2-cd-black-ruvido\/","title":{"rendered":"Zatv\u00e1rac\u00ed N\u00f4\u017e Extrema Ratio BF2 CD BLACK RUVIDO"},"content":{"rendered":"<p>Zatv\u00e1rac\u00ed N\u00f4\u017e Extrema Ratio BF2 CD BLACK RUVIDO<\/p>\n<p>BF2 s\u00fa zatv\u00e1racie no\u017ee \u201eFull size\u201c vhodn\u00e9 najm\u00e4 na profesion\u00e1lne pou\u017eitie vojensk\u00fdmi alebo policajn\u00fdmi pracovn\u00edkmi v ter\u00e9ne. Rukov\u00e4\u0165 je pevn\u00e1 a pohodln\u00e1, pri\u010dom obojstrann\u00e1 spona sa st\u00e1va u\u017eito\u010dn\u00fdm a pohodln\u00fdm oporn\u00fdm bodom pre palec pri \u201eobr\u00e1tenom\u201c uchopen\u00ed. Charakteristick\u00e9 zn\u00ed\u017een\u00e9 ploch\u00e9 oblasti v rukov\u00e4ti umo\u017e\u0148uj\u00fa pr\u00edstup k otv\u00e1rac\u00edm \u201ekol\u00edkom\u201c, ktor\u00e9 pri zatvoren\u00ed nevy\u010dnievaj\u00fa z no\u017ea. Ploch\u00e1 \u010depe\u013e je k dispoz\u00edcii v tvare drop-point alebo tant s extra silnou a pevnou \u0161pi\u010dkou (ako pri modeli BF1). Presl\u00e1ven\u00fd syst\u00e9m blokovania \u010depel\u00ed LINER-LOCK je sp\u00e1rovan\u00fd s ru\u010dne aktivovan\u00fdm sekund\u00e1rnym blokovac\u00edm syst\u00e9mom chr\u00e1nen\u00fdm carterom. Dostupn\u00e9 verzie: BF2 CT BLACK, BF2 CT BLACK ROUGH, BF2 CT DESERT WARFARE, BF2 CT STONE WASHED, BF2 BLACK ROUGH CD, BF2 BLACK ROUGH CD, BF2 DESERT WARFARE CD, BF2 CD STONE WASHED.<br \/>\nV\u00c1HA G: 142<br \/>\nHMOTNOS\u0164 OZ.: 5<br \/>\nD\u0139\u017dKA \u010cEPELA (MM): 87<br \/>\nD\u0139\u017dKA \u010cEPELA (IN): 3,4<br \/>\nCELKOV\u00c1 D\u0139\u017dKA (MM): 213<br \/>\nCELKOV\u00c1 D\u0139\u017dKA (IN): 8,4<br \/>\nH\u013d\u00daBKA \u010cEPELA (MM): 3<br \/>\nH\u013d\u00daBKA \u010cEPELA (IN): 0,12<br \/>\nMATERI\u00c1L \u010cEPELA: B\u00d6HLER N690 STEEL (58HRC)<br \/>\nPOVRCHOV\u00c1 \u00daPRAVA NO\u017dA: LEHENIE MIL-C-13924<br \/>\nHLAVN\u00c1 MRIE\u017dKA: PLOCH\u00c1<br \/>\nMATERI\u00c1L RUKOV\u00c4TI: ANTIKOROD\u00c1LNY ELOXOVAN\u00dd HLIN\u00cdK<\/p>\n","protected":false},"excerpt":{"rendered":"<p>Spolo\u010dnos\u0165 Extrema Ratio so s\u00eddlom v talianskom Prate navrhuje a vyr\u00e1ba vysoko v\u00fdkonn\u00e9 bojov\u00e9, vojensk\u00e9, kuchynsk\u00e9, loveck\u00e9 a taktick\u00e9 no\u017ee od roku 1997 a m\u00e1 poves\u0165 vynikaj\u00facej kvality, ktor\u00e1 je v odbore vojensk\u00fdch a taktick\u00fdch no\u017eov neprekonate\u013en\u00e1. Doprava zadarmo.<\/p>\n","protected":false},"featured_media":218877,"comment_status":"open","ping_status":"closed","template":"","meta":[],"pwb-brand":[3198],"product_brand":[],"product_cat":[3186,3233],"product_tag":[3668],"class_list":{"0":"post-228146","1":"product","2":"type-product","3":"status-publish","4":"has-post-thumbnail","6":"pwb-brand-extrema-ratio-sk","7":"product_cat-noze-sk","8":"product_cat-zatvaracie-noze","9":"product_tag-b2b-sk","11":"first","12":"instock","13":"taxable","14":"shipping-taxable","15":"purchasable","16":"product-type-simple"},"brands":[{"id":3198,"name":"Extrema Ratio","slug":"extrema-ratio-sk"}],"_links":{"self":[{"href":"https:\/\/www.moskito.cz\/sk\/wp-json\/wp\/v2\/product\/228146","targetHints":{"allow":["GET"]}}],"collection":[{"href":"https:\/\/www.moskito.cz\/sk\/wp-json\/wp\/v2\/product"}],"about":[{"href":"https:\/\/www.moskito.cz\/sk\/wp-json\/wp\/v2\/types\/product"}],"replies":[{"embeddable":true,"href":"https:\/\/www.moskito.cz\/sk\/wp-json\/wp\/v2\/comments?post=228146"}],"wp:featuredmedia":[{"embeddable":true,"href":"https:\/\/www.moskito.cz\/sk\/wp-json\/wp\/v2\/media\/218877"}],"wp:attachment":[{"href":"https:\/\/www.moskito.cz\/sk\/wp-json\/wp\/v2\/media?parent=228146"}],"wp:term":[{"taxonomy":"pwb-brand","embeddable":true,"href":"https:\/\/www.moskito.cz\/sk\/wp-json\/wp\/v2\/pwb-brand?post=228146"},{"taxonomy":"product_brand","embeddable":true,"href":"https:\/\/www.moskito.cz\/sk\/wp-json\/wp\/v2\/product_brand?post=228146"},{"taxonomy":"product_cat","embeddable":true,"href":"https:\/\/www.moskito.cz\/sk\/wp-json\/wp\/v2\/product_cat?post=228146"},{"taxonomy":"product_tag","embeddable":true,"href":"https:\/\/www.moskito.cz\/sk\/wp-json\/wp\/v2\/product_tag?post=228146"}],"curies":[{"name":"wp","href":"https:\/\/api.w.org\/{rel}","templated":true}]}}