{"id":228148,"date":"2022-07-08T21:37:26","date_gmt":"2022-07-08T20:37:26","guid":{"rendered":"https:\/\/www.moskito.cz\/produkt\/pevny-noz-extrema-ratio-fulcrum-bayonet-e-i\/"},"modified":"2025-05-07T10:42:31","modified_gmt":"2025-05-07T09:42:31","slug":"pevny-noz-extrema-ratio-fulcrum-bayonet-e-i","status":"publish","type":"product","link":"https:\/\/www.moskito.cz\/sk\/produkt\/pevny-noz-extrema-ratio-fulcrum-bayonet-e-i\/","title":{"rendered":"Pevn\u00fd N\u00f4\u017e Extrema Ratio FULCRUM BAYONET E.I."},"content":{"rendered":"<p>Pevn\u00fd N\u00f4\u017e Extrema Ratio FULCRUM BAYONET E.I.<\/p>\n<p>V nadv\u00e4znosti na n\u00e1\u0161 ve\u013emi \u00faspe\u0161n\u00fd n\u00f4\u017e FULCRUM sme v Extrema Ratio vyvinuli bajonetov\u00fa verziu tohto designu. Rovnako ako p\u00f4vodn\u00fd FULCRUM je tento bajonet extr\u00e9mne v\u0161estrann\u00fd a pevn\u00fd, schopn\u00fd unies\u0165 za\u0165a\u017eenie cez 150 kilogramov. \u010cepe\u013e v tvare tanto umo\u017e\u0148uje ve\u013ek\u00e9 mno\u017estvo pr\u00e1ce a opotrebovania, pri\u010dom si st\u00e1le zachov\u00e1va ostr\u00fa hranu na svojej mimoriadne pevnej \u0161pi\u010dke. T\u00e1to vlastnos\u0165 v kombin\u00e1cii s ostr\u00fdm falo\u0161n\u00fdm ostr\u00edm (len pri vojensk\u00fdch verzi\u00e1ch) zais\u0165uje, \u017ee si n\u00f4\u017e zachov\u00e1va dostato\u010dn\u00fa bojov\u00fa priebojnos\u0165, aby mohol zasiahnu\u0165 ciele pokryt\u00e9 \u0165a\u017ek\u00fdm oble\u010den\u00edm, vypch\u00e1vkami alebo m\u00e4kk\u00fdmi balistick\u00fdmi ochranami. \u010cepe\u013e FULCRUM BAYONET je v\u010faka svojej hmotnosti a \u0161pi\u010dkov\u00e9mu vyv\u00e1\u017eeniu vhodn\u00e1 na \u0165a\u017ek\u00fa \u200b\u200bpr\u00e1cu na poli. FULCRUM BAYONET E.I. je verzia dod\u00e1van\u00e1 talianskej arm\u00e1de, s prevodmi a chr\u00e1ni\u010dom \u00edlke pre pu\u0161ku ARX160, \u010dierna rukov\u00e4\u0165, \u010dierne pevn\u00e9 puzdro, softshellov\u00e9 puzdro cordura Camo Italia.<\/p>\n<p>V\u00c1HA G: 385<br \/>\nHMOTNOS\u0164 OZ.: 13,6<br \/>\nD\u0139\u017dKA \u010cEPELA (MM): 180<br \/>\nD\u0139\u017dKA \u010cEPELA (IN): 7.1<br \/>\nCELKOV\u00c1 D\u0139\u017dKA (MM): 309<br \/>\nCELKOV\u00c1 D\u0139\u017dKA (IN): 12,2<br \/>\nH\u013d\u00daBKA \u010cEPELA (MM): 6,3<br \/>\nH\u013d\u00daBKA \u010cEPELA (IN): 0,25<br \/>\n\u010cIASTO\u010cN\u00c9 ZUBY (MM): 40<br \/>\n\u010cIASTO\u010cN\u00c9 ZUBY (IN): 1,6<br \/>\nMATERI\u00c1L \u010cEPELA: B\u00d6HLER N690 STEEL (58HRC)<br \/>\nPOVRCHOV\u00c1 \u00daPRAVA NO\u017dA: LEHENIE MIL-C-13924<br \/>\nHLAVN\u00c1 MRIE\u017dKA: PLOCH\u00c1<br \/>\nMATERI\u00c1L RUKOV\u00c4TI: FORPRENE<\/p>\n","protected":false},"excerpt":{"rendered":"<p>Spolo\u010dnos\u0165 Extrema Ratio so s\u00eddlom v talianskom Prate navrhuje a vyr\u00e1ba vysoko v\u00fdkonn\u00e9 bojov\u00e9, vojensk\u00e9, kuchynsk\u00e9, loveck\u00e9 a taktick\u00e9 no\u017ee od roku 1997 a m\u00e1 poves\u0165 vynikaj\u00facej kvality, ktor\u00e1 je v odbore vojensk\u00fdch a taktick\u00fdch no\u017eov neprekonate\u013en\u00e1. Doprava zadarmo.<\/p>\n","protected":false},"featured_media":218843,"comment_status":"open","ping_status":"closed","template":"","meta":[],"pwb-brand":[3198],"product_brand":[],"product_cat":[3186,3187],"product_tag":[3668],"class_list":{"0":"post-228148","1":"product","2":"type-product","3":"status-publish","4":"has-post-thumbnail","6":"pwb-brand-extrema-ratio-sk","7":"product_cat-noze-sk","8":"product_cat-pevne-noze-sk","9":"product_tag-b2b-sk","11":"first","12":"instock","13":"taxable","14":"shipping-taxable","15":"purchasable","16":"product-type-simple"},"brands":[{"id":3198,"name":"Extrema Ratio","slug":"extrema-ratio-sk"}],"_links":{"self":[{"href":"https:\/\/www.moskito.cz\/sk\/wp-json\/wp\/v2\/product\/228148","targetHints":{"allow":["GET"]}}],"collection":[{"href":"https:\/\/www.moskito.cz\/sk\/wp-json\/wp\/v2\/product"}],"about":[{"href":"https:\/\/www.moskito.cz\/sk\/wp-json\/wp\/v2\/types\/product"}],"replies":[{"embeddable":true,"href":"https:\/\/www.moskito.cz\/sk\/wp-json\/wp\/v2\/comments?post=228148"}],"wp:featuredmedia":[{"embeddable":true,"href":"https:\/\/www.moskito.cz\/sk\/wp-json\/wp\/v2\/media\/218843"}],"wp:attachment":[{"href":"https:\/\/www.moskito.cz\/sk\/wp-json\/wp\/v2\/media?parent=228148"}],"wp:term":[{"taxonomy":"pwb-brand","embeddable":true,"href":"https:\/\/www.moskito.cz\/sk\/wp-json\/wp\/v2\/pwb-brand?post=228148"},{"taxonomy":"product_brand","embeddable":true,"href":"https:\/\/www.moskito.cz\/sk\/wp-json\/wp\/v2\/product_brand?post=228148"},{"taxonomy":"product_cat","embeddable":true,"href":"https:\/\/www.moskito.cz\/sk\/wp-json\/wp\/v2\/product_cat?post=228148"},{"taxonomy":"product_tag","embeddable":true,"href":"https:\/\/www.moskito.cz\/sk\/wp-json\/wp\/v2\/product_tag?post=228148"}],"curies":[{"name":"wp","href":"https:\/\/api.w.org\/{rel}","templated":true}]}}